{"id":4213,"date":"2020-10-27T10:56:05","date_gmt":"2020-10-27T09:56:05","guid":{"rendered":"https:\/\/cycling.hutchinson.com\/?page_id=4213"},"modified":"2021-02-12T00:06:52","modified_gmt":"2021-02-11T23:06:52","slug":"termini-e-condizioni-di-utilizzo","status":"publish","type":"page","link":"https:\/\/cycling.hutchinson.com\/it\/termini-e-condizioni-di-utilizzo\/","title":{"rendered":"Termini e Condizioni di utilizzo"},"content":{"rendered":"<p>Benvenuti nel sito <a href=\"https:\/\/cycling.hutchinson.com\/it\/\">cycling.hutchinson.com<\/a>. Collegandosi o utilizzando il nostro sito web, l&#8217;utente riconosce di aver letto, compreso e accettato, senza limitazioni o riserve, le presenti Condizioni generali di utilizzo e la nostra <a href=\"https:\/\/cycling.hutchinson.com\/it\/privacy-e-cookies-policy\/\">Informativa sulla privacy e cookie<\/a>. Notare che se si visitano altri siti del gruppo Hutchinson, su tali siti sono applicabili altre condizioni generali e informative sulla privacy e cookie e si consiglia di consultarle.<\/p>\n<p>1. Identit\u00e0<br \/>\nSociet\u00e0 che pubblica il sito web, di seguito la &#8220;Societ\u00e0&#8221;:<br \/>\nHUTCHINSON<br \/>\nSede centrale: 2 rue Balzac, 75008 Parigi<br \/>\nTipo di societ\u00e0: Societ\u00e0 anonima<br \/>\nCapitale: 52.947.648 euro<br \/>\nRegistro del Commercio e delle Imprese di Parigi: 542 051 826<br \/>\nNumero di partita IVA : FR57542051826<br \/>\nE-mail: cycling.contact@hutchinson.com<br \/>\nTelefono: + 33 (0)1 40 89 53 31<br \/>\nDirettore di pubblicazione: Sylvie Woroniecki, Responsabile delle comunicazioni globali<\/p>\n<p>Progettazione tecnica e sviluppo del sito web:<br \/>\nNOUVODUO<br \/>\nSociet\u00e0 a responsabilit\u00e0 limitata con un capitale di 8.000 euro, con sede legale in 44, avenue du Capitaine Glarner, 93400 Saint-Ouen (Francia), iscritta al Registro del Commercio e delle Societ\u00e0 di Bobigny con il numero 480 278 852<br \/>\nTelefono: + 33 (0)1 40 12 06 69<\/p>\n<p>Hosting del sito web:<br \/>\nGANDI<br \/>\nSociet\u00e0 per azioni semplificata con un capitale di 2.300.000 euro, con sede legale in 63-65 Boulevard Mass\u00e9na 75013 Parigi, iscritta al Registro del Commercio e delle Societ\u00e0 di Parigi con il numero 423 093 459<br \/>\nTelefono: 01 70 37 76 61<\/p>\n<p>Le societ\u00e0 del gruppo Hutchinson hanno una propria esistenza giuridica e una personalit\u00e0 giuridica autonoma. La societ\u00e0 che ha creato il presente sito web appartiene al Gruppo Hutchinson. I termini &#8220;Hutchinson&#8221; e &#8220;il gruppo Hutchinson&#8221; sono talvolta utilizzati per motivi pratici e si riferiscono in generale a HUTCHINSON S.A. (la holding) e\/o le sue controllate. Analogamente, i termini &#8220;noi&#8221;, &#8220;nostro&#8221; e &#8220;ci&#8221; si riferiscono alla Societ\u00e0 o a qualsiasi altra societ\u00e0 del gruppo Hutchinson in generale. Nessuna implicazione di HUTCHINSON S.A., n\u00e9 di una delle sue filiali nell&#8217;attivit\u00e0 o nella gestione di un&#8217;altra societ\u00e0 del gruppo Hutchinson pu\u00f2 essere dedotta dal semplice uso di queste espressioni.<\/p>\n<p>2. Informazioni sulle attivit\u00e0<br \/>\nLa Societ\u00e0 ha messo online il presente sito web per presentare alcune delle attivit\u00e0 della Societ\u00e0 e, se del caso, altre attivit\u00e0 del gruppo Hutchinson. Le informazioni sono fornite come informazioni generali, senza alcuna garanzia di idoneit\u00e0 per uno scopo particolare. La Societ\u00e0 pu\u00f2 modificarle, aggiornarle in qualsiasi momento e senza preavviso.<\/p>\n<p>3. Propriet\u00e0 intellettuale<br \/>\n3.1. Principio. Tutte le informazioni o i documenti (testi, immagini, animati e non, banche dati, suoni, foto, know-how, prodotti menzionati) contenuti nel sito web, cos\u00ec come tutti gli elementi creati per il sito e la sua struttura generale, sono di propriet\u00e0 della Societ\u00e0 o del gruppo Hutchinson, o sono soggetti a diritti di utilizzo, riproduzione e rappresentazione concessi a quest&#8217;ultimo. Tali informazioni, documenti o elementi sono soggetti alle leggi sul diritto d&#8217;autore non appena sono resi disponibili al pubblico su questo sito web. Non viene concessa a nessuno alcuna licenza, n\u00e9 alcun diritto, se non quello di consultare il sito web, per quanto riguarda i diritti di propriet\u00e0 intellettuale. La riproduzione dei documenti del sito web \u00e8 autorizzata a scopo informativo esclusivo per uso personale e privato. Qualsiasi riproduzione e qualsiasi uso di copie effettuate per altri scopi \u00e8 espressamente vietata e soggetta alla previa ed espressa autorizzazione della Societ\u00e0. In ogni caso, la riproduzione autorizzata delle informazioni contenute in questo sito web deve indicare la fonte e la menzione della propriet\u00e0 appropriata.<\/p>\n<p>3.2. Segni distintivi. Se non diversamente specificato, i nomi delle societ\u00e0, i loghi, i prodotti e i marchi citati in questo sito web sono di propriet\u00e0 della Societ\u00e0 o del gruppo Hutchinson, o sono soggetti a diritti di utilizzo, riproduzione o rappresentazione che sono stati loro concessi. Non possono essere utilizzati senza il previo consenso scritto della Societ\u00e0.<\/p>\n<p>4. Impegno dell&#8217;utente<br \/>\n4.1. Ogni utente del sito web che fornisce informazioni concede alla Societ\u00e0 tutti i diritti trasferibili su tali informazioni e autorizza la Societ\u00e0 a farne uso. Le informazioni cos\u00ec fornite dagli utenti saranno considerate non confidenziali. Tuttavia, quando le informazioni fornite sono dati personali ai sensi della legge applicabile, sono trattate in conformit\u00e0 con l\u2019<a href=\"https:\/\/cycling.hutchinson.com\/it\/privacy-e-cookies-policy\/\">Informativa sulla privacy e cookie<\/a> applicabile a questo sito web.<\/p>\n<p>4.2. Ogni utente del sito web dichiara di rispettare le presenti Condizioni generali di utilizzo e le leggi in vigore, in particolare:<br \/>\n&#8211; ha le competenze e i mezzi necessari per accedere e utilizzare il sito web;<br \/>\n&#8211; ha verificato che la configurazione del computer utilizzato non contenga alcun virus e che sia in perfetto stato di funzionamento;<br \/>\n&#8211; d\u00e0 il consenso alla Societ\u00e0 e ai suoi partner, se del caso, il diritto di fare qualsiasi uso delle informazioni fornite (ad eccezione dei dati personali);<br \/>\n&#8211; Nelle aree di commento libero, l\u2019utente si impegna a scrivere commenti oggettivi che non siano mai eccessivi o offensivi, escludendo i dati considerati sensibili (ad esempio, origine etnica, opinioni politiche, filosofiche o religiose, ecc);<br \/>\n&#8211; deve mantenere la riservatezza e quindi essere responsabile dell&#8217;uso e della sicurezza dei codici di accesso e delle password che la Societ\u00e0 pu\u00f2 trasmettere all&#8217;utente per accedere ad alcune sezioni. La Societ\u00e0 si riserva il diritto di sospendere l&#8217;accesso dell&#8217;utente al sito web in caso di utilizzo fraudolento o di tentativo di utilizzo fraudolento di tale accesso.<\/p>\n<p>5. Link ipertestuali<br \/>\n5.1. Attivazione dei link. La Societ\u00e0 declina formalmente ogni responsabilit\u00e0 per i contenuti dei siti ai quali offre link. Questi link sono proposti agli utenti di questo sito web. Consultare i termini e le condizioni generali e l\u2019Informativa sulla privacy e cookie di questi siti al fine di comprendere le loro pratiche. La decisione di attivare i link \u00e8 di esclusiva competenza degli utenti del sito. La Societ\u00e0 pu\u00f2 modificare o rimuovere un link sul nostro sito web in qualsiasi momento.<\/p>\n<p>5.2. Autorizzazione dei link. Se si desidera creare un collegamento ipertestuale con il presente sito web, \u00e8 necessario ottenere la previa autorizzazione scritta della Societ\u00e0 utilizzando i dati di contatto indicati alla fine del presente documento.<\/p>\n<p>6. Avvertenze<br \/>\n6.1. Le informazioni e le raccomandazioni disponibili su questo sito web (&#8220;Informazioni&#8221;) sono offerte in buona fede. Si suppone che siano corrette nel momento in cui vengono pubblicate sul sito. Tuttavia, la Societ\u00e0 non garantisce la completezza e l&#8217;accuratezza di queste informazioni. L\u2019utente si assume pienamente i rischi associati al credito che concede loro. Le presenti Informazioni vengono fornite a condizione che l\u2019utente o qualsiasi altra persona che le riceva possa determinare la loro rilevanza per uno scopo particolare prima di utilizzarle. In nessun caso la Societ\u00e0 sar\u00e0 responsabile per eventuali danni che possano derivare dall&#8217;affidamento o dall&#8217;uso di queste informazioni. Le presenti Informazioni non devono essere interpretate come raccomandazioni per l&#8217;utilizzo di informazioni, prodotti, procedure, attrezzature o formulazioni in conflitto con brevetti, copyright o marchi di fabbrica. La Societ\u00e0 declina ogni responsabilit\u00e0, espressa o implicita, nel caso in cui l&#8217;uso di queste informazioni possa violare qualsiasi brevetto, copyright o marchio di fabbrica.<\/p>\n<p>La Societ\u00e0, e qualsiasi societ\u00e0 del gruppo Hutchinson rifiuta categoricamente qualsiasi interpretazione che cerchi di assimilare il contenuto dei suoi siti web con offerte di acquisto o incentivi all&#8217;acquisto di azioni o altri titoli, quotati o non quotati, della Societ\u00e0 o di qualsiasi altra societ\u00e0 del gruppo Hutchinson. Non viene fornita alcuna garanzia, esplicita o implicita, in merito alla commerciabilit\u00e0 o all&#8217;idoneit\u00e0 per uno scopo particolare delle Informazioni fornite, n\u00e9 in relazione ai prodotti a cui si fa riferimento in tali Informazioni. In nessun caso la Societ\u00e0 si impegna ad aggiornare o correggere le Informazioni che saranno diffuse su Internet o sui propri server web. La Societ\u00e0 si riserva il diritto di modificare o correggere il contenuto dei suoi siti in qualsiasi momento senza preavviso.<br \/>\n6.2. La Societ\u00e0 non garantisce, senza che questo elenco sia esaustivo, che il sito web funzioni senza interruzioni e che i server che vi accedono e\/o i siti di terze parti per i quali compaiono collegamenti ipertestuali non contengano virus.<\/p>\n<p>7. Aggiornamenti delle condizioni di utilizzo del sito web e della legge applicabile<br \/>\nL&#8217;editore del sito web pu\u00f2 aggiornare le presenti Condizioni generali di utilizzo del sito web in qualsiasi momento. Di conseguenza, l&#8217;Utente \u00e8 invitato a consultare regolarmente le ultime CGU in vigore disponibili sul Sito.<\/p>\n<p>Qualora una o pi\u00f9 disposizioni delle Condizioni generali di utilizzo si rivelassero inapplicabili o vietate in virt\u00f9 di un regolamento di ordine pubblico, le altre disposizioni delle Condizioni generali di utilizzo non interessate rimarranno applicabili all&#8217;Utente nella misura consentita dal presente regolamento.<\/p>\n<p>Le Condizioni generali di utilizzo sono soggette al diritto francese e sono di competenza dei tribunali francesi competenti.<\/p>\n<p>8. Dati di contatto<br \/>\nPer qualsiasi domanda relativa alle condizioni di utilizzo del sito web, contattaci via e-mail al seguente indirizzo <a href=\"mailto:cycling.contact@hutchinson.com\">cycling.contact@hutchinson.com<\/a> o per posta al seguente indirizzo Hutchinson Cycling Department &#8211; Comunicazione 61, rue Marius Aufan &#8211; 92300 Levallois Perret (Francia).<\/p>\n<p>Crediti fotografici e video:<br \/>\n\u2022 Hutchinson<br \/>\n\u2022 Diedre Design<br \/>\n\u2022 Lauriane Miara<br \/>\n\u2022 Blackballoon<br \/>\n\u2022 David &amp; Douglas<br \/>\n\u2022 Lepresti<br \/>\n\u2022 TDG photography<br \/>\n\u2022 Pierre Henni<\/p>\n","protected":false},"excerpt":{"rendered":"<p>Benvenuti nel sito cycling.hutchinson.com. Collegandosi o utilizzando il nostro sito web, l&#8217;utente riconosce di aver letto, compreso e accettato, senza limitazioni o riserve, le presenti Condizioni generali di utilizzo e la nostra Informativa sulla privacy e cookie. Notare che se si visitano altri siti del gruppo Hutchinson, su tali siti sono applicabili altre condizioni generali [&hellip;]<\/p>\n","protected":false},"author":5,"featured_media":0,"parent":0,"menu_order":0,"comment_status":"closed","ping_status":"open","template":"","meta":{"inline_featured_image":false,"footnotes":""},"class_list":["post-4213","page","type-page","status-publish","hentry"],"yoast_head":"<!-- This site is optimized with the Yoast SEO plugin v26.1.1 - https:\/\/yoast.com\/wordpress\/plugins\/seo\/ -->\n<title>Termini e Condizioni di utilizzo - Hutchinson Cycling<\/title>\n<meta name=\"robots\" content=\"index, follow, max-snippet:-1, max-image-preview:large, max-video-preview:-1\" \/>\n<link rel=\"canonical\" href=\"https:\/\/cycling.hutchinson.com\/it\/terms-and-conditions-of-use\/\" \/>\n<meta property=\"og:locale\" content=\"it_IT\" \/>\n<meta property=\"og:type\" content=\"article\" \/>\n<meta property=\"og:title\" content=\"Termini e Condizioni di utilizzo - Hutchinson Cycling\" \/>\n<meta property=\"og:description\" content=\"Benvenuti nel sito cycling.hutchinson.com. Collegandosi o utilizzando il nostro sito web, l&#8217;utente riconosce di aver letto, compreso e accettato, senza limitazioni o riserve, le presenti Condizioni generali di utilizzo e la nostra Informativa sulla privacy e cookie. Notare che se si visitano altri siti del gruppo Hutchinson, su tali siti sono applicabili altre condizioni generali [&hellip;]\" \/>\n<meta property=\"og:url\" content=\"https:\/\/cycling.hutchinson.com\/terms-and-conditions-of-use\/\" \/>\n<meta property=\"og:site_name\" content=\"Hutchinson Cycling\" \/>\n<meta property=\"article:modified_time\" content=\"2021-02-11T23:06:52+00:00\" \/>\n<meta name=\"twitter:card\" content=\"summary_large_image\" \/>\n<meta name=\"twitter:label1\" content=\"Est. reading time\" \/>\n\t<meta name=\"twitter:data1\" content=\"7 minutes\" \/>\n<script type=\"application\/ld+json\" class=\"yoast-schema-graph\">{\"@context\":\"https:\/\/schema.org\",\"@graph\":[{\"@type\":\"WebPage\",\"@id\":\"https:\/\/cycling.hutchinson.com\/terms-and-conditions-of-use\/\",\"url\":\"https:\/\/cycling.hutchinson.com\/terms-and-conditions-of-use\/\",\"name\":\"Termini e Condizioni di utilizzo - Hutchinson Cycling\",\"isPartOf\":{\"@id\":\"https:\/\/cycling.hutchinson.com\/#website\"},\"datePublished\":\"2020-10-27T09:56:05+00:00\",\"dateModified\":\"2021-02-11T23:06:52+00:00\",\"breadcrumb\":{\"@id\":\"https:\/\/cycling.hutchinson.com\/terms-and-conditions-of-use\/#breadcrumb\"},\"inLanguage\":\"it-IT\",\"potentialAction\":[{\"@type\":\"ReadAction\",\"target\":[\"https:\/\/cycling.hutchinson.com\/terms-and-conditions-of-use\/\"]}]},{\"@type\":\"BreadcrumbList\",\"@id\":\"https:\/\/cycling.hutchinson.com\/terms-and-conditions-of-use\/#breadcrumb\",\"itemListElement\":[{\"@type\":\"ListItem\",\"position\":1,\"name\":\"Home\",\"item\":\"https:\/\/cycling.hutchinson.com\/it\/\"},{\"@type\":\"ListItem\",\"position\":2,\"name\":\"Termini e Condizioni di utilizzo\"}]},{\"@type\":\"WebSite\",\"@id\":\"https:\/\/cycling.hutchinson.com\/#website\",\"url\":\"https:\/\/cycling.hutchinson.com\/\",\"name\":\"Hutchinson Cycling\",\"description\":\"Ride Your Own Story - Hutchinson Cycling\",\"potentialAction\":[{\"@type\":\"SearchAction\",\"target\":{\"@type\":\"EntryPoint\",\"urlTemplate\":\"https:\/\/cycling.hutchinson.com\/?s={search_term_string}\"},\"query-input\":{\"@type\":\"PropertyValueSpecification\",\"valueRequired\":true,\"valueName\":\"search_term_string\"}}],\"inLanguage\":\"it-IT\"}]}<\/script>\n<!-- \/ Yoast SEO plugin. -->","yoast_head_json":{"title":"Termini e Condizioni di utilizzo - Hutchinson Cycling","robots":{"index":"index","follow":"follow","max-snippet":"max-snippet:-1","max-image-preview":"max-image-preview:large","max-video-preview":"max-video-preview:-1"},"canonical":"https:\/\/cycling.hutchinson.com\/it\/terms-and-conditions-of-use\/","og_locale":"it_IT","og_type":"article","og_title":"Termini e Condizioni di utilizzo - Hutchinson Cycling","og_description":"Benvenuti nel sito cycling.hutchinson.com. Collegandosi o utilizzando il nostro sito web, l&#8217;utente riconosce di aver letto, compreso e accettato, senza limitazioni o riserve, le presenti Condizioni generali di utilizzo e la nostra Informativa sulla privacy e cookie. Notare che se si visitano altri siti del gruppo Hutchinson, su tali siti sono applicabili altre condizioni generali [&hellip;]","og_url":"https:\/\/cycling.hutchinson.com\/terms-and-conditions-of-use\/","og_site_name":"Hutchinson Cycling","article_modified_time":"2021-02-11T23:06:52+00:00","twitter_card":"summary_large_image","twitter_misc":{"Est. reading time":"7 minutes"},"schema":{"@context":"https:\/\/schema.org","@graph":[{"@type":"WebPage","@id":"https:\/\/cycling.hutchinson.com\/terms-and-conditions-of-use\/","url":"https:\/\/cycling.hutchinson.com\/terms-and-conditions-of-use\/","name":"Termini e Condizioni di utilizzo - Hutchinson Cycling","isPartOf":{"@id":"https:\/\/cycling.hutchinson.com\/#website"},"datePublished":"2020-10-27T09:56:05+00:00","dateModified":"2021-02-11T23:06:52+00:00","breadcrumb":{"@id":"https:\/\/cycling.hutchinson.com\/terms-and-conditions-of-use\/#breadcrumb"},"inLanguage":"it-IT","potentialAction":[{"@type":"ReadAction","target":["https:\/\/cycling.hutchinson.com\/terms-and-conditions-of-use\/"]}]},{"@type":"BreadcrumbList","@id":"https:\/\/cycling.hutchinson.com\/terms-and-conditions-of-use\/#breadcrumb","itemListElement":[{"@type":"ListItem","position":1,"name":"Home","item":"https:\/\/cycling.hutchinson.com\/it\/"},{"@type":"ListItem","position":2,"name":"Termini e Condizioni di utilizzo"}]},{"@type":"WebSite","@id":"https:\/\/cycling.hutchinson.com\/#website","url":"https:\/\/cycling.hutchinson.com\/","name":"Hutchinson Cycling","description":"Ride Your Own Story - Hutchinson Cycling","potentialAction":[{"@type":"SearchAction","target":{"@type":"EntryPoint","urlTemplate":"https:\/\/cycling.hutchinson.com\/?s={search_term_string}"},"query-input":{"@type":"PropertyValueSpecification","valueRequired":true,"valueName":"search_term_string"}}],"inLanguage":"it-IT"}]}},"_links":{"self":[{"href":"https:\/\/cycling.hutchinson.com\/it\/wp-json\/wp\/v2\/pages\/4213\/"}],"collection":[{"href":"https:\/\/cycling.hutchinson.com\/it\/wp-json\/wp\/v2\/pages\/"}],"about":[{"href":"https:\/\/cycling.hutchinson.com\/it\/wp-json\/wp\/v2\/types\/page\/"}],"author":[{"embeddable":true,"href":"https:\/\/cycling.hutchinson.com\/it\/wp-json\/wp\/v2\/users\/5\/"}],"replies":[{"embeddable":true,"href":"https:\/\/cycling.hutchinson.com\/it\/wp-json\/wp\/v2\/comments\/?post=4213"}],"version-history":[{"count":8,"href":"https:\/\/cycling.hutchinson.com\/it\/wp-json\/wp\/v2\/pages\/4213\/revisions\/"}],"predecessor-version":[{"id":9356,"href":"https:\/\/cycling.hutchinson.com\/it\/wp-json\/wp\/v2\/pages\/4213\/revisions\/9356\/"}],"wp:attachment":[{"href":"https:\/\/cycling.hutchinson.com\/it\/wp-json\/wp\/v2\/media\/?parent=4213"}],"curies":[{"name":"wp","href":"https:\/\/api.w.org\/{rel}","templated":true}]}}