{"id":4023,"date":"2020-11-26T12:42:19","date_gmt":"2020-11-26T11:42:19","guid":{"rendered":"https:\/\/cycling.hutchinson.com\/?page_id=4023"},"modified":"2026-02-09T16:33:51","modified_gmt":"2026-02-09T15:33:51","slug":"privacy-e-cookies-policy","status":"publish","type":"page","link":"https:\/\/cycling.hutchinson.com\/it\/privacy-e-cookies-policy\/","title":{"rendered":"Informativa sulla privacy e cookies"},"content":{"rendered":"<p>Benvenuti nel sito <a href=\"https:\/\/cycling.hutchinson.com\/it\/\">cycling.hutchinson.com<\/a>. Collegandosi o consultando il sito web, l&#8217;utente riconosce di aver letto, compreso e accettato, senza limitazioni o riserve, la presente Informativa sulla privacy e cookie (di seguito l\u2019&#8221;Informativa&#8221;) e le nostre Condizioni generali di utilizzo. Notare che altri termini e condizioni generali e le Informative sulla privacy e cookie si applicano ad altri siti del gruppo Hutchinson e si consiglia di consultarli attentamente.<\/p>\n<p>Lo scopo dell\u2019Informativa \u00e8 quello di informare l\u2019utente dei diritti e delle libert\u00e0 che pu\u00f2 far valere in relazione al nostro utilizzo dei suoi dati personali e descrive le misure che adottiamo per proteggerli.<\/p>\n<p>Hutchinson, societ\u00e0 anonima con un capitale sociale di 52.947.648 euro, con sede legale in rue Balzac 75008 Parigi 2, iscritta al Registro del Commercio e delle Societ\u00e0 di Parigi con il numero 542 051 826, \u00e8 il &#8220;titolare del trattamento&#8221; dei dati personali relativi alla gestione del sito web. Tale trattamento deve essere effettuato in conformit\u00e0 alla legge applicabile.<\/p>\n<p><strong>1. Scopo, base per il trattamento dei dati raccolti e periodo di conservazione<\/strong><\/p>\n<p>\u00c8 probabile che tu ci fornisca una certa quantit\u00e0 di dati personali come il tuo cognome, nome e indirizzo e-mail, al fine di rispondere alla tua richiesta di informazioni sui nostri prodotti e \/ o servizi, per fornirti le informazioni e \/ o i servizi richiesti.<\/p>\n<p>Inoltre, se hai acconsentito, i tuoi dati personali (indirizzo e-mail) potranno essere utilizzati per inviarti le nostre newsletter. Tieni presente che puoi utilizzare il link di annullamento dell&#8217;iscrizione integrato in ogni newsletter in qualsiasi momento.<\/p>\n<p><strong>Il trattamento dei tuoi dati personali si basa sul tuo consenso tramite il modulo di contatto attraverso il quale ci contatti sul nostro sito web<\/strong>. Tali informazioni sono necessarie per consentirci di elaborare la richiesta dell\u2019utente, altrimenti non potranno essere elaborate. L&#8217;utente pu\u00f2 revocare il proprio consenso in qualsiasi momento senza che ci\u00f2 metta in discussione il trattamento o i trattamenti effettuati in precedenza, scrivendo al seguente indirizzo e-mail: <a href=\"mailto:data.protection@hutchinson.com\">data.protection@hutchinson.com<\/a>.<\/p>\n<p>Nel nostro modulo online i campi obbligatori sono contrassegnati da un asterisco. Se le domande obbligatorie non trovano risposta, non saremo in grado di fornire all\u2019utente il servizio o i servizi richiesti.<\/p>\n<p>I dati personali non saranno ulteriormente trattati in modo incompatibile con le finalit\u00e0 descritte di seguito o nei moduli di raccolta.<\/p>\n<p>I dati sono conservati per il tempo necessario allo scopo di ogni operazione di trattamento come indicato di seguito:<\/p>\n<table class=\"center\" style=\"height: 187px;\" border=\"1\" width=\"617\" cellspacing=\"12\" cellpadding=\"20\" align=\"center\">\n<tbody>\n<tr>\n<td width=\"302\"><strong><em>Scopo del trattamento<\/em><\/strong><\/td>\n<td width=\"302\"><strong><em>Durata di conservazione<\/em><\/strong><\/td>\n<\/tr>\n<tr>\n<td width=\"302\"><em><u>Trattamento n\u00b01<\/u><\/em>: trattamento della richiesta di contatto<\/td>\n<td width=\"302\">3 mesi<\/td>\n<\/tr>\n<tr>\n<td width=\"302\"><em><u>Trattamento n\u00b02<\/u><\/em>: gestione dell&#8217;invio di newsletter (email, data di iscrizione, statistiche relative al servizio)<\/td>\n<td width=\"302\">&#8211; purch\u00e9 non si annulli l&#8217;iscrizione (tramite il link di annullamento dell&#8217;iscrizione integrato nelle newsletter).<\/td>\n<\/tr>\n<\/tbody>\n<\/table>\n<p>&nbsp;<\/p>\n<p><strong>2. Destinatari dei dati<\/strong><\/p>\n<p>Per soddisfare le finalit\u00e0 di cui sopra, i dati personali dell\u2019utente sono trasmessi alle societ\u00e0 del gruppo HUTCHINSON, nonch\u00e9 alla societ\u00e0 francese NOUVODUO, sviluppatrice del sito web e responsabile della sua manutenzione, e alla societ\u00e0 francese GANDI, che ospita i dati personali dell\u2019utente. I dati personali dell\u2019utente sono ospitati su server situati in Francia.<\/p>\n<p>Per quanto riguarda le newsletter, il tuo indirizzo email viene inviato alla societ\u00e0 francese SARBACANE, responsabile della corrispondenza.<\/p>\n<p><strong>3. Trasferimenti di dati <\/strong><\/p>\n<p>Qualsiasi trasferimento di dati verso un paese terzo al di fuori dello Spazio Economico Europeo viene effettuato in conformit\u00e0 alle normative vigenti e in modo da garantire un&#8217;adeguata protezione dei dati.<\/p>\n<p>Nell&#8217;ambito dei servizi forniti sul sito, i dati relativi a cognome, nome e indirizzo e-mail possono essere trasferiti alle entit\u00e0 del Gruppo HUTCHINSON con sede al di fuori dello Spazio Economico Europeo. A tal fine, il Gruppo HUTCHINSON ha adottato delle regole aziendali vincolanti (BCR) applicabili a tutte le entit\u00e0 del gruppo per disciplinare i trasferimenti intragruppo dei dati personali dell\u2019utente al di fuori dell&#8217;Unione Europea.<\/p>\n<p>Se l\u2019utente desidera maggiori informazioni sulle nostre BCR fare clic <a href=\"https:\/\/cycling.hutchinson.com\/it\/binding-corporate-rules\/\">qui<\/a>. Per informazioni su altre misure messe in atto per garantire una protezione adeguata, scrivere all&#8217;indirizzo di contatto indicato di seguito.<\/p>\n<p><strong>4. Sicurezza e riservatezza dei dati <\/strong><\/p>\n<p>Il responsabile del trattamento attua misure idonee a preservare la sicurezza e la riservatezza dei dati personali dell\u2019utente e, in particolare, ad evitare che essi siano distorti, danneggiati o consultati da terzi non autorizzati.<\/p>\n<p><strong>5. Gestione dei cookie <\/strong><\/p>\n<p>Un cookie \u00e8 un file che ci permette di registrare informazioni sulla navigazione dell\u2019utente e di facilitarla su cycling.hutchinson.com.<\/p>\n<p>I cookie sono file di testo che vengono depositati sul terminale dell\u2019utente.\u00a0Essi forniscono l&#8217;accesso a varie informazioni sull\u2019utente. Alcuni di essi appartengono all&#8217;editore del sito, altri a operatori terzi.<\/p>\n<p>La tabella qui di seguito fornisce una visione dettagliata di ogni cookie\/tracciante.<\/p>\n<p>Attiviamo i cookie e altri traccianti una volta che l\u2019utente ha dato il proprio consenso, ad eccezione dei cookie e dei traccianti tecnici che sono essenziali per la fornitura del servizio richiesto su cycling.hutchinson.com.<\/p>\n<p><strong>Quali cookie sono installati?<\/strong><\/p>\n<ul>\n<li><strong><em>Cookie offerti da HUTCHINSON sul sito web<\/em><\/strong><\/li>\n<\/ul>\n<table class=\"center\" border=\"1\" width=\"642\" cellspacing=\"12\" cellpadding=\"20\" align=\"center\">\n<tbody>\n<tr>\n<td width=\"151\"><strong>Editore di Cookie<\/strong><\/td>\n<td width=\"151\"><strong>Descrizione<\/strong><\/td>\n<td width=\"151\"><strong>Come \u00e8 possibile rifiutare?<\/strong><\/td>\n<td width=\"151\"><strong>Durata<\/strong><\/td>\n<\/tr>\n<tr>\n<td width=\"151\"><strong>Cookie tecnici <\/strong>(WordPress)<\/td>\n<td width=\"151\">Contiene informazioni sulla sessione di navigazione, consente all&#8217;utente di accedere al sito<\/td>\n<td width=\"151\">Impossibile, sono essenziali per il funzionamento del sito<\/td>\n<td width=\"151\">Cancellato alla fine della navigazione<\/td>\n<\/tr>\n<tr>\n<td width=\"151\"><strong>Cookie tecnici <\/strong>(Consent cookie)<\/td>\n<td width=\"151\">Consente all&#8217;Utente di configurare cookie che non sono essenziali per il funzionamento del sito<\/td>\n<td width=\"151\">Indispensabile per rispettare le normative europee (GDPR).<\/td>\n<td width=\"151\">13 mesi<\/td>\n<\/tr>\n<\/tbody>\n<\/table>\n<ul>\n<li><strong><em>Cookie offerti da terzi<\/em><\/strong><\/li>\n<\/ul>\n<table class=\"center\" border=\"1\" width=\"642\" cellspacing=\"12\" cellpadding=\"20\" align=\"center\">\n<tbody>\n<tr>\n<td width=\"178\"><strong>Editore di Cookie<\/strong><\/td>\n<td width=\"143\"><strong>Descrizione<\/strong><\/td>\n<td width=\"143\"><strong>Come \u00e8 possibile rifiutare?<\/strong><\/td>\n<td width=\"140\"><strong>Durata<\/strong><\/td>\n<\/tr>\n<tr>\n<td width=\"178\"><strong>Cookie per fini di marketing:<\/strong><\/p>\n<p>Instagram<\/td>\n<td width=\"143\">Consente all&#8217;Utente di commentare i post di Instagram<\/td>\n<td width=\"143\">Cookie banner + vedere qui di seguito<\/td>\n<td width=\"140\">13 mesi<\/td>\n<\/tr>\n<tr>\n<td width=\"178\"><strong>Cookie per fini di marketing:<\/strong><\/p>\n<p>scald_youtube_consent<\/td>\n<td width=\"143\">Consente all&#8217;Utente di guardare i video ospitati su YouTube<\/td>\n<td width=\"143\">Cookie banner + vedere qui di seguito<\/td>\n<td width=\"140\">13 mesi<\/td>\n<\/tr>\n<tr>\n<td width=\"178\"><strong>Cookies Google.com:<\/strong><\/p>\n<p>Google maps<\/td>\n<td width=\"143\">Consente all&#8217;Utente di accedere a una mappa dei rivenditori HUTCHINSON per trovare punti vendita vicino a casa sua<\/td>\n<td width=\"143\">Cookie banner + vedere qui di seguito<\/td>\n<td width=\"140\">2 anni<\/td>\n<\/tr>\n<\/tbody>\n<\/table>\n<p><strong><em>\u00a0<\/em><\/strong><\/p>\n<ul>\n<li><strong><em>Cookie di statistica<\/em><\/strong><\/li>\n<\/ul>\n<table class=\"center\" border=\"1\" width=\"642\" cellspacing=\"12\" cellpadding=\"20\" align=\"center\">\n<tbody>\n<tr>\n<td width=\"151\"><strong>Editore di Cookie<\/strong><\/td>\n<td width=\"170\"><strong>Descrizione<\/strong><\/td>\n<td width=\"151\"><strong>Come \u00e8 possibile rifiutare?<\/strong><\/td>\n<td width=\"132\"><strong>Durata<\/strong><\/td>\n<\/tr>\n<tr>\n<td width=\"151\"><strong>Piano Analytics (_ga)<\/strong><\/td>\n<td width=\"170\">Misurazione dell&#8217;audience del sito web, compilazione di statistiche, determinazione del comportamento dell&#8217;utente Internet sul nostro sito web<\/td>\n<td width=\"151\">Cookie banner + vedere qui di seguito<\/td>\n<td width=\"132\">13 mesi<\/td>\n<\/tr>\n<tr>\n<td width=\"151\"><strong>Piano Analytics (_gat)<\/strong><\/td>\n<td width=\"170\">Utilizzato per ridurre drasticamente il tasso di interrogazione di Google Analytics<\/td>\n<td width=\"151\">Cookie banner + vedere qui di seguito<\/td>\n<td width=\"132\">Cancellato alla fine della navigazione<\/td>\n<\/tr>\n<tr>\n<td width=\"151\"><strong>Piano Analytics (_gid)<\/strong><\/td>\n<td width=\"170\">Genera dati statistici sull&#8217;utilizzo del sito web da parte dell&#8217;utente<\/td>\n<td width=\"151\">Cookie banner + vedere qui di seguito<\/td>\n<td width=\"132\">1 giorno<\/td>\n<\/tr>\n<\/tbody>\n<\/table>\n<p>&nbsp;<\/p>\n<p><strong>Come si ritira il consenso?<\/strong><\/p>\n<p>Durante il primo collegamento a <a href=\"http:\/\/cycling.hutchinson.com\">cycling.hutchinson.com<\/a> \u00a0l\u2019utente d\u00e0 o meno il proprio consenso all&#8217;uso dei cookie e\/o effettua un&#8217;impostazione. Se l\u2019utente desidera cambiare idea, pu\u00f2 visualizzare la finestra di dialogo &#8220;Cookie e altri traccianti&#8221; facendo clic <a id=\"cookies-form\" href=\"#\">qui<\/a>.<\/p>\n<p>Per cancellare i cookie gi\u00e0 installati, fate riferimento alla procedura prevista dal proprio sistema operativo (Windows, OS&#8230;).<\/p>\n<p><strong>6. I diritti dell\u2019utente\/Contatto<\/strong><\/p>\n<p>In conformit\u00e0 alla normativa vigente, l\u2019utente ha il diritto di accedere, rettificare, cancellare i propri dati personali e opporsi al trattamento degli stessi. Ha inoltre il diritto di opporsi alle indagini commerciali alle condizioni previste dalla normativa vigente.<\/p>\n<p>Pu\u00f2 richiedere la divulgazione dei propri dati personali e ha il diritto di stabilire delle linee guida sulla sorte dei propri dati personali dopo il decesso. \u00c8 possibile anche richiedere la limitazione del trattamento o la portabilit\u00e0 dei propri dati personali.<\/p>\n<p>Pu\u00f2 esercitare i propri diritti e chiedere informazioni sul trattamento dei dati personali scrivendo al dipartimento responsabile della protezione dei dati personali al seguente indirizzo e-mail <a href=\"mailto:data.protection@hutchinson.com\">data.protection@hutchinson.com<\/a>, il titolare del trattamento \u00e8 HUTCHINSON, societ\u00e0 anonima, con sede legale in 2 rue Balzac 75008 Parigi, iscritta al Registro del Commercio e delle Societ\u00e0 di Parigi con il numero 542 051 826.<\/p>\n<p>Infine, \u00e8 possibile presentare un reclamo all&#8217;autorit\u00e0 responsabile del rispetto degli obblighi in materia di protezione dei dati personali (la CNIL per la Francia).<\/p>\n<p><strong>7. Link esterni<\/strong><\/p>\n<p>Se il nostro sito web d\u00e0 accesso a siti web, tali siti web non sono soggetti alla presente Informativa. Consigliamo di consultare le Informative sulla privacy\/dichiarazioni sulla privacy di tali siti web per conoscere le loro pratiche relative alla raccolta, all&#8217;utilizzo e alla divulgazione dei dati personali.<\/p>\n<p><strong>8. Dati personali dei minori<\/strong><\/p>\n<p>Notare che la navigazione nel nostro sito web \u00e8 limitata alle persone di et\u00e0 superiore ai 18 anni e che non intendiamo raccogliere o trattare dati personali di minori di 18 anni. Pertanto, se l\u2019utente ha meno di 18 anni, deve avere il consenso dei genitori o del tutore prima di fornirci qualsiasi informazione attraverso il modulo di contatto sul nostro sito web. Senza questo previo consenso, gli utenti di et\u00e0 inferiore ai 18 anni non sono autorizzati a inviarci informazioni e, se lo fanno, smetteremo di elaborare i loro dati non appena saremo a conoscenza della loro et\u00e0. Non possiamo essere ritenuti responsabili se le informazioni appartenenti a minori sono registrate al momento della connessione in violazione di tali clausole.<\/p>\n<p><strong>9. Modifica dell\u2019informativa<\/strong><\/p>\n<p>La presente Informativa \u00e8 disponibile nella sezione Dati personali del nostro sito web. Ci riserviamo il diritto di rivedere e modificare la presente Informativa in qualsiasi momento, anche per rispettare i requisiti normativi e legali.<\/p>\n","protected":false},"excerpt":{"rendered":"<p>Benvenuti nel sito cycling.hutchinson.com. Collegandosi o consultando il sito web, l&#8217;utente riconosce di aver letto, compreso e accettato, senza limitazioni o riserve, la presente Informativa sulla privacy e cookie (di seguito l\u2019&#8221;Informativa&#8221;) e le nostre Condizioni generali di utilizzo. Notare che altri termini e condizioni generali e le Informative sulla privacy e cookie si applicano [&hellip;]<\/p>\n","protected":false},"author":5,"featured_media":0,"parent":0,"menu_order":0,"comment_status":"closed","ping_status":"closed","template":"","meta":{"inline_featured_image":false,"footnotes":""},"class_list":["post-4023","page","type-page","status-publish","hentry"],"yoast_head":"<!-- This site is optimized with the Yoast SEO plugin v26.1.1 - https:\/\/yoast.com\/wordpress\/plugins\/seo\/ -->\n<title>Informativa sulla privacy e cookies - Hutchinson Cycling<\/title>\n<meta name=\"robots\" content=\"index, follow, max-snippet:-1, max-image-preview:large, max-video-preview:-1\" \/>\n<link rel=\"canonical\" href=\"https:\/\/cycling.hutchinson.com\/it\/privacy-e-cookies-policy\/\" \/>\n<meta property=\"og:locale\" content=\"it_IT\" \/>\n<meta property=\"og:type\" content=\"article\" \/>\n<meta property=\"og:title\" content=\"Informativa sulla privacy e cookies - Hutchinson Cycling\" \/>\n<meta property=\"og:description\" content=\"Benvenuti nel sito cycling.hutchinson.com. Collegandosi o consultando il sito web, l&#8217;utente riconosce di aver letto, compreso e accettato, senza limitazioni o riserve, la presente Informativa sulla privacy e cookie (di seguito l\u2019&#8221;Informativa&#8221;) e le nostre Condizioni generali di utilizzo. Notare che altri termini e condizioni generali e le Informative sulla privacy e cookie si applicano [&hellip;]\" \/>\n<meta property=\"og:url\" content=\"https:\/\/cycling.hutchinson.com\/it\/privacy-e-cookies-policy\/\" \/>\n<meta property=\"og:site_name\" content=\"Hutchinson Cycling\" \/>\n<meta property=\"article:modified_time\" content=\"2026-02-09T15:33:51+00:00\" \/>\n<meta name=\"twitter:card\" content=\"summary_large_image\" \/>\n<meta name=\"twitter:label1\" content=\"Est. reading time\" \/>\n\t<meta name=\"twitter:data1\" content=\"7 minutes\" \/>\n<script type=\"application\/ld+json\" class=\"yoast-schema-graph\">{\"@context\":\"https:\/\/schema.org\",\"@graph\":[{\"@type\":\"WebPage\",\"@id\":\"https:\/\/cycling.hutchinson.com\/it\/privacy-e-cookies-policy\/\",\"url\":\"https:\/\/cycling.hutchinson.com\/it\/privacy-e-cookies-policy\/\",\"name\":\"Informativa sulla privacy e cookies - Hutchinson Cycling\",\"isPartOf\":{\"@id\":\"https:\/\/cycling.hutchinson.com\/#website\"},\"datePublished\":\"2020-11-26T11:42:19+00:00\",\"dateModified\":\"2026-02-09T15:33:51+00:00\",\"breadcrumb\":{\"@id\":\"https:\/\/cycling.hutchinson.com\/it\/privacy-e-cookies-policy\/#breadcrumb\"},\"inLanguage\":\"it-IT\",\"potentialAction\":[{\"@type\":\"ReadAction\",\"target\":[\"https:\/\/cycling.hutchinson.com\/it\/privacy-e-cookies-policy\/\"]}]},{\"@type\":\"BreadcrumbList\",\"@id\":\"https:\/\/cycling.hutchinson.com\/it\/privacy-e-cookies-policy\/#breadcrumb\",\"itemListElement\":[{\"@type\":\"ListItem\",\"position\":1,\"name\":\"Home\",\"item\":\"https:\/\/cycling.hutchinson.com\/it\/\"},{\"@type\":\"ListItem\",\"position\":2,\"name\":\"Informativa sulla privacy e cookies\"}]},{\"@type\":\"WebSite\",\"@id\":\"https:\/\/cycling.hutchinson.com\/#website\",\"url\":\"https:\/\/cycling.hutchinson.com\/\",\"name\":\"Hutchinson Cycling\",\"description\":\"Ride Your Own Story - Hutchinson Cycling\",\"potentialAction\":[{\"@type\":\"SearchAction\",\"target\":{\"@type\":\"EntryPoint\",\"urlTemplate\":\"https:\/\/cycling.hutchinson.com\/?s={search_term_string}\"},\"query-input\":{\"@type\":\"PropertyValueSpecification\",\"valueRequired\":true,\"valueName\":\"search_term_string\"}}],\"inLanguage\":\"it-IT\"}]}<\/script>\n<!-- \/ Yoast SEO plugin. -->","yoast_head_json":{"title":"Informativa sulla privacy e cookies - Hutchinson Cycling","robots":{"index":"index","follow":"follow","max-snippet":"max-snippet:-1","max-image-preview":"max-image-preview:large","max-video-preview":"max-video-preview:-1"},"canonical":"https:\/\/cycling.hutchinson.com\/it\/privacy-e-cookies-policy\/","og_locale":"it_IT","og_type":"article","og_title":"Informativa sulla privacy e cookies - Hutchinson Cycling","og_description":"Benvenuti nel sito cycling.hutchinson.com. Collegandosi o consultando il sito web, l&#8217;utente riconosce di aver letto, compreso e accettato, senza limitazioni o riserve, la presente Informativa sulla privacy e cookie (di seguito l\u2019&#8221;Informativa&#8221;) e le nostre Condizioni generali di utilizzo. Notare che altri termini e condizioni generali e le Informative sulla privacy e cookie si applicano [&hellip;]","og_url":"https:\/\/cycling.hutchinson.com\/it\/privacy-e-cookies-policy\/","og_site_name":"Hutchinson Cycling","article_modified_time":"2026-02-09T15:33:51+00:00","twitter_card":"summary_large_image","twitter_misc":{"Est. reading time":"7 minutes"},"schema":{"@context":"https:\/\/schema.org","@graph":[{"@type":"WebPage","@id":"https:\/\/cycling.hutchinson.com\/it\/privacy-e-cookies-policy\/","url":"https:\/\/cycling.hutchinson.com\/it\/privacy-e-cookies-policy\/","name":"Informativa sulla privacy e cookies - Hutchinson Cycling","isPartOf":{"@id":"https:\/\/cycling.hutchinson.com\/#website"},"datePublished":"2020-11-26T11:42:19+00:00","dateModified":"2026-02-09T15:33:51+00:00","breadcrumb":{"@id":"https:\/\/cycling.hutchinson.com\/it\/privacy-e-cookies-policy\/#breadcrumb"},"inLanguage":"it-IT","potentialAction":[{"@type":"ReadAction","target":["https:\/\/cycling.hutchinson.com\/it\/privacy-e-cookies-policy\/"]}]},{"@type":"BreadcrumbList","@id":"https:\/\/cycling.hutchinson.com\/it\/privacy-e-cookies-policy\/#breadcrumb","itemListElement":[{"@type":"ListItem","position":1,"name":"Home","item":"https:\/\/cycling.hutchinson.com\/it\/"},{"@type":"ListItem","position":2,"name":"Informativa sulla privacy e cookies"}]},{"@type":"WebSite","@id":"https:\/\/cycling.hutchinson.com\/#website","url":"https:\/\/cycling.hutchinson.com\/","name":"Hutchinson Cycling","description":"Ride Your Own Story - Hutchinson Cycling","potentialAction":[{"@type":"SearchAction","target":{"@type":"EntryPoint","urlTemplate":"https:\/\/cycling.hutchinson.com\/?s={search_term_string}"},"query-input":{"@type":"PropertyValueSpecification","valueRequired":true,"valueName":"search_term_string"}}],"inLanguage":"it-IT"}]}},"_links":{"self":[{"href":"https:\/\/cycling.hutchinson.com\/it\/wp-json\/wp\/v2\/pages\/4023\/"}],"collection":[{"href":"https:\/\/cycling.hutchinson.com\/it\/wp-json\/wp\/v2\/pages\/"}],"about":[{"href":"https:\/\/cycling.hutchinson.com\/it\/wp-json\/wp\/v2\/types\/page\/"}],"author":[{"embeddable":true,"href":"https:\/\/cycling.hutchinson.com\/it\/wp-json\/wp\/v2\/users\/5\/"}],"replies":[{"embeddable":true,"href":"https:\/\/cycling.hutchinson.com\/it\/wp-json\/wp\/v2\/comments\/?post=4023"}],"version-history":[{"count":11,"href":"https:\/\/cycling.hutchinson.com\/it\/wp-json\/wp\/v2\/pages\/4023\/revisions\/"}],"predecessor-version":[{"id":17816,"href":"https:\/\/cycling.hutchinson.com\/it\/wp-json\/wp\/v2\/pages\/4023\/revisions\/17816\/"}],"wp:attachment":[{"href":"https:\/\/cycling.hutchinson.com\/it\/wp-json\/wp\/v2\/media\/?parent=4023"}],"curies":[{"name":"wp","href":"https:\/\/api.w.org\/{rel}","templated":true}]}}