{"id":4001,"date":"2020-12-16T20:42:32","date_gmt":"2020-12-16T19:42:32","guid":{"rendered":"https:\/\/cycling.hutchinson.com\/?page_id=4001"},"modified":"2021-02-10T11:11:44","modified_gmt":"2021-02-10T10:11:44","slug":"faq","status":"publish","type":"page","link":"https:\/\/cycling.hutchinson.com\/it\/faq\/","title":{"rendered":"FAQ"},"content":{"rendered":"<p><\/p>\n<h4>Potete inviarmi adesivi\/omaggi del brand?<\/h4>\n<p>Non abbiamo a disposizione adesivi od omaggi da inviare ma ti invitiamo a venirci a trovare ai principali eventi dove a volte distribuiamo omaggi Hutchinson.<\/p>\n<h4>Vorrei che Hutchinson fosse mio sponsor o partner. A chi devo rivolgermi?<\/h4>\n<p>Siamo lieti che ti interessi il nostro marchio. Per fare richiesta, compila il modulo di contatto (in fondo alla pagina). Ti risponderemo il prima possibile qualora la richiesta venga accettata.<\/p>\n<h4>Dove posso acquistare i vostri prodotti in un punto vendita in Italia, all\u2019estero oppure online?<\/h4>\n<p>Visita la sezione Trova rivenditore per trovare i nostri punti vendita fisici e online.<\/p>\n<h4>Ho acquistato uno pneumatico o un accessorio difettoso. Ho riscontrato un problema dopo l\u2019uso del mio pneumatico o accessorio. Cosa devo fare?<\/h4>\n<p>Per poter usufruire di un cambio o un rimborso o per qualsiasi altro problema relativo al tuo acquisto, rivolgiti al punto vendita o al sito Web dove hai acquistato il prodotto. In tal modo sar\u00e0 possibile avviare la procedura di servizio post-vendita. Gli articoli difettosi ci saranno restituiti tramite il punto vendita in modo tale da poter analizzare il problema e porvi rimedio se necessario. Il nostro team ha dei limiti operativi, pertanto non disponiamo dei mezzi per elaborare direttamente i resi del servizio post-vendita.<\/p>\n<h4>Se il mio punto vendita non c\u2019\u00e8 pi\u00f9\/non risponde\/non \u00e8 d\u2019accordo&#8230; Cosa devo fare?<\/h4>\n<p>Spiegaci il problema nei dettagli e vedremo cosa \u00e8 possibile fare oppure ti forniremo i dettagli di contatto di chi pu\u00f2 risolvere il problema.<\/p>\n<h4>Come si leggono le dimensioni di uno pneumatico?<\/h4>\n<p>Ci sono due misure principali per le dimensioni di uno pneumatico: le dimensioni standardizzate da ETRTO sono espresse in millimetri (es. 23-622 &#8211; ATOM COMP). Queste corrispondono alla sezione trasversale, ad esempio l&#8217;ampiezza, quindi al diametro interno (talloni) dello pneumatico. Di solito, le dimensioni sono espresse in millimetri (es. 700&#215;23 &#8211; FUSION 5) o in pollici (es. 29&#215;2.10 &#8211; COBRA), e corrispondono al diametro esterno (valore indicativo) e alla sezione dello pneumatico. Per facilitare la comprensione, Hutchinson utilizza sistematicamente entrambi i valori.<\/p>\n<h4>Che cos\u2019\u00e8 ETRTO?<\/h4>\n<p>Hutchinson \u00e8 membro a pieno titolo della European Tyre and Rim Technical Organization, che mira a standardizzare diversi sistemi di misurazione per tutti gli pneumatici. Per maggiori informazioni, visitare il sito www.etrto.org<\/p>\n<h4>Qual \u00e8 la differenza tra uno pneumatico tubeless e uno con camera d\u2019aria?<\/h4>\n<p>Uno pneumatico con camera d\u2019aria contiene una camera d&#8217;aria interna, mentre uno tubeless non dispone di camera d&#8217;aria ma piuttosto di liquido sigillante. Uno pneumatico tubeless pu\u00f2 essere montato solo su specifiche ruote compatibili tubeless.<\/p>\n<h4>Posso montare il mio pneumatico tubeless su qualsiasi cerchio?<\/h4>\n<p>Sebbene siano possibili alcune personalizzazioni, si consiglia di montare pneumatici tubeless solo su cerchi compatibili tubeless o tubeless-ready adatti.<\/p>\n<h4>Cosa mi serve per montare il mio pneumatico tubeless?<\/h4>\n<p>\u2022 Uno pneumatico tubeless<br \/>\n\u2022 Un cerchio compatibile tubeless o tubeless-ready<br \/>\n\u2022 Un flap o un nastro tubeless (non necessario su alcuni cerchi)<br \/>\n\u2022 Una valvola tubeless<br \/>\n\u2022 Liquido preventivo tubeless<br \/>\nDi seguito proponiamo un tutorial video per la procedura di montaggio:<br \/>\nFR: <a href=\"https:\/\/www.youtube.com\/watch?v=0K8mcR1Lymo\" target=\"_blank\" rel=\"noopener noreferrer\">https:\/\/www.youtube.com\/watch?v=0K8mcR1Lymo<\/a><br \/>\nEN: <a href=\"https:\/\/www.youtube.com\/watch?v=EhhyFMIZtH4\" target=\"_blank\" rel=\"noopener noreferrer\">https:\/\/www.youtube.com\/watch?v=EhhyFMIZtH4<\/a><\/p>\n<h4>Qual \u00e8 la differenza tra Sideskin e Hardskin?<\/h4>\n<p>Il Sideskin \u00e8 un rinforzo dei fianchi dello pneumatico, mentre l\u2019Hardskin \u00e8 un rinforzo da tallone a tallone. Di conseguenza, gli pneumatici con rinforzo Hardskin sono i pi\u00f9 robusti della nostra gamma.<\/p>\n<h4>Cosa significano le diciture RRXC o RREND?<\/h4>\n<p>Fanno riferimento alla gomma in uso nello pneumatico. RR significa Race Ripost. Si tratta di una gomma a triplo strato realizzata in Francia. RRXC \u00e8 specifico per il cross-country, RREND per l\u2019Enduro e RR Gravity per il Gravity.<\/p>\n<h4>Dove sono prodotti gli pneumatici Hutchinson?<\/h4>\n<p>Abbiamo ancora il nostro impianto di produzione in Francia a Chalette-sur-Loing, un impianto storico di Hutchinson. L\u00ec produciamo tutti i prodotti della gamma Racing Lab, pneumatici MTB con rinforzo Hardskin o gomma Race Ripost (RR), pneumatici da strada per la gamma Fusion 5 Sector e Intensive 2 e pneumatici tubeless-ready Touareg e Overide per gravel.<br \/>\nTutti gli altri nostri modelli sono realizzati in Asia.<\/p>\n<h4>Sono disponibili degli pneumatici specifici per bici elettriche?<\/h4>\n<p>S\u00ec, disponiamo di una gamma completa appositamente realizzata per le bici elettriche con gomme e carcasse adattate ai requisiti specifici delle biciclette elettriche.<br \/>\nMountain bike:<br \/>\n\u2022 Griffus EBIKE 27.5 x 2.50 e 29 x 2.50<br \/>\n\u2022 Taipan EBIKE 27.5 x 2.35 e 29 x 2.35<br \/>\n\u2022 Toro EBIKE 27.5 x 2.35 e 29 x 2.35<br \/>\n\u2022 Toro Koloss 27.5 x 2.80 e 27.5 x 2.60<br \/>\n\u2022 Taipan Koloss 27.5 x 2.80 e 27.5 x 2.60<br \/>\n\u2022 Gila Koloss 27.5 x 2.60<\/p>\n<p>Bici da corsa:<br \/>\n\u2022 Sector EBIKE 700 x 32<\/p>\n<p>City trekking:<br \/>\n\u2022 Haussmann EBIKE 700 x 47, 700 x 40, 27.5 x 1.75, 27.5 x 1.50 e 26 x 1.75<br \/>\n\u2022 Gotham EBIKE:700 x 37 e 26 x 1.70<\/p>\n<h4>Quale pressione \u00e8 consigliata?<\/h4>\n<p>\u00c8 possibile scaricare l&#8217;app Hutchinson Connec&#8217;Tires per sistema Apple o Android per le specifiche consigliate alla bici o alla tua modalit\u00e0 di guida.<\/p>\n<h4>Che cos\u2019\u00e8 il TPI?<\/h4>\n<p>La densit\u00e0 dei fili che compongono una carcassa di uno pneumatico \u00e8 misurata in numero di fili per pollice (1 pollice = 2,54 cm). Una carcassa da 33 TPI utilizza una trama a bassa densit\u00e0 composta da fili grossolani che forniscono rigidit\u00e0 allo pneumatico. Al contrario, una carcassa da 127 TPI utilizza una trama ad alta densit\u00e0 composta da fili molto sottili che forniscono flessibilit\u00e0 allo pneumatico.<\/p>\n<h4>Qual \u00e8 la dimensione \u201creale\u201d di un Touareg su un cerchio?<\/h4>\n<p>Il Tuareg misura 40 mm su un cerchio da 23 mm, quindi sar\u00e0 leggermente inferiore a 40 mm su un cerchio da 21 mm (circa 39,2).<br \/>\nE per quanto riguarda Fusion 5?<br \/>\nLo pneumatico misura 25 mm su un cerchio da 17 mm, quindi su un cerchio interno da 19 mm lo pneumatico sar\u00e0 di circa 26,5 mm.<\/p>\n<h4>Quali pneumatici consigliate per una bici a scatto fisso?<\/h4>\n<p>Gli Intensive 2 sono perfetti per le bici a scatto fisso: hanno un&#8217;ottima longevit\u00e0, quindi sono perfette per gli skid.<\/p>\n<h4>Da che parte devo montare il mio pneumatico? C\u2019\u00e8 un senso corretto per montare ciascun modello?<\/h4>\n<p>Esiste un senso di rotazione consigliato quando lo pneumatico \u00e8 montato davanti e un altro quando \u00e8 montato dietro. Il Cobra pu\u00f2 essere montato in qualsiasi direzione davanti. Nella direzione consigliata sullo pneumatico, l&#8217;aderenza laterale \u00e8 ottimizzata, ma si verifica una leggera perdita di efficienza; nella direzione opposta si ottimizza sia l&#8217;efficienza che la frenata.<br \/>\nQuesta \u00e8 una vecchia pratica che non viene seguita spesso oggi. Si consiglia di montare lo pneumatico nella stessa direzione sia davanti che dietro, in base alla direzione indicata per quello posteriore.<\/p>\n<h4>Ho una domanda\/mi serve un consiglio e non riesco a trovare la risposta su questa pagina. Cosa devo fare?<\/h4>\n<p>Puoi inviarci un messaggio tramite il modulo di contatto in fondo a questa pagina o inviarci direttamente un messaggio privato sulla nostra pagina di Facebook <a href=\"https:\/\/www.facebook.com\/hutchinsoncycling\/\" target=\"_blank\" rel=\"noopener noreferrer\">@HutchinsonCycling<\/a>. Faremo del nostro meglio per risponderti il prima possibile.<\/p>\n","protected":false},"excerpt":{"rendered":"<p>Potete inviarmi adesivi\/omaggi del brand? Non abbiamo a disposizione adesivi od omaggi da inviare ma ti invitiamo a venirci a trovare ai principali eventi dove a volte distribuiamo omaggi Hutchinson. Vorrei che Hutchinson fosse mio sponsor o partner. A chi devo rivolgermi? Siamo lieti che ti interessi il nostro marchio. Per fare richiesta, compila il [&hellip;]<\/p>\n","protected":false},"author":5,"featured_media":0,"parent":0,"menu_order":0,"comment_status":"closed","ping_status":"closed","template":"","meta":{"inline_featured_image":false,"footnotes":""},"class_list":["post-4001","page","type-page","status-publish","hentry"],"yoast_head":"<!-- This site is optimized with the Yoast SEO plugin v26.1.1 - https:\/\/yoast.com\/wordpress\/plugins\/seo\/ -->\n<title>FAQ - Hutchinson Cycling<\/title>\n<meta name=\"robots\" content=\"index, follow, max-snippet:-1, max-image-preview:large, max-video-preview:-1\" \/>\n<link rel=\"canonical\" href=\"https:\/\/cycling.hutchinson.com\/it\/faq\/\" \/>\n<meta property=\"og:locale\" content=\"it_IT\" \/>\n<meta property=\"og:type\" content=\"article\" \/>\n<meta property=\"og:title\" content=\"FAQ - Hutchinson Cycling\" \/>\n<meta property=\"og:description\" content=\"Potete inviarmi adesivi\/omaggi del brand? Non abbiamo a disposizione adesivi od omaggi da inviare ma ti invitiamo a venirci a trovare ai principali eventi dove a volte distribuiamo omaggi Hutchinson. Vorrei che Hutchinson fosse mio sponsor o partner. A chi devo rivolgermi? Siamo lieti che ti interessi il nostro marchio. Per fare richiesta, compila il [&hellip;]\" \/>\n<meta property=\"og:url\" content=\"https:\/\/cycling.hutchinson.com\/faq\/\" \/>\n<meta property=\"og:site_name\" content=\"Hutchinson Cycling\" \/>\n<meta property=\"article:modified_time\" content=\"2021-02-10T10:11:44+00:00\" \/>\n<meta name=\"twitter:card\" content=\"summary_large_image\" \/>\n<meta name=\"twitter:label1\" content=\"Est. reading time\" \/>\n\t<meta name=\"twitter:data1\" content=\"5 minutes\" \/>\n<script type=\"application\/ld+json\" class=\"yoast-schema-graph\">{\"@context\":\"https:\/\/schema.org\",\"@graph\":[{\"@type\":\"WebPage\",\"@id\":\"https:\/\/cycling.hutchinson.com\/faq\/\",\"url\":\"https:\/\/cycling.hutchinson.com\/faq\/\",\"name\":\"FAQ - Hutchinson Cycling\",\"isPartOf\":{\"@id\":\"https:\/\/cycling.hutchinson.com\/#website\"},\"datePublished\":\"2020-12-16T19:42:32+00:00\",\"dateModified\":\"2021-02-10T10:11:44+00:00\",\"breadcrumb\":{\"@id\":\"https:\/\/cycling.hutchinson.com\/faq\/#breadcrumb\"},\"inLanguage\":\"it-IT\",\"potentialAction\":[{\"@type\":\"ReadAction\",\"target\":[\"https:\/\/cycling.hutchinson.com\/faq\/\"]}]},{\"@type\":\"BreadcrumbList\",\"@id\":\"https:\/\/cycling.hutchinson.com\/faq\/#breadcrumb\",\"itemListElement\":[{\"@type\":\"ListItem\",\"position\":1,\"name\":\"Home\",\"item\":\"https:\/\/cycling.hutchinson.com\/it\/\"},{\"@type\":\"ListItem\",\"position\":2,\"name\":\"FAQ\"}]},{\"@type\":\"WebSite\",\"@id\":\"https:\/\/cycling.hutchinson.com\/#website\",\"url\":\"https:\/\/cycling.hutchinson.com\/\",\"name\":\"Hutchinson Cycling\",\"description\":\"Ride Your Own Story - Hutchinson Cycling\",\"potentialAction\":[{\"@type\":\"SearchAction\",\"target\":{\"@type\":\"EntryPoint\",\"urlTemplate\":\"https:\/\/cycling.hutchinson.com\/?s={search_term_string}\"},\"query-input\":{\"@type\":\"PropertyValueSpecification\",\"valueRequired\":true,\"valueName\":\"search_term_string\"}}],\"inLanguage\":\"it-IT\"}]}<\/script>\n<!-- \/ Yoast SEO plugin. -->","yoast_head_json":{"title":"FAQ - Hutchinson Cycling","robots":{"index":"index","follow":"follow","max-snippet":"max-snippet:-1","max-image-preview":"max-image-preview:large","max-video-preview":"max-video-preview:-1"},"canonical":"https:\/\/cycling.hutchinson.com\/it\/faq\/","og_locale":"it_IT","og_type":"article","og_title":"FAQ - Hutchinson Cycling","og_description":"Potete inviarmi adesivi\/omaggi del brand? Non abbiamo a disposizione adesivi od omaggi da inviare ma ti invitiamo a venirci a trovare ai principali eventi dove a volte distribuiamo omaggi Hutchinson. Vorrei che Hutchinson fosse mio sponsor o partner. A chi devo rivolgermi? Siamo lieti che ti interessi il nostro marchio. Per fare richiesta, compila il [&hellip;]","og_url":"https:\/\/cycling.hutchinson.com\/faq\/","og_site_name":"Hutchinson Cycling","article_modified_time":"2021-02-10T10:11:44+00:00","twitter_card":"summary_large_image","twitter_misc":{"Est. reading time":"5 minutes"},"schema":{"@context":"https:\/\/schema.org","@graph":[{"@type":"WebPage","@id":"https:\/\/cycling.hutchinson.com\/faq\/","url":"https:\/\/cycling.hutchinson.com\/faq\/","name":"FAQ - Hutchinson Cycling","isPartOf":{"@id":"https:\/\/cycling.hutchinson.com\/#website"},"datePublished":"2020-12-16T19:42:32+00:00","dateModified":"2021-02-10T10:11:44+00:00","breadcrumb":{"@id":"https:\/\/cycling.hutchinson.com\/faq\/#breadcrumb"},"inLanguage":"it-IT","potentialAction":[{"@type":"ReadAction","target":["https:\/\/cycling.hutchinson.com\/faq\/"]}]},{"@type":"BreadcrumbList","@id":"https:\/\/cycling.hutchinson.com\/faq\/#breadcrumb","itemListElement":[{"@type":"ListItem","position":1,"name":"Home","item":"https:\/\/cycling.hutchinson.com\/it\/"},{"@type":"ListItem","position":2,"name":"FAQ"}]},{"@type":"WebSite","@id":"https:\/\/cycling.hutchinson.com\/#website","url":"https:\/\/cycling.hutchinson.com\/","name":"Hutchinson Cycling","description":"Ride Your Own Story - Hutchinson Cycling","potentialAction":[{"@type":"SearchAction","target":{"@type":"EntryPoint","urlTemplate":"https:\/\/cycling.hutchinson.com\/?s={search_term_string}"},"query-input":{"@type":"PropertyValueSpecification","valueRequired":true,"valueName":"search_term_string"}}],"inLanguage":"it-IT"}]}},"_links":{"self":[{"href":"https:\/\/cycling.hutchinson.com\/it\/wp-json\/wp\/v2\/pages\/4001\/"}],"collection":[{"href":"https:\/\/cycling.hutchinson.com\/it\/wp-json\/wp\/v2\/pages\/"}],"about":[{"href":"https:\/\/cycling.hutchinson.com\/it\/wp-json\/wp\/v2\/types\/page\/"}],"author":[{"embeddable":true,"href":"https:\/\/cycling.hutchinson.com\/it\/wp-json\/wp\/v2\/users\/5\/"}],"replies":[{"embeddable":true,"href":"https:\/\/cycling.hutchinson.com\/it\/wp-json\/wp\/v2\/comments\/?post=4001"}],"version-history":[{"count":10,"href":"https:\/\/cycling.hutchinson.com\/it\/wp-json\/wp\/v2\/pages\/4001\/revisions\/"}],"predecessor-version":[{"id":9221,"href":"https:\/\/cycling.hutchinson.com\/it\/wp-json\/wp\/v2\/pages\/4001\/revisions\/9221\/"}],"wp:attachment":[{"href":"https:\/\/cycling.hutchinson.com\/it\/wp-json\/wp\/v2\/media\/?parent=4001"}],"curies":[{"name":"wp","href":"https:\/\/api.w.org\/{rel}","templated":true}]}}