{"id":3984,"date":"2020-11-27T06:39:45","date_gmt":"2020-11-27T05:39:45","guid":{"rendered":"https:\/\/cycling.hutchinson.com\/?page_id=3984"},"modified":"2026-02-06T15:42:50","modified_gmt":"2026-02-06T14:42:50","slug":"contatti","status":"publish","type":"page","link":"https:\/\/cycling.hutchinson.com\/it\/contatti\/","title":{"rendered":"Contatti"},"content":{"rendered":"<div style=\"background: white; padding: 15px 0px;\">\n<h5 style=\"text-align: center;\"><span style=\"font-size: 12pt;\"><b data-path-to-node=\"3\" data-index-in-node=\"0\">Cari visitatori,<\/b><\/span><\/h5>\n<p style=\"text-align: center;\" data-path-to-node=\"4\">Grazie per aver visitato il sito Hutchinson Cycling e per l&#8217;interesse dimostrato verso i nostri prodotti e servizi. Apprezziamo sinceramente il vostro supporto e l&#8217;entusiasmo per il nostro marchio.<\/p>\n<p style=\"text-align: center;\" data-path-to-node=\"5\">Poich\u00e9 ci impegniamo a offrire la migliore esperienza possibile ai nostri stimati clienti, ci siamo resi conto che il nostro piccolo team non \u00e8 attualmente in grado di gestire l&#8217;elevato volume di email che riceviamo tramite il nostro modulo di contatto. Al fine di continuare a garantire un servizio di eccellenza e mantenere un legame personale con voi, abbiamo deciso di rimuovere temporaneamente il modulo di contatto dal nostro sito web.<\/p>\n<h5 style=\"text-align: center;\" data-path-to-node=\"6\">Ma non preoccupatevi ! Siamo ancora qui per assistervi e rispondere a tutte le vostre domande. Per contattarci, vi invitiamo a connettervi con noi sui nostri canali social, dove siamo attivi e pronti ad aiutarvi. Ci trovate su <strong><a href=\"https:\/\/www.instagram.com\/hutchinsoncycling\/\" target=\"_blank\" rel=\"noopener noreferrer\">Instagram<\/a><\/strong>\u00a0e <strong><a href=\"https:\/\/www.facebook.com\/hutchinsoncycling\" target=\"_blank\" rel=\"noopener noreferrer\">Facebook<\/a>all&#8217;indirizzo <a href=\"https:\/\/www.instagram.com\/hutchinsoncycling\/\" target=\"_blank\" rel=\"noopener noreferrer\">@hutchinsoncycling<\/a>.<\/strong><\/h5>\n<p style=\"text-align: center;\"><img loading=\"lazy\" decoding=\"async\" class=\"alignnone wp-image-17738 size-full\" src=\"https:\/\/cycling.hutchinson.com\/wp-content\/uploads\/2026\/02\/hutchinson-contact-she-ride.jpg\" alt=\"Hutchinson contact\" width=\"800\" height=\"292\" srcset=\"https:\/\/cycling.hutchinson.com\/wp-content\/uploads\/2026\/02\/hutchinson-contact-she-ride.jpg 800w, https:\/\/cycling.hutchinson.com\/wp-content\/uploads\/2026\/02\/hutchinson-contact-she-ride-768x280.jpg 768w\" sizes=\"auto, (max-width: 800px) 100vw, 800px\" \/><\/p>\n<p style=\"text-align: center;\" data-path-to-node=\"3\">Il nostro team \u00e8 pi\u00f9 che lieto di rispondere alle vostre domande e interagire con voi su queste piattaforme. Crediamo che, attraverso la comunicazione diretta sui social media, possiamo fornire risposte pi\u00f9 efficienti e tempestive alle vostre richieste. Inoltre, questo ci permette di creare una comunit\u00e0 pi\u00f9 solida attorno al nostro marchio, dove condividere notizie entusiasmanti, aggiornamenti e contenuti legati al mondo del ciclismo.<\/p>\n<p style=\"text-align: center;\" data-path-to-node=\"4\">Continueremo a valutare le nostre risorse e speriamo di reintrodurre il modulo di contatto in futuro, non appena saremo meglio attrezzati per gestire le email in arrivo. Nel frattempo, vi ringraziamo per la comprensione e per il vostro costante supporto.<\/p>\n<p style=\"text-align: center;\" data-path-to-node=\"5\">Non vediamo l&#8217;ora di connetterci con voi sui nostri canali social!<\/p>\n<p style=\"text-align: center;\" data-path-to-node=\"6\">Per qualsiasi domanda relativa alle vendite, vi preghiamo di contattare: <a href=\"mailto:cycling.sales@hutchinson.com\">cycling.sales@hutchinson.com<\/a><\/p>\n<p style=\"text-align: center;\" data-path-to-node=\"7\">Buone pedalate!<\/p>\n<h5 style=\"text-align: center;\" data-path-to-node=\"8\"><b data-path-to-node=\"8\" data-index-in-node=\"0\">Il Team Hutchinson Cycling<\/b><\/h5>\n<\/div>\n","protected":false},"excerpt":{"rendered":"<p>Cari visitatori, Grazie per aver visitato il sito Hutchinson Cycling e per l&#8217;interesse dimostrato verso i nostri prodotti e servizi. Apprezziamo sinceramente il vostro supporto e l&#8217;entusiasmo per il nostro marchio. Poich\u00e9 ci impegniamo a offrire la migliore esperienza possibile ai nostri stimati clienti, ci siamo resi conto che il nostro piccolo team non \u00e8 [&hellip;]<\/p>\n","protected":false},"author":5,"featured_media":0,"parent":0,"menu_order":0,"comment_status":"closed","ping_status":"closed","template":"templates\/tpl-contact.php","meta":{"inline_featured_image":false,"footnotes":""},"class_list":["post-3984","page","type-page","status-publish","hentry"],"yoast_head":"<!-- This site is optimized with the Yoast SEO plugin v26.1.1 - https:\/\/yoast.com\/wordpress\/plugins\/seo\/ -->\n<title>Contatti - Hutchinson Cycling<\/title>\n<meta name=\"robots\" content=\"index, follow, max-snippet:-1, max-image-preview:large, max-video-preview:-1\" \/>\n<link rel=\"canonical\" href=\"https:\/\/cycling.hutchinson.com\/it\/contatti\/\" \/>\n<meta property=\"og:locale\" content=\"it_IT\" \/>\n<meta property=\"og:type\" content=\"article\" \/>\n<meta property=\"og:title\" content=\"Contatti - Hutchinson Cycling\" \/>\n<meta property=\"og:description\" content=\"Cari visitatori, Grazie per aver visitato il sito Hutchinson Cycling e per l&#8217;interesse dimostrato verso i nostri prodotti e servizi. Apprezziamo sinceramente il vostro supporto e l&#8217;entusiasmo per il nostro marchio. Poich\u00e9 ci impegniamo a offrire la migliore esperienza possibile ai nostri stimati clienti, ci siamo resi conto che il nostro piccolo team non \u00e8 [&hellip;]\" \/>\n<meta property=\"og:url\" content=\"https:\/\/cycling.hutchinson.com\/it\/contatti\/\" \/>\n<meta property=\"og:site_name\" content=\"Hutchinson Cycling\" \/>\n<meta property=\"article:modified_time\" content=\"2026-02-06T14:42:50+00:00\" \/>\n<meta property=\"og:image\" content=\"https:\/\/cycling.hutchinson.com\/wp-content\/uploads\/2026\/02\/hutchinson-contact-she-ride.jpg\" \/>\n\t<meta property=\"og:image:width\" content=\"800\" \/>\n\t<meta property=\"og:image:height\" content=\"292\" \/>\n\t<meta property=\"og:image:type\" content=\"image\/jpeg\" \/>\n<meta name=\"twitter:card\" content=\"summary_large_image\" \/>\n<meta name=\"twitter:label1\" content=\"Est. reading time\" \/>\n\t<meta name=\"twitter:data1\" content=\"2 minutes\" \/>\n<script type=\"application\/ld+json\" class=\"yoast-schema-graph\">{\"@context\":\"https:\/\/schema.org\",\"@graph\":[{\"@type\":\"WebPage\",\"@id\":\"https:\/\/cycling.hutchinson.com\/it\/contatti\/\",\"url\":\"https:\/\/cycling.hutchinson.com\/it\/contatti\/\",\"name\":\"Contatti - Hutchinson Cycling\",\"isPartOf\":{\"@id\":\"https:\/\/cycling.hutchinson.com\/#website\"},\"primaryImageOfPage\":{\"@id\":\"https:\/\/cycling.hutchinson.com\/it\/contatti\/#primaryimage\"},\"image\":{\"@id\":\"https:\/\/cycling.hutchinson.com\/it\/contatti\/#primaryimage\"},\"thumbnailUrl\":\"https:\/\/cycling.hutchinson.com\/wp-content\/uploads\/2026\/02\/hutchinson-contact-she-ride.jpg\",\"datePublished\":\"2020-11-27T05:39:45+00:00\",\"dateModified\":\"2026-02-06T14:42:50+00:00\",\"breadcrumb\":{\"@id\":\"https:\/\/cycling.hutchinson.com\/it\/contatti\/#breadcrumb\"},\"inLanguage\":\"it-IT\",\"potentialAction\":[{\"@type\":\"ReadAction\",\"target\":[\"https:\/\/cycling.hutchinson.com\/it\/contatti\/\"]}]},{\"@type\":\"ImageObject\",\"inLanguage\":\"it-IT\",\"@id\":\"https:\/\/cycling.hutchinson.com\/it\/contatti\/#primaryimage\",\"url\":\"https:\/\/cycling.hutchinson.com\/wp-content\/uploads\/2026\/02\/hutchinson-contact-she-ride.jpg\",\"contentUrl\":\"https:\/\/cycling.hutchinson.com\/wp-content\/uploads\/2026\/02\/hutchinson-contact-she-ride.jpg\"},{\"@type\":\"BreadcrumbList\",\"@id\":\"https:\/\/cycling.hutchinson.com\/it\/contatti\/#breadcrumb\",\"itemListElement\":[{\"@type\":\"ListItem\",\"position\":1,\"name\":\"Home\",\"item\":\"https:\/\/cycling.hutchinson.com\/it\/\"},{\"@type\":\"ListItem\",\"position\":2,\"name\":\"Contatti\"}]},{\"@type\":\"WebSite\",\"@id\":\"https:\/\/cycling.hutchinson.com\/#website\",\"url\":\"https:\/\/cycling.hutchinson.com\/\",\"name\":\"Hutchinson Cycling\",\"description\":\"Ride Your Own Story - Hutchinson Cycling\",\"potentialAction\":[{\"@type\":\"SearchAction\",\"target\":{\"@type\":\"EntryPoint\",\"urlTemplate\":\"https:\/\/cycling.hutchinson.com\/?s={search_term_string}\"},\"query-input\":{\"@type\":\"PropertyValueSpecification\",\"valueRequired\":true,\"valueName\":\"search_term_string\"}}],\"inLanguage\":\"it-IT\"}]}<\/script>\n<!-- \/ Yoast SEO plugin. -->","yoast_head_json":{"title":"Contatti - Hutchinson Cycling","robots":{"index":"index","follow":"follow","max-snippet":"max-snippet:-1","max-image-preview":"max-image-preview:large","max-video-preview":"max-video-preview:-1"},"canonical":"https:\/\/cycling.hutchinson.com\/it\/contatti\/","og_locale":"it_IT","og_type":"article","og_title":"Contatti - Hutchinson Cycling","og_description":"Cari visitatori, Grazie per aver visitato il sito Hutchinson Cycling e per l&#8217;interesse dimostrato verso i nostri prodotti e servizi. Apprezziamo sinceramente il vostro supporto e l&#8217;entusiasmo per il nostro marchio. Poich\u00e9 ci impegniamo a offrire la migliore esperienza possibile ai nostri stimati clienti, ci siamo resi conto che il nostro piccolo team non \u00e8 [&hellip;]","og_url":"https:\/\/cycling.hutchinson.com\/it\/contatti\/","og_site_name":"Hutchinson Cycling","article_modified_time":"2026-02-06T14:42:50+00:00","og_image":[{"width":800,"height":292,"url":"https:\/\/cycling.hutchinson.com\/wp-content\/uploads\/2026\/02\/hutchinson-contact-she-ride.jpg","type":"image\/jpeg"}],"twitter_card":"summary_large_image","twitter_misc":{"Est. reading time":"2 minutes"},"schema":{"@context":"https:\/\/schema.org","@graph":[{"@type":"WebPage","@id":"https:\/\/cycling.hutchinson.com\/it\/contatti\/","url":"https:\/\/cycling.hutchinson.com\/it\/contatti\/","name":"Contatti - Hutchinson Cycling","isPartOf":{"@id":"https:\/\/cycling.hutchinson.com\/#website"},"primaryImageOfPage":{"@id":"https:\/\/cycling.hutchinson.com\/it\/contatti\/#primaryimage"},"image":{"@id":"https:\/\/cycling.hutchinson.com\/it\/contatti\/#primaryimage"},"thumbnailUrl":"https:\/\/cycling.hutchinson.com\/wp-content\/uploads\/2026\/02\/hutchinson-contact-she-ride.jpg","datePublished":"2020-11-27T05:39:45+00:00","dateModified":"2026-02-06T14:42:50+00:00","breadcrumb":{"@id":"https:\/\/cycling.hutchinson.com\/it\/contatti\/#breadcrumb"},"inLanguage":"it-IT","potentialAction":[{"@type":"ReadAction","target":["https:\/\/cycling.hutchinson.com\/it\/contatti\/"]}]},{"@type":"ImageObject","inLanguage":"it-IT","@id":"https:\/\/cycling.hutchinson.com\/it\/contatti\/#primaryimage","url":"https:\/\/cycling.hutchinson.com\/wp-content\/uploads\/2026\/02\/hutchinson-contact-she-ride.jpg","contentUrl":"https:\/\/cycling.hutchinson.com\/wp-content\/uploads\/2026\/02\/hutchinson-contact-she-ride.jpg"},{"@type":"BreadcrumbList","@id":"https:\/\/cycling.hutchinson.com\/it\/contatti\/#breadcrumb","itemListElement":[{"@type":"ListItem","position":1,"name":"Home","item":"https:\/\/cycling.hutchinson.com\/it\/"},{"@type":"ListItem","position":2,"name":"Contatti"}]},{"@type":"WebSite","@id":"https:\/\/cycling.hutchinson.com\/#website","url":"https:\/\/cycling.hutchinson.com\/","name":"Hutchinson Cycling","description":"Ride Your Own Story - Hutchinson Cycling","potentialAction":[{"@type":"SearchAction","target":{"@type":"EntryPoint","urlTemplate":"https:\/\/cycling.hutchinson.com\/?s={search_term_string}"},"query-input":{"@type":"PropertyValueSpecification","valueRequired":true,"valueName":"search_term_string"}}],"inLanguage":"it-IT"}]}},"_links":{"self":[{"href":"https:\/\/cycling.hutchinson.com\/it\/wp-json\/wp\/v2\/pages\/3984\/"}],"collection":[{"href":"https:\/\/cycling.hutchinson.com\/it\/wp-json\/wp\/v2\/pages\/"}],"about":[{"href":"https:\/\/cycling.hutchinson.com\/it\/wp-json\/wp\/v2\/types\/page\/"}],"author":[{"embeddable":true,"href":"https:\/\/cycling.hutchinson.com\/it\/wp-json\/wp\/v2\/users\/5\/"}],"replies":[{"embeddable":true,"href":"https:\/\/cycling.hutchinson.com\/it\/wp-json\/wp\/v2\/comments\/?post=3984"}],"version-history":[{"count":7,"href":"https:\/\/cycling.hutchinson.com\/it\/wp-json\/wp\/v2\/pages\/3984\/revisions\/"}],"predecessor-version":[{"id":13749,"href":"https:\/\/cycling.hutchinson.com\/it\/wp-json\/wp\/v2\/pages\/3984\/revisions\/13749\/"}],"wp:attachment":[{"href":"https:\/\/cycling.hutchinson.com\/it\/wp-json\/wp\/v2\/media\/?parent=3984"}],"curies":[{"name":"wp","href":"https:\/\/api.w.org\/{rel}","templated":true}]}}