{"id":13001,"date":"2023-09-12T08:59:31","date_gmt":"2023-09-12T06:59:31","guid":{"rendered":"https:\/\/cycling.hutchinson.com\/?page_id=13001"},"modified":"2023-09-12T11:12:24","modified_gmt":"2023-09-12T09:12:24","slug":"pressione-consigliata","status":"publish","type":"page","link":"https:\/\/cycling.hutchinson.com\/it\/pressione-consigliata\/","title":{"rendered":"PRESSIONE CONSIGLIATA"},"content":{"rendered":"<p style=\"text-align: left;\">Il est essentiel de maintenir une bonne pression dans vos pneus pour b\u00e9n\u00e9ficier des niveaux de s\u00e9curit\u00e9, de performance et de confort qui ont \u00e9t\u00e9 pr\u00e9vus par nos \u00e9quipes.<br \/>\nLes tableaux ci-dessous vous donneront une recommandation initiale bas\u00e9e sur la largeur du pneu mont\u00e9 sur jante et le poids du pilote avec son \u00e9quipement.<br \/>\nA vous d&#8217;optimiser ensuite la pression pour l&#8217;adapter \u00e0 votre style de pilotage.<br \/>\nATTENTION : ne d\u00e9passez jamais la pression max indiqu\u00e9e sur le flanc du pneu.<\/p>\n<h2 style=\"text-align: left;\"><strong>PRESSION RECOMMANDEE PNEUS TUBELESS<\/strong><\/h2>\n<table class=\"alignleft\" style=\"width: 100%;\" border=\"1\" cellspacing=\"1\" cellpadding=\"1\">\n<thead>\n<tr>\n<th style=\"text-align: center;\" scope=\"col\">Pilote<\/th>\n<th scope=\"col\">60Kg<\/th>\n<th scope=\"col\">70Kg<\/th>\n<th scope=\"col\">80Kg<\/th>\n<th scope=\"col\">90Kg<\/th>\n<th scope=\"col\">100Kg<\/th>\n<\/tr>\n<\/thead>\n<tbody>\n<tr>\n<td>25\/26MM TIRE ON RIM<\/td>\n<td>5,50<\/td>\n<td>6,00<\/td>\n<td>6,50<\/td>\n<td>6,75<\/td>\n<td>7,00<\/td>\n<\/tr>\n<tr>\n<td>28MM TIRE<\/td>\n<td>5,00<\/td>\n<td>5,50<\/td>\n<td>6,00<\/td>\n<td>6,25<\/td>\n<td>6,50<\/td>\n<\/tr>\n<tr>\n<td>30MM TIRE<\/td>\n<td>4,50<\/td>\n<td>5,00<\/td>\n<td>5,50<\/td>\n<td>6,00<\/td>\n<td>6,20<\/td>\n<\/tr>\n<tr>\n<td>32MM TIRE<\/td>\n<td>4,00<\/td>\n<td>4,50<\/td>\n<td>5,00<\/td>\n<td>5,20<\/td>\n<td>5,50<\/td>\n<\/tr>\n<tr>\n<td>35MM TIRE<\/td>\n<td>4,00<\/td>\n<td>4,25<\/td>\n<td>4,50<\/td>\n<td>4,75<\/td>\n<td>5,50<\/td>\n<\/tr>\n<tr>\n<td>40MM TIRE<\/td>\n<td>2,00<\/td>\n<td>2,25<\/td>\n<td>2,25<\/td>\n<td>2,50<\/td>\n<td>2,75<\/td>\n<\/tr>\n<tr>\n<td>45MM TIRE<\/td>\n<td>1,75<\/td>\n<td>2,25<\/td>\n<td>2,25<\/td>\n<td>2,50<\/td>\n<td>2,75<\/td>\n<\/tr>\n<tr>\n<td>50MM TIRE<\/td>\n<td>1,75<\/td>\n<td>2,00<\/td>\n<td>2,25<\/td>\n<td>2,50<\/td>\n<td>3,00<\/td>\n<\/tr>\n<tr>\n<td>2,10<\/td>\n<td>1,75<\/td>\n<td>2,00<\/td>\n<td>2,25<\/td>\n<td>2,50<\/td>\n<td>2,75<\/td>\n<\/tr>\n<tr>\n<td>2,25<\/td>\n<td>1,75<\/td>\n<td>2,00<\/td>\n<td>2,00<\/td>\n<td>2,10<\/td>\n<td>2,25<\/td>\n<\/tr>\n<tr>\n<td>2,35<\/td>\n<td>1,50<\/td>\n<td>1,50<\/td>\n<td>1,70<\/td>\n<td>1,90<\/td>\n<td>2,00<\/td>\n<\/tr>\n<tr>\n<td>2,40<\/td>\n<td>1,40<\/td>\n<td>1,40<\/td>\n<td>1,60<\/td>\n<td>1,60<\/td>\n<td>1,80<\/td>\n<\/tr>\n<tr>\n<td>2,50<\/td>\n<td>1,00<\/td>\n<td>1,40<\/td>\n<td>1,40<\/td>\n<td>1,60<\/td>\n<td>1,80<\/td>\n<\/tr>\n<tr>\n<td>2.60<\/td>\n<td>1,00<\/td>\n<td>1,20<\/td>\n<td>1,40<\/td>\n<td>1,40<\/td>\n<td>1,80<\/td>\n<\/tr>\n<tr>\n<td>2.80<\/td>\n<td>1,00<\/td>\n<td>1,00<\/td>\n<td>1,20<\/td>\n<td>1,40<\/td>\n<td>1,60<\/td>\n<\/tr>\n<\/tbody>\n<\/table>\n<h2 style=\"text-align: left;\"><strong>PRESSION RECOMMANDEE PNEUS TUBETYPE<\/strong><\/h2>\n<table class=\"alignleft\" style=\"width: 100%;\" border=\"1\" cellspacing=\"1\" cellpadding=\"1\">\n<thead>\n<tr>\n<th scope=\"col\">Pilote<\/th>\n<th scope=\"col\">60Kg<\/th>\n<th scope=\"col\">70Kg<\/th>\n<th scope=\"col\">80Kg<\/th>\n<th scope=\"col\">90Kg<\/th>\n<th scope=\"col\">100Kg<\/th>\n<\/tr>\n<\/thead>\n<tbody>\n<tr>\n<td>23MM TIRE ON RIM<\/td>\n<td>6,75<\/td>\n<td>7,00<\/td>\n<td>7,50<\/td>\n<td><strong>\u00e9viter<\/strong><\/td>\n<td><strong>\u00e9viter<\/strong><\/td>\n<\/tr>\n<tr>\n<td>25\/26MM TIRE<\/td>\n<td>6,50<\/td>\n<td>7,00<\/td>\n<td>7,50<\/td>\n<td>8,00<\/td>\n<td><strong>\u00e9viter<\/strong><\/td>\n<\/tr>\n<tr>\n<td>28MM TIRE<\/td>\n<td>6,25<\/td>\n<td>6,75<\/td>\n<td>7,25<\/td>\n<td>7,50<\/td>\n<td>8,00<\/td>\n<\/tr>\n<tr>\n<td>30MM TIRE<\/td>\n<td>6,00<\/td>\n<td>6,50<\/td>\n<td>7,00<\/td>\n<td>7,25<\/td>\n<td>7,50<\/td>\n<\/tr>\n<tr>\n<td>32MM TIRE<\/td>\n<td>5,50<\/td>\n<td>6,00<\/td>\n<td>6,50<\/td>\n<td>6,50<\/td>\n<td>7,00<\/td>\n<\/tr>\n<tr>\n<td>2,10<\/td>\n<td>2,00<\/td>\n<td>2,25<\/td>\n<td>2,50<\/td>\n<td><strong>\u00e9viter<\/strong><\/td>\n<td><strong>\u00e9viter<\/strong><\/td>\n<\/tr>\n<tr>\n<td>2,25<\/td>\n<td>2,00<\/td>\n<td>2,25<\/td>\n<td>2,25<\/td>\n<td>2,35<\/td>\n<td><strong>\u00e9viter<\/strong><\/td>\n<\/tr>\n<tr>\n<td>2,35<\/td>\n<td>1,75<\/td>\n<td>1,75<\/td>\n<td>1,95<\/td>\n<td>2,15<\/td>\n<td>2,25<\/td>\n<\/tr>\n<tr>\n<td>2,40<\/td>\n<td>1,65<\/td>\n<td>1,65<\/td>\n<td>1,85<\/td>\n<td>1,85<\/td>\n<td>2,05<\/td>\n<\/tr>\n<tr>\n<td>2,50<\/td>\n<td>1,25<\/td>\n<td>1,65<\/td>\n<td>1,65<\/td>\n<td>1,85<\/td>\n<td>2,05<\/td>\n<\/tr>\n<tr>\n<td>2,60<\/td>\n<td>1,25<\/td>\n<td>1,45<\/td>\n<td>1,65<\/td>\n<td>1,65<\/td>\n<td>2,05<\/td>\n<\/tr>\n<tr>\n<td>2,60<\/td>\n<td>1,25<\/td>\n<td>1,45<\/td>\n<td>1,65<\/td>\n<td>1,65<\/td>\n<td>2,05<\/td>\n<\/tr>\n<tr>\n<td>2,60<\/td>\n<td>1,25<\/td>\n<td>1,45<\/td>\n<td>1,65<\/td>\n<td>1,65<\/td>\n<td>2,05<\/td>\n<\/tr>\n<tr>\n<td>2,60<\/td>\n<td>1,25<\/td>\n<td>1,45<\/td>\n<td>1,65<\/td>\n<td>1,65<\/td>\n<td>2,05<\/td>\n<\/tr>\n<tr>\n<td>2,60<\/td>\n<td>1,25<\/td>\n<td>1,45<\/td>\n<td>1,65<\/td>\n<td>1,65<\/td>\n<td>2,05<\/td>\n<\/tr>\n<\/tbody>\n<\/table>\n<h2 style=\"text-align: left;\"><strong>Vous pouvez affiner<\/strong><\/h2>\n<ul style=\"text-align: left; width: 100%;\">\n<li style=\"text-align: left; width: 100%;\">Ajouter 0,50 Bar sur terrain fluide pour gagner en rendement<\/li>\n<li style=\"text-align: left; width: 100%;\">Enlever 0,25 bar sur terrain cassant pour gagner en adh\u00e9rence<\/li>\n<li style=\"text-align: left; width: 100%;\">Enlever 0,25 bar dans le pneu avant pour gagner en confort<\/li>\n<li style=\"text-align: left; width: 100%;\">Pour les montages tubeless sur jantes Hookless, enlever 0,25 et ne jamais d\u00e9passer la pression max indiqu\u00e9e sur le pneu et la jante<br \/>\n(Si les 2 indications pneu et jante diff\u00e8rents, ne jamais d\u00e9passer la plus basse pression max indiqu\u00e9e.)<\/li>\n<\/ul>\n","protected":false},"excerpt":{"rendered":"<p>Il est essentiel de maintenir une bonne pression dans vos pneus pour b\u00e9n\u00e9ficier des niveaux de s\u00e9curit\u00e9, de performance et de confort qui ont \u00e9t\u00e9 pr\u00e9vus par nos \u00e9quipes. Les tableaux ci-dessous vous donneront une recommandation initiale bas\u00e9e sur la largeur du pneu mont\u00e9 sur jante et le poids du pilote avec son \u00e9quipement. A [&hellip;]<\/p>\n","protected":false},"author":10,"featured_media":0,"parent":0,"menu_order":0,"comment_status":"closed","ping_status":"closed","template":"","meta":{"inline_featured_image":false,"footnotes":""},"class_list":["post-13001","page","type-page","status-publish","hentry"],"yoast_head":"<!-- This site is optimized with the Yoast SEO plugin v26.1.1 - https:\/\/yoast.com\/wordpress\/plugins\/seo\/ -->\n<title>PRESSIONE CONSIGLIATA - Hutchinson Cycling<\/title>\n<meta name=\"robots\" content=\"index, follow, max-snippet:-1, max-image-preview:large, max-video-preview:-1\" \/>\n<link rel=\"canonical\" href=\"https:\/\/cycling.hutchinson.com\/it\/recommended-pressure\/\" \/>\n<meta property=\"og:locale\" content=\"it_IT\" \/>\n<meta property=\"og:type\" content=\"article\" \/>\n<meta property=\"og:title\" content=\"PRESSIONE CONSIGLIATA - Hutchinson Cycling\" \/>\n<meta property=\"og:description\" content=\"Il est essentiel de maintenir une bonne pression dans vos pneus pour b\u00e9n\u00e9ficier des niveaux de s\u00e9curit\u00e9, de performance et de confort qui ont \u00e9t\u00e9 pr\u00e9vus par nos \u00e9quipes. Les tableaux ci-dessous vous donneront une recommandation initiale bas\u00e9e sur la largeur du pneu mont\u00e9 sur jante et le poids du pilote avec son \u00e9quipement. A [&hellip;]\" \/>\n<meta property=\"og:url\" content=\"https:\/\/cycling.hutchinson.com\/recommended-pressure\/\" \/>\n<meta property=\"og:site_name\" content=\"Hutchinson Cycling\" \/>\n<meta property=\"article:modified_time\" content=\"2023-09-12T09:12:24+00:00\" \/>\n<meta name=\"twitter:card\" content=\"summary_large_image\" \/>\n<meta name=\"twitter:label1\" content=\"Est. reading time\" \/>\n\t<meta name=\"twitter:data1\" content=\"2 minutes\" \/>\n<script type=\"application\/ld+json\" class=\"yoast-schema-graph\">{\"@context\":\"https:\/\/schema.org\",\"@graph\":[{\"@type\":\"WebPage\",\"@id\":\"https:\/\/cycling.hutchinson.com\/recommended-pressure\/\",\"url\":\"https:\/\/cycling.hutchinson.com\/recommended-pressure\/\",\"name\":\"PRESSIONE CONSIGLIATA - Hutchinson Cycling\",\"isPartOf\":{\"@id\":\"https:\/\/cycling.hutchinson.com\/#website\"},\"datePublished\":\"2023-09-12T06:59:31+00:00\",\"dateModified\":\"2023-09-12T09:12:24+00:00\",\"breadcrumb\":{\"@id\":\"https:\/\/cycling.hutchinson.com\/recommended-pressure\/#breadcrumb\"},\"inLanguage\":\"it-IT\",\"potentialAction\":[{\"@type\":\"ReadAction\",\"target\":[\"https:\/\/cycling.hutchinson.com\/recommended-pressure\/\"]}]},{\"@type\":\"BreadcrumbList\",\"@id\":\"https:\/\/cycling.hutchinson.com\/recommended-pressure\/#breadcrumb\",\"itemListElement\":[{\"@type\":\"ListItem\",\"position\":1,\"name\":\"Home\",\"item\":\"https:\/\/cycling.hutchinson.com\/it\/\"},{\"@type\":\"ListItem\",\"position\":2,\"name\":\"PRESSIONE CONSIGLIATA\"}]},{\"@type\":\"WebSite\",\"@id\":\"https:\/\/cycling.hutchinson.com\/#website\",\"url\":\"https:\/\/cycling.hutchinson.com\/\",\"name\":\"Hutchinson Cycling\",\"description\":\"Ride Your Own Story - Hutchinson Cycling\",\"potentialAction\":[{\"@type\":\"SearchAction\",\"target\":{\"@type\":\"EntryPoint\",\"urlTemplate\":\"https:\/\/cycling.hutchinson.com\/?s={search_term_string}\"},\"query-input\":{\"@type\":\"PropertyValueSpecification\",\"valueRequired\":true,\"valueName\":\"search_term_string\"}}],\"inLanguage\":\"it-IT\"}]}<\/script>\n<!-- \/ Yoast SEO plugin. -->","yoast_head_json":{"title":"PRESSIONE CONSIGLIATA - Hutchinson Cycling","robots":{"index":"index","follow":"follow","max-snippet":"max-snippet:-1","max-image-preview":"max-image-preview:large","max-video-preview":"max-video-preview:-1"},"canonical":"https:\/\/cycling.hutchinson.com\/it\/recommended-pressure\/","og_locale":"it_IT","og_type":"article","og_title":"PRESSIONE CONSIGLIATA - Hutchinson Cycling","og_description":"Il est essentiel de maintenir une bonne pression dans vos pneus pour b\u00e9n\u00e9ficier des niveaux de s\u00e9curit\u00e9, de performance et de confort qui ont \u00e9t\u00e9 pr\u00e9vus par nos \u00e9quipes. Les tableaux ci-dessous vous donneront une recommandation initiale bas\u00e9e sur la largeur du pneu mont\u00e9 sur jante et le poids du pilote avec son \u00e9quipement. A [&hellip;]","og_url":"https:\/\/cycling.hutchinson.com\/recommended-pressure\/","og_site_name":"Hutchinson Cycling","article_modified_time":"2023-09-12T09:12:24+00:00","twitter_card":"summary_large_image","twitter_misc":{"Est. reading time":"2 minutes"},"schema":{"@context":"https:\/\/schema.org","@graph":[{"@type":"WebPage","@id":"https:\/\/cycling.hutchinson.com\/recommended-pressure\/","url":"https:\/\/cycling.hutchinson.com\/recommended-pressure\/","name":"PRESSIONE CONSIGLIATA - Hutchinson Cycling","isPartOf":{"@id":"https:\/\/cycling.hutchinson.com\/#website"},"datePublished":"2023-09-12T06:59:31+00:00","dateModified":"2023-09-12T09:12:24+00:00","breadcrumb":{"@id":"https:\/\/cycling.hutchinson.com\/recommended-pressure\/#breadcrumb"},"inLanguage":"it-IT","potentialAction":[{"@type":"ReadAction","target":["https:\/\/cycling.hutchinson.com\/recommended-pressure\/"]}]},{"@type":"BreadcrumbList","@id":"https:\/\/cycling.hutchinson.com\/recommended-pressure\/#breadcrumb","itemListElement":[{"@type":"ListItem","position":1,"name":"Home","item":"https:\/\/cycling.hutchinson.com\/it\/"},{"@type":"ListItem","position":2,"name":"PRESSIONE CONSIGLIATA"}]},{"@type":"WebSite","@id":"https:\/\/cycling.hutchinson.com\/#website","url":"https:\/\/cycling.hutchinson.com\/","name":"Hutchinson Cycling","description":"Ride Your Own Story - Hutchinson Cycling","potentialAction":[{"@type":"SearchAction","target":{"@type":"EntryPoint","urlTemplate":"https:\/\/cycling.hutchinson.com\/?s={search_term_string}"},"query-input":{"@type":"PropertyValueSpecification","valueRequired":true,"valueName":"search_term_string"}}],"inLanguage":"it-IT"}]}},"_links":{"self":[{"href":"https:\/\/cycling.hutchinson.com\/it\/wp-json\/wp\/v2\/pages\/13001\/"}],"collection":[{"href":"https:\/\/cycling.hutchinson.com\/it\/wp-json\/wp\/v2\/pages\/"}],"about":[{"href":"https:\/\/cycling.hutchinson.com\/it\/wp-json\/wp\/v2\/types\/page\/"}],"author":[{"embeddable":true,"href":"https:\/\/cycling.hutchinson.com\/it\/wp-json\/wp\/v2\/users\/10\/"}],"replies":[{"embeddable":true,"href":"https:\/\/cycling.hutchinson.com\/it\/wp-json\/wp\/v2\/comments\/?post=13001"}],"version-history":[{"count":1,"href":"https:\/\/cycling.hutchinson.com\/it\/wp-json\/wp\/v2\/pages\/13001\/revisions\/"}],"predecessor-version":[{"id":13002,"href":"https:\/\/cycling.hutchinson.com\/it\/wp-json\/wp\/v2\/pages\/13001\/revisions\/13002\/"}],"wp:attachment":[{"href":"https:\/\/cycling.hutchinson.com\/it\/wp-json\/wp\/v2\/media\/?parent=13001"}],"curies":[{"name":"wp","href":"https:\/\/api.w.org\/{rel}","templated":true}]}}