{"id":4212,"date":"2020-10-27T10:56:05","date_gmt":"2020-10-27T09:56:05","guid":{"rendered":"https:\/\/cycling.hutchinson.com\/?page_id=4212"},"modified":"2021-02-12T00:06:12","modified_gmt":"2021-02-11T23:06:12","slug":"termes-conditions-generales-dutilisation","status":"publish","type":"page","link":"https:\/\/cycling.hutchinson.com\/fr\/termes-conditions-generales-dutilisation\/","title":{"rendered":"Termes &#038; Conditions G\u00e9n\u00e9rales d&#8217;Utilisation"},"content":{"rendered":"<p>Bienvenue sur le site internet professionnel <a href=\"https:\/\/cycling.hutchinson.com\/fr\/\">cycling.hutchinson.com<\/a>. En vous connectant ou en utilisant notre site internet, vous reconnaissez avoir lu, compris, et accept\u00e9, sans limitation ni r\u00e9serve, les pr\u00e9sentes conditions g\u00e9n\u00e9rales d\u2019utilisation et notre <a href=\"https:\/\/cycling.hutchinson.com\/fr\/politique-de-confidentialite-et-cookies\/\">charte de protection des donn\u00e9es personnelles et cookies<\/a>. Veuillez noter que si vous visitez d\u2019autres sites du groupe Hutchinson d&#8217;autres conditions g\u00e9n\u00e9rales et chartes de protection des donn\u00e9es personnelles et cookies sont applicables sur ces sites et nous vous recommandons de les consulter.<\/p>\n<p>1. Identit\u00e9<br \/>\nSoci\u00e9t\u00e9 \u00e9ditrice du site internet, ci-apr\u00e8s la \u00ab Soci\u00e9t\u00e9 \u00bb :<br \/>\nHUTCHINSON<br \/>\nSi\u00e8ge social : 2 rue Balzac, 75008 Paris<br \/>\nType de soci\u00e9t\u00e9-forme sociale : Soci\u00e9t\u00e9 Anonyme<br \/>\nCapital : 52 947 648 euros<br \/>\nRegistre du Commerce et des Soci\u00e9t\u00e9s de Paris : 542 051 826<br \/>\nNum\u00e9ro T.V.A. : FR57542051826<br \/>\nE-mail\u202f: cycling.contact@hutchinson.com<br \/>\nT\u00e9l\u00e9phone\u202f: + 33 (0)1 40 89 53 31<br \/>\nDirecteur de publication\u202f: Sylvie Woroniecki, Responsable des Communications Globales<\/p>\n<p>Conception technique et d\u00e9veloppement du site Internet :<br \/>\nNOUVODUO<br \/>\nSoci\u00e9t\u00e9 \u00e0 Responsabilit\u00e9 Limit\u00e9e au capital de 8.000 euros, dont le si\u00e8ge social est situ\u00e9 44, avenue du Capitaine Glarner, 93400 Saint-Ouen (France), immatricul\u00e9e au Registre du Commerce et des Soci\u00e9t\u00e9s\u202fde Bobigny sous le num\u00e9ro 480 278 852<br \/>\nT\u00e9l\u00e9phone : + 33 (0)1 40 12 06 69 <\/p>\n<p>H\u00e9bergement du site Internet :<br \/>\nGANDI<br \/>\nSoci\u00e9t\u00e9 par Actions Simplifi\u00e9e au capital de 2.300.000 euros, dont le si\u00e8ge social est situ\u00e9 63-65 Boulevard Mass\u00e9na 75013 Paris (France), immatricul\u00e9e au Registre du Commerce et des Soci\u00e9t\u00e9s\u202fde Paris sous le num\u00e9ro 423 093 459<br \/>\nT\u00e9l\u00e9phone : 01 70 37 76 61<\/p>\n<p>Les soci\u00e9t\u00e9s du groupe Hutchinson ont leur propre existence l\u00e9gale et disposent d\u2019une personnalit\u00e9 juridique autonome. La Soci\u00e9t\u00e9 qui a cr\u00e9\u00e9 ce site internet appartient au groupe Hutchinson. Les termes \u00ab Hutchinson \u00bb et \u00ab le groupe Hutchinson \u00bb sont parfois utilis\u00e9s pour des raisons pratiques et d\u00e9signent de fa\u00e7on g\u00e9n\u00e9rale, HUTCHINSON S.A. (la soci\u00e9t\u00e9 holding) et\/ou ses filiales. De m\u00eame, les termes \u00ab nous \u00bb, \u00ab notre \u00bb, \u00ab nos \u00bb font r\u00e9f\u00e9rence \u00e0 la Soci\u00e9t\u00e9 ou toute autre soci\u00e9t\u00e9 du groupe Hutchinson en g\u00e9n\u00e9ral. Il ne peut \u00eatre d\u00e9duit de la simple utilisation de ces expressions une quelconque implication de HUTCHINSON S.A., ni d\u2019aucune de ses filiales dans les affaires ou la gestion d\u2019une autre soci\u00e9t\u00e9 du groupe Hutchinson.<br \/>\n\u2003<br \/>\n2. Informations sur les activit\u00e9s<br \/>\nLa Soci\u00e9t\u00e9 a mis en ligne ce site internet afin de vous pr\u00e9senter certaines activit\u00e9s de la Soci\u00e9t\u00e9 et le cas \u00e9ch\u00e9ant d\u2019autres activit\u00e9s du groupe Hutchinson. Les informations sont fournies dans le cadre d\u2019une information g\u00e9n\u00e9rale, sans garantie d&#8217;ad\u00e9quation \u00e0 un besoin particulier d&#8217;utilisation. La Soci\u00e9t\u00e9 peut les modifier, mettre \u00e0 jour, \u00e0 tout moment et sans pr\u00e9avis.  <\/p>\n<p>3. Propri\u00e9t\u00e9 intellectuelle<br \/>\n3.1. Principe. Toutes les informations ou documents (textes, images anim\u00e9es ou non, bases de donn\u00e9es, sons, photos, savoir-faire, produits cit\u00e9s) contenus dans le site internet ainsi que tous les \u00e9l\u00e9ments cr\u00e9\u00e9s pour le site internet et sa structure g\u00e9n\u00e9rale, sont soit la propri\u00e9t\u00e9 de la Soci\u00e9t\u00e9 ou du groupe Hutchinson, soit font l&#8217;objet de droits d&#8217;utilisation, de reproduction et de repr\u00e9sentation consentis au profit de ces derniers. Ces informations, documents ou \u00e9l\u00e9ments sont soumis aux lois prot\u00e9geant le droit d&#8217;auteur d\u00e8s lors qu&#8217;elles sont mises \u00e0 la disposition du public sur ce site internet. Aucune licence, ni aucun droit autre que celui de consulter le site internet, n&#8217;est conf\u00e9r\u00e9 \u00e0 quiconque au regard des droits de propri\u00e9t\u00e9 intellectuelle. La reproduction des documents du site internet est autoris\u00e9e \u00e0 des fins exclusives d&#8217;information pour un usage personnel et priv\u00e9. Toute reproduction et toute utilisation de copie r\u00e9alis\u00e9e \u00e0 d&#8217;autres fins est express\u00e9ment interdite et soumise \u00e0 l&#8217;autorisation pr\u00e9alable et expresse de la Soci\u00e9t\u00e9. Dans tous les cas, la reproduction autoris\u00e9e des informations contenues dans ce site internet devra indiquer la source et la mention de propri\u00e9t\u00e9 ad\u00e9quates. <\/p>\n<p>3.2. Signes distinctifs. Sauf mention contraire, les d\u00e9nominations sociales, les logos, les produits et marques cit\u00e9s dans ce site internet sont la propri\u00e9t\u00e9 de la Soci\u00e9t\u00e9 ou du groupe Hutchinson, ou bien font l\u2019objet de droits d\u2019usage, de reproduction ou de repr\u00e9sentation qui ont \u00e9t\u00e9 consentis \u00e0 leur profit. Ils ne peuvent \u00eatre utilis\u00e9s sans l&#8217;autorisation \u00e9crite pr\u00e9alable de la Soci\u00e9t\u00e9.<\/p>\n<p>4. Engagement de l&#8217;utilisateur<br \/>\n4.1. Chaque utilisateur du site internet qui fournit des informations consent \u00e0 la Soci\u00e9t\u00e9 l&#8217;int\u00e9gralit\u00e9 des droits transf\u00e9rables relatifs \u00e0 cette information et autorise la Soci\u00e9t\u00e9 \u00e0 en faire usage. Les informations ainsi fournies par les utilisateurs seront consid\u00e9r\u00e9es comme non confidentielles. Toutefois, lorsque les informations fournies sont des donn\u00e9es personnelles au sens du droit applicable elles sont trait\u00e9es conform\u00e9ment \u00e0 la <a href=\"https:\/\/cycling.hutchinson.com\/fr\/politique-de-confidentialite-et-cookies\/\">charte de protection des donn\u00e9es personnelles et cookies<\/a> applicable \u00e0 ce site internet.<\/p>\n<p>4.2. Chaque utilisateur du site internet d\u00e9clare se conformer aux pr\u00e9sentes conditions g\u00e9n\u00e9rales d\u2019utilisation et lois en vigueur, en particulier :<br \/>\n&#8211;\tdisposer de la comp\u00e9tence et des moyens n\u00e9cessaires pour acc\u00e9der au site internet et l\u2019utiliser ;<br \/>\n&#8211;\tavoir v\u00e9rifi\u00e9 que la configuration informatique utilis\u00e9e ne contient aucun virus et qu&#8217;elle est en parfait \u00e9tat de fonctionnement ;<br \/>\n&#8211;\tconsentir \u00e0 la Soci\u00e9t\u00e9 et \u00e0 ses partenaires le cas \u00e9ch\u00e9ant le droit de faire tout usage des informations fournies (autre que des donn\u00e9es \u00e0 caract\u00e8re personnel) ;<\/p>\n<p>&#8211;\tDans les zones de commentaires libres, vous vous engagez \u00e0 \u00e9crire des commentaires objectifs qui ne sont jamais excessifs ou insultants, \u00e0 l&#8217;exclusion de toute donn\u00e9e consid\u00e9r\u00e9e comme sensible (par exemple origine raciale ou ethnique, opinions politiques, philosophiques ou religieuses, etc.) ;<br \/>\n&#8211;\tdevoir conserver confidentiels et \u00eatre en cons\u00e9quence responsable de l\u2019utilisation et de la s\u00e9curit\u00e9 des codes d&#8217;acc\u00e8s et mots de passe que la Soci\u00e9t\u00e9 peut vous transmettre pour acc\u00e9der \u00e0 certaines rubriques. La Soci\u00e9t\u00e9 se r\u00e9serve le droit de suspendre votre acc\u00e8s au site internet en cas d&#8217;utilisation frauduleuse ou de tentative d&#8217;utilisation frauduleuse de cet acc\u00e8s.<\/p>\n<p>5. Liens hypertextes<br \/>\n5.1. Activation des liens. La Soci\u00e9t\u00e9 d\u00e9cline formellement toute responsabilit\u00e9 quant aux contenus des sites vers lesquels elle offre des liens. Ces liens sont propos\u00e9s aux utilisateurs de ce site internet. Veuillez consulter les conditions g\u00e9n\u00e9rales et la charte donn\u00e9es personnelles et cookies de ces sites afin de comprendre leurs pratiques. La d\u00e9cision d&#8217;activer les liens appartient exclusivement aux utilisateurs du site internet. La Soci\u00e9t\u00e9 peut modifier ou supprimer un lien sur notre site internet \u00e0 tout moment. <\/p>\n<p>5.2. Autorisation des liens. Si vous souhaitez cr\u00e9er un lien hypertexte avec ce site internet, vous devez obtenir l&#8217;autorisation \u00e9crite et pr\u00e9alable de la Soci\u00e9t\u00e9 en utilisant les coordonn\u00e9es de contact mentionn\u00e9es \u00e0 la fin de ce document. <\/p>\n<p>6. Mises en garde<br \/>\n6.1. Les informations et recommandations disponibles sur ce site internet (\u00ab Informations \u00bb) sont propos\u00e9es de bonne foi. Elles sont cens\u00e9es \u00eatre correctes au moment o\u00f9 elles sont publi\u00e9es sur le site. Toutefois, la Soci\u00e9t\u00e9 ne garantit pas le caract\u00e8re exhaustif et l&#8217;exactitude de ces Informations. Vous assumez pleinement les risques li\u00e9s au cr\u00e9dit que vous leur accordez. Ces Informations vous sont fournies \u00e0 la condition que vous ou toute autre personne qui les recevez puissiez d\u00e9terminer leur int\u00e9r\u00eat pour un objectif pr\u00e9cis avant de les utiliser. En aucun cas, la Soci\u00e9t\u00e9 ne sera responsable des dommages susceptibles de r\u00e9sulter du cr\u00e9dit accord\u00e9 \u00e0 ces Informations ou de leur utilisation.  Ces Informations ne doivent pas \u00eatre consid\u00e9r\u00e9es comme des recommandations pour l&#8217;utilisation d&#8217;informations, de produits, de proc\u00e9dures, d&#8217;\u00e9quipements ou de formulations qui seraient en contradiction avec un brevet, un copyright ou une marque d\u00e9pos\u00e9e. La Soci\u00e9t\u00e9 d\u00e9cline toute responsabilit\u00e9, expresse ou implicite, si l&#8217;utilisation de ces Informations venait \u00e0 contrevenir \u00e0 un brevet, un copyright ou une marque d\u00e9pos\u00e9e.<\/p>\n<p>La Soci\u00e9t\u00e9, et toute soci\u00e9t\u00e9 du groupe Hutchinson rejette cat\u00e9goriquement toute interpr\u00e9tation qui viserait \u00e0 assimiler le contenu de ses sites internet \u00e0 des offres d&#8217;achat ou des incitations \u00e0 acqu\u00e9rir des actions ou autres valeurs mobili\u00e8res cot\u00e9es ou non cot\u00e9es de la Soci\u00e9t\u00e9 ou de toute autre soci\u00e9t\u00e9 du groupe Hutchinson. Aucune garantie, expresse ou implicite, n&#8217;est donn\u00e9e quant \u00e0 la nature marchande des Informations fournies, ni quant \u00e0 leur ad\u00e9quation \u00e0 une finalit\u00e9 d\u00e9termin\u00e9e, ainsi qu&#8217;en ce qui concerne les produits auxquels il est fait r\u00e9f\u00e9rence dans ces Informations. En aucun cas, la Soci\u00e9t\u00e9 ne s&#8217;engage \u00e0 mettre \u00e0 jour ou \u00e0 corriger les Informations qui seront diffus\u00e9es sur Internet ou sur leurs serveurs web. La Soci\u00e9t\u00e9 se r\u00e9serve le droit de modifier ou de corriger le contenu de ses sites \u00e0 tout moment sans pr\u00e9avis.<br \/>\n6.2. La Soci\u00e9t\u00e9 ne garantit pas, sans que cette liste soit exhaustive, que le site internet fonctionne sans interruption et que les serveurs qui y donnent acc\u00e8s et\/ou les sites tiers pour lesquels apparaissent des liens hypertextes ne contiennent pas de virus.<\/p>\n<p>7. Mises \u00e0 jour des conditions d&#8217;utilisation du site internet et loi applicable<br \/>\nL\u2019Editeur du Site Internet peut proc\u00e9der \u00e0 la mise \u00e0 jour des pr\u00e9sentes Conditions G\u00e9n\u00e9rales d\u2019Utilisation du Site Internet \u00e0 tout moment. En cons\u00e9quence, l\u2019Utilisateur est invit\u00e9 \u00e0 se r\u00e9f\u00e9rer r\u00e9guli\u00e8rement aux derni\u00e8res CGU en vigueur disponibles sur le Site Internet.<\/p>\n<p>Si une ou plusieurs dispositions des Conditions G\u00e9n\u00e9rales d\u2019Utilisation s&#8217;av\u00e9raient non applicables ou interdites en vertu d&#8217;une r\u00e9glementation d&#8217;ordre public, les autres dispositions des Conditions G\u00e9n\u00e9rales d\u2019Utilisation non affect\u00e9es demeureront applicables \u00e0 l&#8217;Utilisateur dans la mesure permise par cette r\u00e8glementation.  <\/p>\n<p>Les Conditions G\u00e9n\u00e9rales d\u2019Utilisation sont soumises au droit fran\u00e7ais et rel\u00e8vent de la comp\u00e9tence des tribunaux fran\u00e7ais comp\u00e9tents.<\/p>\n<p>8. Coordonn\u00e9es de contact<br \/>\nPour toute question relative aux conditions d\u2019utilisation du site internet, veuillez pouvez nous contacter par email \u00e0 l\u2019adresse suivante <a href=\"mailto:cycling.contact@hutchinson.com\">cycling.contact@hutchinson.com<\/a> ou par courrier postal \u00e0 l\u2019adresse suivante D\u00e9partement Cyclisme Hutchinson \u2013 Communication 61, rue Marius Aufan \u2013 92300 Levallois Perret (France).<\/p>\n<p>Cr\u00e9dits\u202fphotos\u202fet vid\u00e9os:<br \/>\n\u2022\tHutchinson<br \/>\n\u2022\tDiedre Design<br \/>\n\u2022\tLauriane Miara<br \/>\n\u2022\tBlackballoon<br \/>\n\u2022\tDavid &#038; Douglas<br \/>\n\u2022\tLepresti<br \/>\n\u2022\tTDG photography<br \/>\n\u2022\tPierre Henni<\/p>\n","protected":false},"excerpt":{"rendered":"<p>Bienvenue sur le site internet professionnel cycling.hutchinson.com. En vous connectant ou en utilisant notre site internet, vous reconnaissez avoir lu, compris, et accept\u00e9, sans limitation ni r\u00e9serve, les pr\u00e9sentes conditions g\u00e9n\u00e9rales d\u2019utilisation et notre charte de protection des donn\u00e9es personnelles et cookies. Veuillez noter que si vous visitez d\u2019autres sites du groupe Hutchinson d&#8217;autres conditions [&hellip;]<\/p>\n","protected":false},"author":5,"featured_media":0,"parent":0,"menu_order":0,"comment_status":"closed","ping_status":"open","template":"","meta":{"inline_featured_image":false,"footnotes":""},"class_list":["post-4212","page","type-page","status-publish","hentry"],"yoast_head":"<!-- This site is optimized with the Yoast SEO plugin v26.1.1 - https:\/\/yoast.com\/wordpress\/plugins\/seo\/ -->\n<title>Termes &amp; Conditions G\u00e9n\u00e9rales d&#039;Utilisation - Hutchinson Cycling<\/title>\n<meta name=\"robots\" content=\"index, follow, max-snippet:-1, max-image-preview:large, max-video-preview:-1\" \/>\n<link rel=\"canonical\" href=\"https:\/\/cycling.hutchinson.com\/fr\/terms-and-conditions-of-use\/\" \/>\n<meta property=\"og:locale\" content=\"fr_FR\" \/>\n<meta property=\"og:type\" content=\"article\" \/>\n<meta property=\"og:title\" content=\"Termes &amp; Conditions G\u00e9n\u00e9rales d&#039;Utilisation - Hutchinson Cycling\" \/>\n<meta property=\"og:description\" content=\"Bienvenue sur le site internet professionnel cycling.hutchinson.com. En vous connectant ou en utilisant notre site internet, vous reconnaissez avoir lu, compris, et accept\u00e9, sans limitation ni r\u00e9serve, les pr\u00e9sentes conditions g\u00e9n\u00e9rales d\u2019utilisation et notre charte de protection des donn\u00e9es personnelles et cookies. Veuillez noter que si vous visitez d\u2019autres sites du groupe Hutchinson d&#8217;autres conditions [&hellip;]\" \/>\n<meta property=\"og:url\" content=\"https:\/\/cycling.hutchinson.com\/terms-and-conditions-of-use\/\" \/>\n<meta property=\"og:site_name\" content=\"Hutchinson Cycling\" \/>\n<meta property=\"article:modified_time\" content=\"2021-02-11T23:06:12+00:00\" \/>\n<meta name=\"twitter:card\" content=\"summary_large_image\" \/>\n<meta name=\"twitter:label1\" content=\"Est. reading time\" \/>\n\t<meta name=\"twitter:data1\" content=\"9 minutes\" \/>\n<script type=\"application\/ld+json\" class=\"yoast-schema-graph\">{\"@context\":\"https:\/\/schema.org\",\"@graph\":[{\"@type\":\"WebPage\",\"@id\":\"https:\/\/cycling.hutchinson.com\/terms-and-conditions-of-use\/\",\"url\":\"https:\/\/cycling.hutchinson.com\/terms-and-conditions-of-use\/\",\"name\":\"Termes & Conditions G\u00e9n\u00e9rales d'Utilisation - Hutchinson Cycling\",\"isPartOf\":{\"@id\":\"https:\/\/cycling.hutchinson.com\/#website\"},\"datePublished\":\"2020-10-27T09:56:05+00:00\",\"dateModified\":\"2021-02-11T23:06:12+00:00\",\"breadcrumb\":{\"@id\":\"https:\/\/cycling.hutchinson.com\/terms-and-conditions-of-use\/#breadcrumb\"},\"inLanguage\":\"fr-FR\",\"potentialAction\":[{\"@type\":\"ReadAction\",\"target\":[\"https:\/\/cycling.hutchinson.com\/terms-and-conditions-of-use\/\"]}]},{\"@type\":\"BreadcrumbList\",\"@id\":\"https:\/\/cycling.hutchinson.com\/terms-and-conditions-of-use\/#breadcrumb\",\"itemListElement\":[{\"@type\":\"ListItem\",\"position\":1,\"name\":\"Home\",\"item\":\"https:\/\/cycling.hutchinson.com\/fr\/\"},{\"@type\":\"ListItem\",\"position\":2,\"name\":\"Termes &#038; Conditions G\u00e9n\u00e9rales d&#8217;Utilisation\"}]},{\"@type\":\"WebSite\",\"@id\":\"https:\/\/cycling.hutchinson.com\/#website\",\"url\":\"https:\/\/cycling.hutchinson.com\/\",\"name\":\"Hutchinson Cycling\",\"description\":\"Ride Your Own Story - Hutchinson Cycling\",\"potentialAction\":[{\"@type\":\"SearchAction\",\"target\":{\"@type\":\"EntryPoint\",\"urlTemplate\":\"https:\/\/cycling.hutchinson.com\/?s={search_term_string}\"},\"query-input\":{\"@type\":\"PropertyValueSpecification\",\"valueRequired\":true,\"valueName\":\"search_term_string\"}}],\"inLanguage\":\"fr-FR\"}]}<\/script>\n<!-- \/ Yoast SEO plugin. -->","yoast_head_json":{"title":"Termes & Conditions G\u00e9n\u00e9rales d'Utilisation - Hutchinson Cycling","robots":{"index":"index","follow":"follow","max-snippet":"max-snippet:-1","max-image-preview":"max-image-preview:large","max-video-preview":"max-video-preview:-1"},"canonical":"https:\/\/cycling.hutchinson.com\/fr\/terms-and-conditions-of-use\/","og_locale":"fr_FR","og_type":"article","og_title":"Termes & Conditions G\u00e9n\u00e9rales d'Utilisation - Hutchinson Cycling","og_description":"Bienvenue sur le site internet professionnel cycling.hutchinson.com. En vous connectant ou en utilisant notre site internet, vous reconnaissez avoir lu, compris, et accept\u00e9, sans limitation ni r\u00e9serve, les pr\u00e9sentes conditions g\u00e9n\u00e9rales d\u2019utilisation et notre charte de protection des donn\u00e9es personnelles et cookies. Veuillez noter que si vous visitez d\u2019autres sites du groupe Hutchinson d&#8217;autres conditions [&hellip;]","og_url":"https:\/\/cycling.hutchinson.com\/terms-and-conditions-of-use\/","og_site_name":"Hutchinson Cycling","article_modified_time":"2021-02-11T23:06:12+00:00","twitter_card":"summary_large_image","twitter_misc":{"Est. reading time":"9 minutes"},"schema":{"@context":"https:\/\/schema.org","@graph":[{"@type":"WebPage","@id":"https:\/\/cycling.hutchinson.com\/terms-and-conditions-of-use\/","url":"https:\/\/cycling.hutchinson.com\/terms-and-conditions-of-use\/","name":"Termes & Conditions G\u00e9n\u00e9rales d'Utilisation - Hutchinson Cycling","isPartOf":{"@id":"https:\/\/cycling.hutchinson.com\/#website"},"datePublished":"2020-10-27T09:56:05+00:00","dateModified":"2021-02-11T23:06:12+00:00","breadcrumb":{"@id":"https:\/\/cycling.hutchinson.com\/terms-and-conditions-of-use\/#breadcrumb"},"inLanguage":"fr-FR","potentialAction":[{"@type":"ReadAction","target":["https:\/\/cycling.hutchinson.com\/terms-and-conditions-of-use\/"]}]},{"@type":"BreadcrumbList","@id":"https:\/\/cycling.hutchinson.com\/terms-and-conditions-of-use\/#breadcrumb","itemListElement":[{"@type":"ListItem","position":1,"name":"Home","item":"https:\/\/cycling.hutchinson.com\/fr\/"},{"@type":"ListItem","position":2,"name":"Termes &#038; Conditions G\u00e9n\u00e9rales d&#8217;Utilisation"}]},{"@type":"WebSite","@id":"https:\/\/cycling.hutchinson.com\/#website","url":"https:\/\/cycling.hutchinson.com\/","name":"Hutchinson Cycling","description":"Ride Your Own Story - Hutchinson Cycling","potentialAction":[{"@type":"SearchAction","target":{"@type":"EntryPoint","urlTemplate":"https:\/\/cycling.hutchinson.com\/?s={search_term_string}"},"query-input":{"@type":"PropertyValueSpecification","valueRequired":true,"valueName":"search_term_string"}}],"inLanguage":"fr-FR"}]}},"_links":{"self":[{"href":"https:\/\/cycling.hutchinson.com\/fr\/wp-json\/wp\/v2\/pages\/4212\/"}],"collection":[{"href":"https:\/\/cycling.hutchinson.com\/fr\/wp-json\/wp\/v2\/pages\/"}],"about":[{"href":"https:\/\/cycling.hutchinson.com\/fr\/wp-json\/wp\/v2\/types\/page\/"}],"author":[{"embeddable":true,"href":"https:\/\/cycling.hutchinson.com\/fr\/wp-json\/wp\/v2\/users\/5\/"}],"replies":[{"embeddable":true,"href":"https:\/\/cycling.hutchinson.com\/fr\/wp-json\/wp\/v2\/comments\/?post=4212"}],"version-history":[{"count":13,"href":"https:\/\/cycling.hutchinson.com\/fr\/wp-json\/wp\/v2\/pages\/4212\/revisions\/"}],"predecessor-version":[{"id":9355,"href":"https:\/\/cycling.hutchinson.com\/fr\/wp-json\/wp\/v2\/pages\/4212\/revisions\/9355\/"}],"wp:attachment":[{"href":"https:\/\/cycling.hutchinson.com\/fr\/wp-json\/wp\/v2\/media\/?parent=4212"}],"curies":[{"name":"wp","href":"https:\/\/api.w.org\/{rel}","templated":true}]}}