{"id":4085,"date":"2021-01-07T16:28:44","date_gmt":"2021-01-07T15:28:44","guid":{"rendered":"https:\/\/cycling.hutchinson.com\/?page_id=4085"},"modified":"2026-03-11T11:30:43","modified_gmt":"2026-03-11T10:30:43","slug":"alex-yee","status":"publish","type":"page","link":"https:\/\/cycling.hutchinson.com\/fr\/family-ambassadors-athletes\/alex-yee\/","title":{"rendered":"Alex Yee"},"content":{"rendered":"<p>Alex Yee est le triathl\u00e8te olympique le plus m\u00e9daill\u00e9 de l&#8217;histoire, bas\u00e9 \u00e0 Loughborough. Fort de son titre de Champion du Monde 2024, Alex a remport\u00e9 l&#8217;or individuel et le bronze en relais mixte aux Jeux Olympiques de Paris 2024.<\/p>\n","protected":false},"excerpt":{"rendered":"<p>Alex Yee est le triathl\u00e8te olympique le plus m\u00e9daill\u00e9 de l&#8217;histoire, bas\u00e9 \u00e0 Loughborough. Fort de son titre de Champion du Monde 2024, Alex a remport\u00e9 l&#8217;or individuel et le bronze en relais mixte aux Jeux Olympiques de Paris 2024.<\/p>\n","protected":false},"author":5,"featured_media":10028,"parent":3986,"menu_order":0,"comment_status":"closed","ping_status":"closed","template":"templates\/tpl-standard.php","meta":{"inline_featured_image":false,"footnotes":""},"class_list":["post-4085","page","type-page","status-publish","has-post-thumbnail","hentry"],"yoast_head":"<!-- This site is optimized with the Yoast SEO plugin v26.1.1 - https:\/\/yoast.com\/wordpress\/plugins\/seo\/ -->\n<title>Alex Yee - Hutchinson Cycling<\/title>\n<meta name=\"description\" content=\"Alex Yee, le triathl\u00e8te le plus m\u00e9daill\u00e9 de l&#039;histoire des JO. Champion du Monde 2024, il repousse les limites avec nos pneus Blackbird.\" \/>\n<meta name=\"robots\" content=\"index, follow, max-snippet:-1, max-image-preview:large, max-video-preview:-1\" \/>\n<link rel=\"canonical\" href=\"https:\/\/cycling.hutchinson.com\/fr\/family-ambassadors-athletes\/alex-yee\/\" \/>\n<meta property=\"og:locale\" content=\"fr_FR\" \/>\n<meta property=\"og:type\" content=\"article\" \/>\n<meta property=\"og:title\" content=\"Alex Yee - Hutchinson Cycling\" \/>\n<meta property=\"og:description\" content=\"Alex Yee, le triathl\u00e8te le plus m\u00e9daill\u00e9 de l&#039;histoire des JO. Champion du Monde 2024, il repousse les limites avec nos pneus Blackbird.\" \/>\n<meta property=\"og:url\" content=\"https:\/\/cycling.hutchinson.com\/fr\/family-ambassadors-athletes\/alex-yee\/\" \/>\n<meta property=\"og:site_name\" content=\"Hutchinson Cycling\" \/>\n<meta property=\"article:modified_time\" content=\"2026-03-11T10:30:43+00:00\" \/>\n<meta property=\"og:image\" content=\"https:\/\/cycling.hutchinson.com\/wp-content\/uploads\/2021\/08\/olympics-tokyo-road-triathlon-hutchinson-1-scaled.jpg\" \/>\n\t<meta property=\"og:image:width\" content=\"2560\" \/>\n\t<meta property=\"og:image:height\" content=\"933\" \/>\n\t<meta property=\"og:image:type\" content=\"image\/jpeg\" \/>\n<meta name=\"twitter:card\" content=\"summary_large_image\" \/>\n<meta name=\"twitter:label1\" content=\"Est. reading time\" \/>\n\t<meta name=\"twitter:data1\" content=\"1 minute\" \/>\n<script type=\"application\/ld+json\" class=\"yoast-schema-graph\">{\"@context\":\"https:\/\/schema.org\",\"@graph\":[{\"@type\":\"WebPage\",\"@id\":\"https:\/\/cycling.hutchinson.com\/fr\/family-ambassadors-athletes\/alex-yee\/\",\"url\":\"https:\/\/cycling.hutchinson.com\/fr\/family-ambassadors-athletes\/alex-yee\/\",\"name\":\"Alex Yee - Hutchinson Cycling\",\"isPartOf\":{\"@id\":\"https:\/\/cycling.hutchinson.com\/#website\"},\"primaryImageOfPage\":{\"@id\":\"https:\/\/cycling.hutchinson.com\/fr\/family-ambassadors-athletes\/alex-yee\/#primaryimage\"},\"image\":{\"@id\":\"https:\/\/cycling.hutchinson.com\/fr\/family-ambassadors-athletes\/alex-yee\/#primaryimage\"},\"thumbnailUrl\":\"https:\/\/cycling.hutchinson.com\/wp-content\/uploads\/2021\/08\/olympics-tokyo-road-triathlon-hutchinson-1-scaled.jpg\",\"datePublished\":\"2021-01-07T15:28:44+00:00\",\"dateModified\":\"2026-03-11T10:30:43+00:00\",\"description\":\"Alex Yee, le triathl\u00e8te le plus m\u00e9daill\u00e9 de l'histoire des JO. Champion du Monde 2024, il repousse les limites avec nos pneus Blackbird.\",\"breadcrumb\":{\"@id\":\"https:\/\/cycling.hutchinson.com\/fr\/family-ambassadors-athletes\/alex-yee\/#breadcrumb\"},\"inLanguage\":\"fr-FR\",\"potentialAction\":[{\"@type\":\"ReadAction\",\"target\":[\"https:\/\/cycling.hutchinson.com\/fr\/family-ambassadors-athletes\/alex-yee\/\"]}]},{\"@type\":\"ImageObject\",\"inLanguage\":\"fr-FR\",\"@id\":\"https:\/\/cycling.hutchinson.com\/fr\/family-ambassadors-athletes\/alex-yee\/#primaryimage\",\"url\":\"https:\/\/cycling.hutchinson.com\/wp-content\/uploads\/2021\/08\/olympics-tokyo-road-triathlon-hutchinson-1-scaled.jpg\",\"contentUrl\":\"https:\/\/cycling.hutchinson.com\/wp-content\/uploads\/2021\/08\/olympics-tokyo-road-triathlon-hutchinson-1-scaled.jpg\",\"width\":2560,\"height\":933,\"caption\":\"olympics-tokyo-road-triathlon-hutchinson-1\"},{\"@type\":\"BreadcrumbList\",\"@id\":\"https:\/\/cycling.hutchinson.com\/fr\/family-ambassadors-athletes\/alex-yee\/#breadcrumb\",\"itemListElement\":[{\"@type\":\"ListItem\",\"position\":1,\"name\":\"Home\",\"item\":\"https:\/\/cycling.hutchinson.com\/fr\/\"},{\"@type\":\"ListItem\",\"position\":2,\"name\":\"Family\",\"item\":\"https:\/\/cycling.hutchinson.com\/fr\/family-ambassadors-athletes\/\"},{\"@type\":\"ListItem\",\"position\":3,\"name\":\"Alex Yee\"}]},{\"@type\":\"WebSite\",\"@id\":\"https:\/\/cycling.hutchinson.com\/#website\",\"url\":\"https:\/\/cycling.hutchinson.com\/\",\"name\":\"Hutchinson Cycling\",\"description\":\"Ride Your Own Story - Hutchinson Cycling\",\"potentialAction\":[{\"@type\":\"SearchAction\",\"target\":{\"@type\":\"EntryPoint\",\"urlTemplate\":\"https:\/\/cycling.hutchinson.com\/?s={search_term_string}\"},\"query-input\":{\"@type\":\"PropertyValueSpecification\",\"valueRequired\":true,\"valueName\":\"search_term_string\"}}],\"inLanguage\":\"fr-FR\"}]}<\/script>\n<!-- \/ Yoast SEO plugin. -->","yoast_head_json":{"title":"Alex Yee - Hutchinson Cycling","description":"Alex Yee, le triathl\u00e8te le plus m\u00e9daill\u00e9 de l'histoire des JO. Champion du Monde 2024, il repousse les limites avec nos pneus Blackbird.","robots":{"index":"index","follow":"follow","max-snippet":"max-snippet:-1","max-image-preview":"max-image-preview:large","max-video-preview":"max-video-preview:-1"},"canonical":"https:\/\/cycling.hutchinson.com\/fr\/family-ambassadors-athletes\/alex-yee\/","og_locale":"fr_FR","og_type":"article","og_title":"Alex Yee - Hutchinson Cycling","og_description":"Alex Yee, le triathl\u00e8te le plus m\u00e9daill\u00e9 de l'histoire des JO. Champion du Monde 2024, il repousse les limites avec nos pneus Blackbird.","og_url":"https:\/\/cycling.hutchinson.com\/fr\/family-ambassadors-athletes\/alex-yee\/","og_site_name":"Hutchinson Cycling","article_modified_time":"2026-03-11T10:30:43+00:00","og_image":[{"width":2560,"height":933,"url":"https:\/\/cycling.hutchinson.com\/wp-content\/uploads\/2021\/08\/olympics-tokyo-road-triathlon-hutchinson-1-scaled.jpg","type":"image\/jpeg"}],"twitter_card":"summary_large_image","twitter_misc":{"Est. reading time":"1 minute"},"schema":{"@context":"https:\/\/schema.org","@graph":[{"@type":"WebPage","@id":"https:\/\/cycling.hutchinson.com\/fr\/family-ambassadors-athletes\/alex-yee\/","url":"https:\/\/cycling.hutchinson.com\/fr\/family-ambassadors-athletes\/alex-yee\/","name":"Alex Yee - Hutchinson Cycling","isPartOf":{"@id":"https:\/\/cycling.hutchinson.com\/#website"},"primaryImageOfPage":{"@id":"https:\/\/cycling.hutchinson.com\/fr\/family-ambassadors-athletes\/alex-yee\/#primaryimage"},"image":{"@id":"https:\/\/cycling.hutchinson.com\/fr\/family-ambassadors-athletes\/alex-yee\/#primaryimage"},"thumbnailUrl":"https:\/\/cycling.hutchinson.com\/wp-content\/uploads\/2021\/08\/olympics-tokyo-road-triathlon-hutchinson-1-scaled.jpg","datePublished":"2021-01-07T15:28:44+00:00","dateModified":"2026-03-11T10:30:43+00:00","description":"Alex Yee, le triathl\u00e8te le plus m\u00e9daill\u00e9 de l'histoire des JO. Champion du Monde 2024, il repousse les limites avec nos pneus Blackbird.","breadcrumb":{"@id":"https:\/\/cycling.hutchinson.com\/fr\/family-ambassadors-athletes\/alex-yee\/#breadcrumb"},"inLanguage":"fr-FR","potentialAction":[{"@type":"ReadAction","target":["https:\/\/cycling.hutchinson.com\/fr\/family-ambassadors-athletes\/alex-yee\/"]}]},{"@type":"ImageObject","inLanguage":"fr-FR","@id":"https:\/\/cycling.hutchinson.com\/fr\/family-ambassadors-athletes\/alex-yee\/#primaryimage","url":"https:\/\/cycling.hutchinson.com\/wp-content\/uploads\/2021\/08\/olympics-tokyo-road-triathlon-hutchinson-1-scaled.jpg","contentUrl":"https:\/\/cycling.hutchinson.com\/wp-content\/uploads\/2021\/08\/olympics-tokyo-road-triathlon-hutchinson-1-scaled.jpg","width":2560,"height":933,"caption":"olympics-tokyo-road-triathlon-hutchinson-1"},{"@type":"BreadcrumbList","@id":"https:\/\/cycling.hutchinson.com\/fr\/family-ambassadors-athletes\/alex-yee\/#breadcrumb","itemListElement":[{"@type":"ListItem","position":1,"name":"Home","item":"https:\/\/cycling.hutchinson.com\/fr\/"},{"@type":"ListItem","position":2,"name":"Family","item":"https:\/\/cycling.hutchinson.com\/fr\/family-ambassadors-athletes\/"},{"@type":"ListItem","position":3,"name":"Alex Yee"}]},{"@type":"WebSite","@id":"https:\/\/cycling.hutchinson.com\/#website","url":"https:\/\/cycling.hutchinson.com\/","name":"Hutchinson Cycling","description":"Ride Your Own Story - Hutchinson Cycling","potentialAction":[{"@type":"SearchAction","target":{"@type":"EntryPoint","urlTemplate":"https:\/\/cycling.hutchinson.com\/?s={search_term_string}"},"query-input":{"@type":"PropertyValueSpecification","valueRequired":true,"valueName":"search_term_string"}}],"inLanguage":"fr-FR"}]}},"_links":{"self":[{"href":"https:\/\/cycling.hutchinson.com\/fr\/wp-json\/wp\/v2\/pages\/4085\/"}],"collection":[{"href":"https:\/\/cycling.hutchinson.com\/fr\/wp-json\/wp\/v2\/pages\/"}],"about":[{"href":"https:\/\/cycling.hutchinson.com\/fr\/wp-json\/wp\/v2\/types\/page\/"}],"author":[{"embeddable":true,"href":"https:\/\/cycling.hutchinson.com\/fr\/wp-json\/wp\/v2\/users\/5\/"}],"replies":[{"embeddable":true,"href":"https:\/\/cycling.hutchinson.com\/fr\/wp-json\/wp\/v2\/comments\/?post=4085"}],"version-history":[{"count":5,"href":"https:\/\/cycling.hutchinson.com\/fr\/wp-json\/wp\/v2\/pages\/4085\/revisions\/"}],"predecessor-version":[{"id":18464,"href":"https:\/\/cycling.hutchinson.com\/fr\/wp-json\/wp\/v2\/pages\/4085\/revisions\/18464\/"}],"up":[{"embeddable":true,"href":"https:\/\/cycling.hutchinson.com\/fr\/wp-json\/wp\/v2\/pages\/3986\/"}],"wp:featuredmedia":[{"embeddable":true,"href":"https:\/\/cycling.hutchinson.com\/fr\/wp-json\/wp\/v2\/media\/10028\/"}],"wp:attachment":[{"href":"https:\/\/cycling.hutchinson.com\/fr\/wp-json\/wp\/v2\/media\/?parent=4085"}],"curies":[{"name":"wp","href":"https:\/\/api.w.org\/{rel}","templated":true}]}}