{"id":4021,"date":"2020-11-26T12:42:19","date_gmt":"2020-11-26T11:42:19","guid":{"rendered":"https:\/\/cycling.hutchinson.com\/?page_id=4021"},"modified":"2026-02-09T16:30:13","modified_gmt":"2026-02-09T15:30:13","slug":"politique-de-confidentialite-et-cookies","status":"publish","type":"page","link":"https:\/\/cycling.hutchinson.com\/fr\/politique-de-confidentialite-et-cookies\/","title":{"rendered":"Politique de confidentialit\u00e9 et cookies"},"content":{"rendered":"<p>Bienvenue sur le site internet professionnel <a href=\"https:\/\/cycling.hutchinson.com\/fr\/\">cycling.hutchinson.com<\/a>. En vous connectant ou en consultant le site internet, vous reconnaissez avoir lu, compris, et accept\u00e9, sans limitation ni r\u00e9serve, la pr\u00e9sente Charte de protection des donn\u00e9es personnelles et cookies (ci-apr\u00e8s la \u00ab Charte \u00bb) et nos conditions g\u00e9n\u00e9rales d\u2019utilisation. Veuillez noter que d&#8217;autres conditions g\u00e9n\u00e9rales et Chartes de protection des donn\u00e9es personnelles et cookies s\u2019appliquent aux autres sites du groupe Hutchinson et nous vous recommandons de les consulter attentivement.<\/p>\n<p>La Charte vise \u00e0 vous informer des droits et libert\u00e9s que vous pouvez faire valoir \u00e0 l&#8217;\u00e9gard de notre utilisation de vos donn\u00e9es personnelles et d\u00e9crit les mesures que nous mettons en \u0153uvre afin de les prot\u00e9ger.<\/p>\n<p>Hutchinson, Soci\u00e9t\u00e9 Anonyme au capital social de 52.947.648 euros, ayant son si\u00e8ge social situ\u00e9 au 2 rue Balzac 75008 Paris, inscrite au Registre du Commerce et des Soci\u00e9t\u00e9s de Paris sous le num\u00e9ro 542 051 826, est le \u00ab responsable du traitement \u00bb des donn\u00e9es personnelles relatives \u00e0 la gestion du site internet. Ces traitements sont mis en \u0153uvre conform\u00e9ment au droit applicable.<\/p>\n<p><strong>1. Finalit\u00e9, fondement du traitement des donn\u00e9es collect\u00e9es et dur\u00e9e de conservation<\/strong><br \/>\nVous \u00eates susceptibles de nous fournir un certain nombre de donn\u00e9es personnelles telles que vos nom, pr\u00e9nom et adresse email, afin de r\u00e9pondre \u00e0 votre demande d\u2019informations sur nos produits et\/ou services, vous fournir les informations et\/ou les services demand\u00e9s.<\/p>\n<p>De plus, si vous y avez consenti, vos donn\u00e9es personnelles (adresse e-mail) peuvent \u00eatre utilis\u00e9es pour vous envoyer nos newsletters. Veuillez noter que vous pouvez \u00e0 tout moment utiliser le lien de d\u00e9sinscription int\u00e9gr\u00e9 dans chaque newsletter.<\/p>\n<p>Le traitement de vos donn\u00e9es personnelles est bas\u00e9 sur votre consentement via le formulaire de contact par lequel vous nous contactez sur notre site Web. Ces informations sont n\u00e9cessaires pour permettre de traiter votre demande, \u00e0 d\u00e9faut celle-ci ne pourra \u00eatre trait\u00e9e. Vous pouvez retirer votre consentement \u00e0 tout moment sans que cela ne remette en cause le(s) traitement(s) effectu\u00e9(s) ant\u00e9rieurement, en \u00e9crivant \u00e0 l&#8217;adresse email suivante : data.protection@hutchinson.com.<\/p>\n<p>Dans notre formulaire en ligne, les champs obligatoires sont marqu\u00e9s par un ast\u00e9risque. A d\u00e9faut de r\u00e9ponse aux questions obligatoires, nous ne serons pas en mesure de vous fournir le(s) service(s) demand\u00e9(s).<\/p>\n<p>Vos donn\u00e9es personnelles ne sont pas trait\u00e9es ult\u00e9rieurement de mani\u00e8re incompatible avec les finalit\u00e9s d\u00e9crites ci-dessous ou sous les formulaires de collecte.<\/p>\n<p>Vos donn\u00e9es sont conserv\u00e9es pendant la dur\u00e9e n\u00e9cessaire \u00e0 la finalit\u00e9 de chaque traitement comme indiqu\u00e9 ci-dessous :<\/p>\n<table class=\"center\" style=\"height: 187px;\" border=\"1\" width=\"617\" cellspacing=\"12\" cellpadding=\"20\" align=\"center\">\n<tbody>\n<tr>\n<td width=\"302\"><strong><em>Finalit\u00e9 du traitement<\/em><\/strong><\/td>\n<td width=\"302\"><strong><em>Dur\u00e9e de conservation<\/em><\/strong><\/td>\n<\/tr>\n<tr>\n<td width=\"302\"><em><u>Traitement n\u00b01 : <\/u><\/em>traitement de votre demande<\/td>\n<td width=\"302\">3 mois<\/td>\n<\/tr>\n<tr>\n<td width=\"302\"><em><u>Traitement n\u00b02 : <\/u><\/em> gestion de l\u2019envoi de newsletters (email, date d\u2019abonnement, statistiques li\u00e9s au service)<\/td>\n<td style=\"text-align: center;\" width=\"302\">Tant que vous ne vous d\u00e9sinscrivez pas (via le lien de d\u00e9sinscription int\u00e9gr\u00e9 aux newsletters).<\/td>\n<\/tr>\n<\/tbody>\n<\/table>\n<p><strong>2. Destinataires des donn\u00e9es<\/strong><br \/>\nAfin de satisfaire les finalit\u00e9s pr\u00e9cis\u00e9es ci-dessus, vos donn\u00e9es personnelles sont transmises aux soci\u00e9t\u00e9s du Groupe HUTCHINSON ainsi qu\u2019\u00e0 la soci\u00e9t\u00e9 fran\u00e7aise NOUVODUO, prestataire d\u00e9veloppeur de notre plateforme web (maintenance), et la soci\u00e9t\u00e9 fran\u00e7aise GANDI, h\u00e9bergeur de vos donn\u00e9es personnelles. Vos donn\u00e9es personnelles sont stock\u00e9es sur des serveurs localis\u00e9s en France.<\/p>\n<p>S\u2019agissant des newsletters, votre adresse email est transmise \u00e0 la soci\u00e9t\u00e9 fran\u00e7aise SARBACANE, gestionnaire des envois.<\/p>\n<p><strong>3. Transferts de donn\u00e9es<\/strong><br \/>\nTout transfert de donn\u00e9es vers un pays tiers hors de l\u2019Espace Economique Europ\u00e9en est r\u00e9alis\u00e9 en conformit\u00e9 avec la r\u00e8glementation applicable et de mani\u00e8re \u00e0 assurer une protection ad\u00e9quate des donn\u00e9es.<\/p>\n<p>Au titre des services fournis sur le site, vos donn\u00e9es nom, pr\u00e9nom, adresse email peuvent \u00eatre transf\u00e9r\u00e9es \u00e0 des entit\u00e9s du Groupe HUTCHINSON \u00e9tablies hors de l\u2019Espace Economique Europ\u00e9en. Pour cela, le Groupe HUTCHINSON a adopt\u00e9 des R\u00e8gles d\u2019Entreprise Contraignantes (BCR) applicables \u00e0 l\u2019ensemble des entit\u00e9s du groupe permettant d\u2019encadrer les transferts intra groupe de vos donn\u00e9es personnelles en dehors de l\u2019Union Europ\u00e9enne.<\/p>\n<p>Si vous souhaitez obtenir plus d\u2019informations sur nos BCR merci de cliquer <a href=\"https:\/\/cycling.hutchinson.com\/fr\/binding-corporate-rules\/\">ici<\/a>. Pour toute information sur les autres mesures mises en place pour assurer une protection ad\u00e9quate, veuillez \u00e9crire \u00e0 l\u2019adresse de contact mentionn\u00e9e ci-apr\u00e8s.<\/p>\n<p><strong>4. S\u00e9curit\u00e9 et confidentialit\u00e9 de vos donn\u00e9es<\/strong><br \/>\nLe responsable du traitement met en \u0153uvre des mesures appropri\u00e9es pour pr\u00e9server la s\u00e9curit\u00e9 et la confidentialit\u00e9 de vos donn\u00e9es personnelles et, notamment, pour emp\u00eacher qu\u2019elles soient d\u00e9form\u00e9es, endommag\u00e9es, ou que des tiers non autoris\u00e9s y aient acc\u00e8s.<\/p>\n<p><strong>5. Gestion des cookies<\/strong><br \/>\nUn cookie est un fichier qui permet d\u2019enregistrer des informations relatives \u00e0 votre navigation et de la faciliter sur cycling.hutchinson.com.<\/p>\n<p>Les cookies sont des fichiers texte qui sont d\u00e9pos\u00e9s sur votre terminal. Ils permettent d\u2019acc\u00e9der \u00e0 diff\u00e9rentes informations vous concernant. Certains d\u2019entre eux appartiennent \u00e0 l\u2019\u00e9diteur du site, d\u2019autres \u00e0 des op\u00e9rateurs tiers.<\/p>\n<p>Le tableau ci-dessous donne une vue d\u00e9taill\u00e9e sur chaque cookie\/traceur.<\/p>\n<p>Nous activons les cookies et autres traceurs une fois que vous avez donn\u00e9 votre consentement \u00e0 l\u2019exception des cookies et traceurs de type technique qui sont indispensables \u00e0 la fourniture du service que vous demandez sur le site <a href=\"http:\/\/cycling.hutchinson.com\">cycling.hutchinson.com<\/a>.<\/p>\n<ul>\n<li><strong><em>Les cookies propos\u00e9s par HUTCHINSON sur le site web<\/em><\/strong><\/li>\n<\/ul>\n<table class=\"center\" border=\"1\" width=\"642\" cellspacing=\"12\" cellpadding=\"20\" align=\"center\">\n<tbody>\n<tr>\n<td width=\"162\"><strong>Editeur du Cookie<\/strong><\/td>\n<td width=\"148\"><strong>Description<\/strong><\/td>\n<td width=\"147\"><strong>Comment refuser ?<\/strong><\/td>\n<td width=\"185\"><strong>Dur\u00e9e<\/strong><\/td>\n<\/tr>\n<tr>\n<td width=\"162\"><strong>Cookie technique <\/strong>(WordPress)<strong>\u00a0<\/strong><strong>\u00a0<\/strong><\/td>\n<td width=\"148\">Contient des informations sur la session de navigation, permet \u00e0 l\u2019utilisateur d\u2019acc\u00e9der au site<\/td>\n<td width=\"147\">Impossible, ils sont indispensables au fonctionnement du site<\/td>\n<td width=\"185\">Supprim\u00e9 \u00e0 la fin de la navigation<\/td>\n<\/tr>\n<tr>\n<td width=\"162\"><strong>Cookies techniques <\/strong>(Consent cookie)<strong>\u00a0<\/strong><\/td>\n<td width=\"148\">Permet \u00e0 l&#8217;Utilisateur de configurer des cookies qui ne sont pas indispensables au fonctionnement du site<\/td>\n<td width=\"147\">Indispensable pour se conformer \u00e0 la r\u00e9glementation europ\u00e9enne (RGPD).<\/td>\n<td width=\"185\">13 mois<\/td>\n<\/tr>\n<\/tbody>\n<\/table>\n<p><strong>\u00a0<\/strong><\/p>\n<ul>\n<li><strong><em>Les cookies propos\u00e9s par des tiers<\/em><\/strong><\/li>\n<\/ul>\n<p>&nbsp;<\/p>\n<table class=\"center\" border=\"1\" width=\"642\" cellspacing=\"12\" cellpadding=\"20\" align=\"center\">\n<tbody>\n<tr>\n<td width=\"178\"><strong>Editeur du Cookie<\/strong><\/td>\n<td width=\"143\"><strong>Description<\/strong><\/td>\n<td width=\"143\"><strong>Comment refuser\u00a0?<\/strong><\/td>\n<td width=\"178\"><strong>Dur\u00e9e<\/strong><\/td>\n<\/tr>\n<tr>\n<td width=\"178\"><strong>Cookie Marketing:<\/strong><\/p>\n<p>Instagram<\/td>\n<td width=\"143\">Permet \u00e0 l&#8217;Utilisateur faire des commentaires des publications Instagram<\/td>\n<td width=\"143\">Banni\u00e8re cookie + Voir ci-dessous<\/td>\n<td width=\"178\">13 mois<\/td>\n<\/tr>\n<tr>\n<td width=\"178\"><strong>Cookie Marketing:<\/strong><\/p>\n<p>scald_youtube_consent<\/td>\n<td width=\"143\">Permet \u00e0 l&#8217;Utilisateur de regarder des vid\u00e9os h\u00e9berg\u00e9es sur YouTube<\/td>\n<td width=\"143\">Banni\u00e8re cookie + Voir ci-dessous<\/td>\n<td width=\"178\">13 mois<\/td>\n<\/tr>\n<tr>\n<td width=\"178\"><strong>Cookies Google.com:<\/strong><\/p>\n<p>Google maps<\/td>\n<td width=\"143\">Permet \u00e0 l\u2019Utilisateur d\u2019acc\u00e9der \u00e0 une carte des revendeurs d\u2019HUTCHINSON pour trouver des points de vente le proche de chez lui<\/td>\n<td width=\"143\">Banni\u00e8re cookie + Voir ci-dessous<\/td>\n<td width=\"178\">2 ans<\/td>\n<\/tr>\n<\/tbody>\n<\/table>\n<ul>\n<li><strong><em>Les cookies de statistiques<\/em><\/strong><\/li>\n<\/ul>\n<table class=\"center\" border=\"1\" width=\"642\" cellspacing=\"12\" cellpadding=\"20\" align=\"center\">\n<tbody>\n<tr>\n<td width=\"151\"><strong>Editeur du Cookie<\/strong><\/td>\n<td width=\"151\"><strong>Description<\/strong><\/td>\n<td width=\"151\"><strong>Comment refuser\u00a0?<\/strong><\/td>\n<td width=\"189\"><strong>Dur\u00e9e<\/strong><\/td>\n<\/tr>\n<tr>\n<td width=\"151\"><strong>Piano Analytics (_ga)<\/strong><\/td>\n<td width=\"151\">G\u00e9n\u00e8re des donn\u00e9es de statistiques sur la fa\u00e7on dont le visiteur utilise le site web<\/td>\n<td width=\"151\">Banni\u00e8re cookie + Voir ci-dessous<\/td>\n<td width=\"189\">13 mois<\/td>\n<\/tr>\n<tr>\n<td width=\"151\"><strong>Piano Analytics (_gat)<\/strong><\/td>\n<td width=\"151\">Diminuer le taux de requ\u00eate<\/td>\n<td width=\"151\">Banni\u00e8re cookie + Voir ci-dessous<\/td>\n<td width=\"189\">Supprim\u00e9 \u00e0 la fin de la navigation<\/td>\n<\/tr>\n<tr>\n<td width=\"151\"><strong>Piano Analytics (_gid)<\/strong><\/td>\n<td width=\"151\">G\u00e9n\u00e8re des donn\u00e9es de statistiques sur la fa\u00e7on dont le visiteur utilise le site web<\/td>\n<td width=\"151\">Banni\u00e8re cookie + Voir ci-dessous<\/td>\n<td width=\"189\">1 jour<\/td>\n<\/tr>\n<\/tbody>\n<\/table>\n<p>Comment retirer votre consentement\u202f?<br \/>\nLors de votre premi\u00e8re connexion sur cycling.hutchinson.com vous donnez, ou non, votre consentement \u00e0 l\u2019utilisation de cookies et\/ou proc\u00e9der \u00e0 un param\u00e9trage. Si par la suite, vous souhaitez revenir sur vos choix, vous pouvez afficher la boite de dialogue \u00ab\u202fCookies et autres traceurs\u202f\u00bb en cliquant <a id=\"cookies-form\" href=\"#\">ici<\/a>.<\/p>\n<p>Pour supprimer les cookies d\u00e9j\u00e0 install\u00e9s, merci de vous r\u00e9f\u00e9rer au mode op\u00e9ratoire fourni par votre syst\u00e8me d\u2019exploitation (Windows, OS\u2026).<\/p>\n<p><strong>6. Vos droits \/ Contact<\/strong><br \/>\nConform\u00e9ment \u00e0 la r\u00e8glementation en vigueur, vous disposez d\u2019un droit d\u2019acc\u00e8s, de rectification, de suppression et d\u2019opposition de vos donn\u00e9es personnelles. Vous disposez \u00e9galement d\u2019un droit d\u2019opposition \u00e0 la prospection commerciale dans les conditions de la r\u00e9glementation applicable.<br \/>\nVous pouvez demander la communication de vos donn\u00e9es personnelles et vous avez le droit de d\u00e9finir des directives relatives au sort de vos donn\u00e9es personnelles apr\u00e8s votre d\u00e9c\u00e8s. Vous pouvez \u00e9galement demander la limitation du traitement ou la portabilit\u00e9 de vos donn\u00e9es personnelles.<\/p>\n<p>Vous pouvez exercer vos droits et nous interroger sur le traitement de vos donn\u00e9es personnelles en \u00e9crivant au service en charge de la protection des donn\u00e9es personnelles \u00e0 l\u2019adresse email suivante <a href=\"mailto:data.protection@hutchinson.com\">data.protection@hutchinson.com<\/a>, le responsable de traitement est HUTCHINSON, Soci\u00e9t\u00e9 Anonyme, ayant son si\u00e8ge social situ\u00e9 au 2 rue Balzac 75008 Paris, inscrite au Registre du Commerce et des Soci\u00e9t\u00e9s de Paris sous le num\u00e9ro 542 051 826.<\/p>\n<p>Enfin, vous pouvez introduire une r\u00e9clamation aupr\u00e8s de l\u2019autorit\u00e9 en charge du respect des obligations en mati\u00e8re de protection des donn\u00e9es personnelles (la CNIL pour la France).<\/p>\n<p><strong>7. Liens externes<\/strong><br \/>\nSi notre site web vous donne acc\u00e8s \u00e0 des sites internet, lesdits sites internet ne sont pas soumis \u00e0 la pr\u00e9sente Charte. Nous vous conseillons de consulter les Chartes de protection des donn\u00e9es personnelles\/ d\u00e9clarations de confidentialit\u00e9 de ces sites internet pour conna\u00eetre leurs pratiques en mati\u00e8re de collecte, d&#8217;utilisation et de divulgation des donn\u00e9es personnelles.<\/p>\n<p><strong>8. Donn\u00e9es personnelles des mineurs<\/strong><br \/>\nVeuillez noter que la navigation sur notre site web est r\u00e9serv\u00e9e aux personnes \u00e2g\u00e9es de 18 ans et plus et que nous n&#8217;avons pas l&#8217;intention de collecter ou de traiter les donn\u00e9es personnelles des mineurs \u00e2g\u00e9s de moins de 18 ans. Par cons\u00e9quent, si vous \u00eates \u00e2g\u00e9 de moins de 18 ans, veuillez obtenir l&#8217;accord de vos parents ou de votre tuteur avant de nous fournir des informations \u00e0 travers le formulaire de contact de notre site web. Sans cet accord pr\u00e9alable, les utilisateurs \u00e2g\u00e9s de moins de 18 ans ne sont pas autoris\u00e9s \u00e0 nous transmettre des informations et, s&#8217;ils venaient \u00e0 le faire, nous cesserions de traiter leurs informations d\u00e8s lors que nous prendrions connaissance de leur \u00e2ge. Nous ne saurions \u00eatre tenus pour responsable si des informations appartenant \u00e0 des mineurs \u00e9taient enregistr\u00e9es au moment de la connexion en violation \u00e0 ces clauses.<\/p>\n<p><strong>9. Modification de la Charte<\/strong><br \/>\nLa pr\u00e9sente Charte est disponible dans la rubrique Donn\u00e9es Personnelles de notre site web. Nous nous r\u00e9servons le droit de r\u00e9viser et de modifier la pr\u00e9sente Charte \u00e0 tout moment, notamment pour nous conformer aux exigences r\u00e8glementaires et l\u00e9gales.<\/p>\n","protected":false},"excerpt":{"rendered":"<p>Bienvenue sur le site internet professionnel cycling.hutchinson.com. En vous connectant ou en consultant le site internet, vous reconnaissez avoir lu, compris, et accept\u00e9, sans limitation ni r\u00e9serve, la pr\u00e9sente Charte de protection des donn\u00e9es personnelles et cookies (ci-apr\u00e8s la \u00ab Charte \u00bb) et nos conditions g\u00e9n\u00e9rales d\u2019utilisation. Veuillez noter que d&#8217;autres conditions g\u00e9n\u00e9rales et Chartes [&hellip;]<\/p>\n","protected":false},"author":5,"featured_media":0,"parent":0,"menu_order":0,"comment_status":"closed","ping_status":"closed","template":"","meta":{"inline_featured_image":false,"footnotes":""},"class_list":["post-4021","page","type-page","status-publish","hentry"],"yoast_head":"<!-- This site is optimized with the Yoast SEO plugin v26.1.1 - https:\/\/yoast.com\/wordpress\/plugins\/seo\/ -->\n<title>Politique de confidentialit\u00e9 et cookies - Hutchinson Cycling<\/title>\n<meta name=\"robots\" content=\"index, follow, max-snippet:-1, max-image-preview:large, max-video-preview:-1\" \/>\n<link rel=\"canonical\" href=\"https:\/\/cycling.hutchinson.com\/fr\/politique-de-confidentialite-et-cookies\/\" \/>\n<meta property=\"og:locale\" content=\"fr_FR\" \/>\n<meta property=\"og:type\" content=\"article\" \/>\n<meta property=\"og:title\" content=\"Politique de confidentialit\u00e9 et cookies - Hutchinson Cycling\" \/>\n<meta property=\"og:description\" content=\"Bienvenue sur le site internet professionnel cycling.hutchinson.com. En vous connectant ou en consultant le site internet, vous reconnaissez avoir lu, compris, et accept\u00e9, sans limitation ni r\u00e9serve, la pr\u00e9sente Charte de protection des donn\u00e9es personnelles et cookies (ci-apr\u00e8s la \u00ab Charte \u00bb) et nos conditions g\u00e9n\u00e9rales d\u2019utilisation. Veuillez noter que d&#8217;autres conditions g\u00e9n\u00e9rales et Chartes [&hellip;]\" \/>\n<meta property=\"og:url\" content=\"https:\/\/cycling.hutchinson.com\/fr\/politique-de-confidentialite-et-cookies\/\" \/>\n<meta property=\"og:site_name\" content=\"Hutchinson Cycling\" \/>\n<meta property=\"article:modified_time\" content=\"2026-02-09T15:30:13+00:00\" \/>\n<meta name=\"twitter:card\" content=\"summary_large_image\" \/>\n<meta name=\"twitter:label1\" content=\"Est. reading time\" \/>\n\t<meta name=\"twitter:data1\" content=\"7 minutes\" \/>\n<script type=\"application\/ld+json\" class=\"yoast-schema-graph\">{\"@context\":\"https:\/\/schema.org\",\"@graph\":[{\"@type\":\"WebPage\",\"@id\":\"https:\/\/cycling.hutchinson.com\/fr\/politique-de-confidentialite-et-cookies\/\",\"url\":\"https:\/\/cycling.hutchinson.com\/fr\/politique-de-confidentialite-et-cookies\/\",\"name\":\"Politique de confidentialit\u00e9 et cookies - Hutchinson Cycling\",\"isPartOf\":{\"@id\":\"https:\/\/cycling.hutchinson.com\/#website\"},\"datePublished\":\"2020-11-26T11:42:19+00:00\",\"dateModified\":\"2026-02-09T15:30:13+00:00\",\"breadcrumb\":{\"@id\":\"https:\/\/cycling.hutchinson.com\/fr\/politique-de-confidentialite-et-cookies\/#breadcrumb\"},\"inLanguage\":\"fr-FR\",\"potentialAction\":[{\"@type\":\"ReadAction\",\"target\":[\"https:\/\/cycling.hutchinson.com\/fr\/politique-de-confidentialite-et-cookies\/\"]}]},{\"@type\":\"BreadcrumbList\",\"@id\":\"https:\/\/cycling.hutchinson.com\/fr\/politique-de-confidentialite-et-cookies\/#breadcrumb\",\"itemListElement\":[{\"@type\":\"ListItem\",\"position\":1,\"name\":\"Home\",\"item\":\"https:\/\/cycling.hutchinson.com\/fr\/\"},{\"@type\":\"ListItem\",\"position\":2,\"name\":\"Politique de confidentialit\u00e9 et cookies\"}]},{\"@type\":\"WebSite\",\"@id\":\"https:\/\/cycling.hutchinson.com\/#website\",\"url\":\"https:\/\/cycling.hutchinson.com\/\",\"name\":\"Hutchinson Cycling\",\"description\":\"Ride Your Own Story - Hutchinson Cycling\",\"potentialAction\":[{\"@type\":\"SearchAction\",\"target\":{\"@type\":\"EntryPoint\",\"urlTemplate\":\"https:\/\/cycling.hutchinson.com\/?s={search_term_string}\"},\"query-input\":{\"@type\":\"PropertyValueSpecification\",\"valueRequired\":true,\"valueName\":\"search_term_string\"}}],\"inLanguage\":\"fr-FR\"}]}<\/script>\n<!-- \/ Yoast SEO plugin. -->","yoast_head_json":{"title":"Politique de confidentialit\u00e9 et cookies - Hutchinson Cycling","robots":{"index":"index","follow":"follow","max-snippet":"max-snippet:-1","max-image-preview":"max-image-preview:large","max-video-preview":"max-video-preview:-1"},"canonical":"https:\/\/cycling.hutchinson.com\/fr\/politique-de-confidentialite-et-cookies\/","og_locale":"fr_FR","og_type":"article","og_title":"Politique de confidentialit\u00e9 et cookies - Hutchinson Cycling","og_description":"Bienvenue sur le site internet professionnel cycling.hutchinson.com. En vous connectant ou en consultant le site internet, vous reconnaissez avoir lu, compris, et accept\u00e9, sans limitation ni r\u00e9serve, la pr\u00e9sente Charte de protection des donn\u00e9es personnelles et cookies (ci-apr\u00e8s la \u00ab Charte \u00bb) et nos conditions g\u00e9n\u00e9rales d\u2019utilisation. Veuillez noter que d&#8217;autres conditions g\u00e9n\u00e9rales et Chartes [&hellip;]","og_url":"https:\/\/cycling.hutchinson.com\/fr\/politique-de-confidentialite-et-cookies\/","og_site_name":"Hutchinson Cycling","article_modified_time":"2026-02-09T15:30:13+00:00","twitter_card":"summary_large_image","twitter_misc":{"Est. reading time":"7 minutes"},"schema":{"@context":"https:\/\/schema.org","@graph":[{"@type":"WebPage","@id":"https:\/\/cycling.hutchinson.com\/fr\/politique-de-confidentialite-et-cookies\/","url":"https:\/\/cycling.hutchinson.com\/fr\/politique-de-confidentialite-et-cookies\/","name":"Politique de confidentialit\u00e9 et cookies - Hutchinson Cycling","isPartOf":{"@id":"https:\/\/cycling.hutchinson.com\/#website"},"datePublished":"2020-11-26T11:42:19+00:00","dateModified":"2026-02-09T15:30:13+00:00","breadcrumb":{"@id":"https:\/\/cycling.hutchinson.com\/fr\/politique-de-confidentialite-et-cookies\/#breadcrumb"},"inLanguage":"fr-FR","potentialAction":[{"@type":"ReadAction","target":["https:\/\/cycling.hutchinson.com\/fr\/politique-de-confidentialite-et-cookies\/"]}]},{"@type":"BreadcrumbList","@id":"https:\/\/cycling.hutchinson.com\/fr\/politique-de-confidentialite-et-cookies\/#breadcrumb","itemListElement":[{"@type":"ListItem","position":1,"name":"Home","item":"https:\/\/cycling.hutchinson.com\/fr\/"},{"@type":"ListItem","position":2,"name":"Politique de confidentialit\u00e9 et cookies"}]},{"@type":"WebSite","@id":"https:\/\/cycling.hutchinson.com\/#website","url":"https:\/\/cycling.hutchinson.com\/","name":"Hutchinson Cycling","description":"Ride Your Own Story - Hutchinson Cycling","potentialAction":[{"@type":"SearchAction","target":{"@type":"EntryPoint","urlTemplate":"https:\/\/cycling.hutchinson.com\/?s={search_term_string}"},"query-input":{"@type":"PropertyValueSpecification","valueRequired":true,"valueName":"search_term_string"}}],"inLanguage":"fr-FR"}]}},"_links":{"self":[{"href":"https:\/\/cycling.hutchinson.com\/fr\/wp-json\/wp\/v2\/pages\/4021\/"}],"collection":[{"href":"https:\/\/cycling.hutchinson.com\/fr\/wp-json\/wp\/v2\/pages\/"}],"about":[{"href":"https:\/\/cycling.hutchinson.com\/fr\/wp-json\/wp\/v2\/types\/page\/"}],"author":[{"embeddable":true,"href":"https:\/\/cycling.hutchinson.com\/fr\/wp-json\/wp\/v2\/users\/5\/"}],"replies":[{"embeddable":true,"href":"https:\/\/cycling.hutchinson.com\/fr\/wp-json\/wp\/v2\/comments\/?post=4021"}],"version-history":[{"count":12,"href":"https:\/\/cycling.hutchinson.com\/fr\/wp-json\/wp\/v2\/pages\/4021\/revisions\/"}],"predecessor-version":[{"id":17814,"href":"https:\/\/cycling.hutchinson.com\/fr\/wp-json\/wp\/v2\/pages\/4021\/revisions\/17814\/"}],"wp:attachment":[{"href":"https:\/\/cycling.hutchinson.com\/fr\/wp-json\/wp\/v2\/media\/?parent=4021"}],"curies":[{"name":"wp","href":"https:\/\/api.w.org\/{rel}","templated":true}]}}