{"id":3978,"date":"2020-11-27T06:39:45","date_gmt":"2020-11-27T05:39:45","guid":{"rendered":"https:\/\/cycling.hutchinson.com\/?page_id=3978"},"modified":"2026-02-06T15:23:33","modified_gmt":"2026-02-06T14:23:33","slug":"contact","status":"publish","type":"page","link":"https:\/\/cycling.hutchinson.com\/fr\/contact\/","title":{"rendered":"Contact"},"content":{"rendered":"<div style=\"background: white; padding: 15px 0px;\">\n<h5 style=\"text-align: center;\"><span style=\"font-size: 12pt;\"><strong>Chers visiteurs,<\/strong><\/span><\/h5>\n<p style=\"text-align: center;\">Merci de votre visite sur le site Hutchinson Cycling et de l&#8217;int\u00e9r\u00eat que vous portez \u00e0 nos produits et services. Nous appr\u00e9cions vraiment votre soutien et votre enthousiasme pour notre marque.<\/p>\n<p style=\"text-align: center;\">Alors que nous nous effor\u00e7ons d&#8217;offrir la meilleure exp\u00e9rience possible \u00e0 nos utilisateurs, nous avons r\u00e9alis\u00e9 que notre petite \u00e9quipe n&#8217;est actuellement pas en mesure de g\u00e9rer le volume \u00e9lev\u00e9 d&#8217;e-mails que nous recevons via notre formulaire de contact. Afin de continuer \u00e0 fournir un service de premier ordre et de maintenir un lien personnel avec vous, nous avons d\u00e9cid\u00e9 de supprimer temporairement le formulaire de contact de notre site web.<\/p>\n<h5 style=\"text-align: center;\"><strong>Mais ne vous inqui\u00e9tez pas ! Nous sommes toujours l\u00e0 pour vous aider et r\u00e9pondre \u00e0 toutes vos questions. Pour nous contacter, veuillez vous connecter avec nous sur nos plateformes de m\u00e9dias sociaux, o\u00f9 nous sommes actifs et pr\u00eats \u00e0 vous aider. Vous pouvez nous trouver sur <a href=\"https:\/\/www.instagram.com\/hutchinsoncycling\/\" target=\"_blank\" rel=\"noopener noreferrer\">Instagram<\/a> et <a href=\"https:\/\/www.facebook.com\/hutchinsoncycling\" target=\"_blank\" rel=\"noopener noreferrer\">Facebook<\/a> via <a href=\"https:\/\/www.instagram.com\/hutchinsoncycling\/\" target=\"_blank\" rel=\"noopener noreferrer\">@hutchinsoncycling<\/a>.<\/strong><\/h5>\n<p style=\"text-align: center;\"><img loading=\"lazy\" decoding=\"async\" class=\"alignnone wp-image-17737 size-full\" src=\"https:\/\/cycling.hutchinson.com\/wp-content\/uploads\/2026\/02\/hutchinson-contact-she-ride.jpg\" alt=\"Hutchinson contact\" width=\"800\" height=\"292\" srcset=\"https:\/\/cycling.hutchinson.com\/wp-content\/uploads\/2026\/02\/hutchinson-contact-she-ride.jpg 800w, https:\/\/cycling.hutchinson.com\/wp-content\/uploads\/2026\/02\/hutchinson-contact-she-ride-768x280.jpg 768w\" sizes=\"auto, (max-width: 800px) 100vw, 800px\" \/><\/p>\n<p style=\"text-align: center;\">Notre \u00e9quipe est plus qu&#8217;heureuse de r\u00e9pondre \u00e0 vos pr\u00e9occupations et de dialoguer avec vous sur ces plateformes. Nous pensons que gr\u00e2ce \u00e0 une communication directe sur les r\u00e9seaux sociaux, nous pouvons fournir une r\u00e9ponse plus efficace et plus rapide \u00e0 vos demandes. Cela nous permet \u00e9galement de cr\u00e9er une communaut\u00e9 plus forte autour de notre marque, o\u00f9 nous pouvons partager des nouvelles passionnantes, des mises \u00e0 jour et du contenu li\u00e9 au cyclisme.<\/p>\n<p style=\"text-align: center;\">Nous continuerons d&#8217;\u00e9valuer nos ressources et esp\u00e9rons r\u00e9introduire le formulaire de contact \u00e0 l&#8217;avenir lorsque nous serons mieux \u00e9quip\u00e9s pour g\u00e9rer les e-mails entrants. En attendant, merci pour votre compr\u00e9hension et votre soutien continu.<\/p>\n<h4 style=\"text-align: center;\"><strong>Pour toute question concernant le commerce, n&#8217;h\u00e9sitez pas \u00e0 contacter : <a href=\"mailto:cycling.sales@hutchinson.com\">cycling.sales@hutchinson.com<\/a><\/strong><\/h4>\n<p style=\"text-align: center;\">Nous avons h\u00e2te de communiquer avec vous sur nos r\u00e9seaux sociaux !<\/p>\n<p style=\"text-align: center;\">Belles sorties \u00e0 vous !<\/p>\n<h5 style=\"text-align: center;\"><strong>L&#8217;\u00e9quipe Hutchinson Cycling<\/strong><\/h5>\n<\/div>\n","protected":false},"excerpt":{"rendered":"<p>Chers visiteurs, Merci de votre visite sur le site Hutchinson Cycling et de l&#8217;int\u00e9r\u00eat que vous portez \u00e0 nos produits et services. Nous appr\u00e9cions vraiment votre soutien et votre enthousiasme pour notre marque. Alors que nous nous effor\u00e7ons d&#8217;offrir la meilleure exp\u00e9rience possible \u00e0 nos utilisateurs, nous avons r\u00e9alis\u00e9 que notre petite \u00e9quipe n&#8217;est actuellement [&hellip;]<\/p>\n","protected":false},"author":5,"featured_media":0,"parent":0,"menu_order":0,"comment_status":"closed","ping_status":"closed","template":"templates\/tpl-contact.php","meta":{"inline_featured_image":false,"footnotes":""},"class_list":["post-3978","page","type-page","status-publish","hentry"],"yoast_head":"<!-- This site is optimized with the Yoast SEO plugin v26.1.1 - https:\/\/yoast.com\/wordpress\/plugins\/seo\/ -->\n<title>Contact - Hutchinson Cycling<\/title>\n<meta name=\"robots\" content=\"index, follow, max-snippet:-1, max-image-preview:large, max-video-preview:-1\" \/>\n<link rel=\"canonical\" href=\"https:\/\/cycling.hutchinson.com\/fr\/contact\/\" \/>\n<meta property=\"og:locale\" content=\"fr_FR\" \/>\n<meta property=\"og:type\" content=\"article\" \/>\n<meta property=\"og:title\" content=\"Contact - Hutchinson Cycling\" \/>\n<meta property=\"og:description\" content=\"Chers visiteurs, Merci de votre visite sur le site Hutchinson Cycling et de l&#8217;int\u00e9r\u00eat que vous portez \u00e0 nos produits et services. Nous appr\u00e9cions vraiment votre soutien et votre enthousiasme pour notre marque. Alors que nous nous effor\u00e7ons d&#8217;offrir la meilleure exp\u00e9rience possible \u00e0 nos utilisateurs, nous avons r\u00e9alis\u00e9 que notre petite \u00e9quipe n&#8217;est actuellement [&hellip;]\" \/>\n<meta property=\"og:url\" content=\"https:\/\/cycling.hutchinson.com\/fr\/contact\/\" \/>\n<meta property=\"og:site_name\" content=\"Hutchinson Cycling\" \/>\n<meta property=\"article:modified_time\" content=\"2026-02-06T14:23:33+00:00\" \/>\n<meta property=\"og:image\" content=\"https:\/\/cycling.hutchinson.com\/wp-content\/uploads\/2026\/02\/hutchinson-contact-she-ride.jpg\" \/>\n\t<meta property=\"og:image:width\" content=\"800\" \/>\n\t<meta property=\"og:image:height\" content=\"292\" \/>\n\t<meta property=\"og:image:type\" content=\"image\/jpeg\" \/>\n<meta name=\"twitter:card\" content=\"summary_large_image\" \/>\n<meta name=\"twitter:label1\" content=\"Est. reading time\" \/>\n\t<meta name=\"twitter:data1\" content=\"2 minutes\" \/>\n<script type=\"application\/ld+json\" class=\"yoast-schema-graph\">{\"@context\":\"https:\/\/schema.org\",\"@graph\":[{\"@type\":\"WebPage\",\"@id\":\"https:\/\/cycling.hutchinson.com\/fr\/contact\/\",\"url\":\"https:\/\/cycling.hutchinson.com\/fr\/contact\/\",\"name\":\"Contact - Hutchinson Cycling\",\"isPartOf\":{\"@id\":\"https:\/\/cycling.hutchinson.com\/#website\"},\"primaryImageOfPage\":{\"@id\":\"https:\/\/cycling.hutchinson.com\/fr\/contact\/#primaryimage\"},\"image\":{\"@id\":\"https:\/\/cycling.hutchinson.com\/fr\/contact\/#primaryimage\"},\"thumbnailUrl\":\"https:\/\/cycling.hutchinson.com\/wp-content\/uploads\/2026\/02\/hutchinson-contact-she-ride.jpg\",\"datePublished\":\"2020-11-27T05:39:45+00:00\",\"dateModified\":\"2026-02-06T14:23:33+00:00\",\"breadcrumb\":{\"@id\":\"https:\/\/cycling.hutchinson.com\/fr\/contact\/#breadcrumb\"},\"inLanguage\":\"fr-FR\",\"potentialAction\":[{\"@type\":\"ReadAction\",\"target\":[\"https:\/\/cycling.hutchinson.com\/fr\/contact\/\"]}]},{\"@type\":\"ImageObject\",\"inLanguage\":\"fr-FR\",\"@id\":\"https:\/\/cycling.hutchinson.com\/fr\/contact\/#primaryimage\",\"url\":\"https:\/\/cycling.hutchinson.com\/wp-content\/uploads\/2026\/02\/hutchinson-contact-she-ride.jpg\",\"contentUrl\":\"https:\/\/cycling.hutchinson.com\/wp-content\/uploads\/2026\/02\/hutchinson-contact-she-ride.jpg\"},{\"@type\":\"BreadcrumbList\",\"@id\":\"https:\/\/cycling.hutchinson.com\/fr\/contact\/#breadcrumb\",\"itemListElement\":[{\"@type\":\"ListItem\",\"position\":1,\"name\":\"Home\",\"item\":\"https:\/\/cycling.hutchinson.com\/fr\/\"},{\"@type\":\"ListItem\",\"position\":2,\"name\":\"Contact\"}]},{\"@type\":\"WebSite\",\"@id\":\"https:\/\/cycling.hutchinson.com\/#website\",\"url\":\"https:\/\/cycling.hutchinson.com\/\",\"name\":\"Hutchinson Cycling\",\"description\":\"Ride Your Own Story - Hutchinson Cycling\",\"potentialAction\":[{\"@type\":\"SearchAction\",\"target\":{\"@type\":\"EntryPoint\",\"urlTemplate\":\"https:\/\/cycling.hutchinson.com\/?s={search_term_string}\"},\"query-input\":{\"@type\":\"PropertyValueSpecification\",\"valueRequired\":true,\"valueName\":\"search_term_string\"}}],\"inLanguage\":\"fr-FR\"}]}<\/script>\n<!-- \/ Yoast SEO plugin. -->","yoast_head_json":{"title":"Contact - Hutchinson Cycling","robots":{"index":"index","follow":"follow","max-snippet":"max-snippet:-1","max-image-preview":"max-image-preview:large","max-video-preview":"max-video-preview:-1"},"canonical":"https:\/\/cycling.hutchinson.com\/fr\/contact\/","og_locale":"fr_FR","og_type":"article","og_title":"Contact - Hutchinson Cycling","og_description":"Chers visiteurs, Merci de votre visite sur le site Hutchinson Cycling et de l&#8217;int\u00e9r\u00eat que vous portez \u00e0 nos produits et services. Nous appr\u00e9cions vraiment votre soutien et votre enthousiasme pour notre marque. Alors que nous nous effor\u00e7ons d&#8217;offrir la meilleure exp\u00e9rience possible \u00e0 nos utilisateurs, nous avons r\u00e9alis\u00e9 que notre petite \u00e9quipe n&#8217;est actuellement [&hellip;]","og_url":"https:\/\/cycling.hutchinson.com\/fr\/contact\/","og_site_name":"Hutchinson Cycling","article_modified_time":"2026-02-06T14:23:33+00:00","og_image":[{"width":800,"height":292,"url":"https:\/\/cycling.hutchinson.com\/wp-content\/uploads\/2026\/02\/hutchinson-contact-she-ride.jpg","type":"image\/jpeg"}],"twitter_card":"summary_large_image","twitter_misc":{"Est. reading time":"2 minutes"},"schema":{"@context":"https:\/\/schema.org","@graph":[{"@type":"WebPage","@id":"https:\/\/cycling.hutchinson.com\/fr\/contact\/","url":"https:\/\/cycling.hutchinson.com\/fr\/contact\/","name":"Contact - Hutchinson Cycling","isPartOf":{"@id":"https:\/\/cycling.hutchinson.com\/#website"},"primaryImageOfPage":{"@id":"https:\/\/cycling.hutchinson.com\/fr\/contact\/#primaryimage"},"image":{"@id":"https:\/\/cycling.hutchinson.com\/fr\/contact\/#primaryimage"},"thumbnailUrl":"https:\/\/cycling.hutchinson.com\/wp-content\/uploads\/2026\/02\/hutchinson-contact-she-ride.jpg","datePublished":"2020-11-27T05:39:45+00:00","dateModified":"2026-02-06T14:23:33+00:00","breadcrumb":{"@id":"https:\/\/cycling.hutchinson.com\/fr\/contact\/#breadcrumb"},"inLanguage":"fr-FR","potentialAction":[{"@type":"ReadAction","target":["https:\/\/cycling.hutchinson.com\/fr\/contact\/"]}]},{"@type":"ImageObject","inLanguage":"fr-FR","@id":"https:\/\/cycling.hutchinson.com\/fr\/contact\/#primaryimage","url":"https:\/\/cycling.hutchinson.com\/wp-content\/uploads\/2026\/02\/hutchinson-contact-she-ride.jpg","contentUrl":"https:\/\/cycling.hutchinson.com\/wp-content\/uploads\/2026\/02\/hutchinson-contact-she-ride.jpg"},{"@type":"BreadcrumbList","@id":"https:\/\/cycling.hutchinson.com\/fr\/contact\/#breadcrumb","itemListElement":[{"@type":"ListItem","position":1,"name":"Home","item":"https:\/\/cycling.hutchinson.com\/fr\/"},{"@type":"ListItem","position":2,"name":"Contact"}]},{"@type":"WebSite","@id":"https:\/\/cycling.hutchinson.com\/#website","url":"https:\/\/cycling.hutchinson.com\/","name":"Hutchinson Cycling","description":"Ride Your Own Story - Hutchinson Cycling","potentialAction":[{"@type":"SearchAction","target":{"@type":"EntryPoint","urlTemplate":"https:\/\/cycling.hutchinson.com\/?s={search_term_string}"},"query-input":{"@type":"PropertyValueSpecification","valueRequired":true,"valueName":"search_term_string"}}],"inLanguage":"fr-FR"}]}},"_links":{"self":[{"href":"https:\/\/cycling.hutchinson.com\/fr\/wp-json\/wp\/v2\/pages\/3978\/"}],"collection":[{"href":"https:\/\/cycling.hutchinson.com\/fr\/wp-json\/wp\/v2\/pages\/"}],"about":[{"href":"https:\/\/cycling.hutchinson.com\/fr\/wp-json\/wp\/v2\/types\/page\/"}],"author":[{"embeddable":true,"href":"https:\/\/cycling.hutchinson.com\/fr\/wp-json\/wp\/v2\/users\/5\/"}],"replies":[{"embeddable":true,"href":"https:\/\/cycling.hutchinson.com\/fr\/wp-json\/wp\/v2\/comments\/?post=3978"}],"version-history":[{"count":11,"href":"https:\/\/cycling.hutchinson.com\/fr\/wp-json\/wp\/v2\/pages\/3978\/revisions\/"}],"predecessor-version":[{"id":17743,"href":"https:\/\/cycling.hutchinson.com\/fr\/wp-json\/wp\/v2\/pages\/3978\/revisions\/17743\/"}],"wp:attachment":[{"href":"https:\/\/cycling.hutchinson.com\/fr\/wp-json\/wp\/v2\/media\/?parent=3978"}],"curies":[{"name":"wp","href":"https:\/\/api.w.org\/{rel}","templated":true}]}}