{"id":13537,"date":"2024-03-26T07:23:13","date_gmt":"2024-03-26T06:23:13","guid":{"rendered":"https:\/\/cycling.hutchinson.com\/?page_id=13537"},"modified":"2024-03-26T07:23:22","modified_gmt":"2024-03-26T06:23:22","slug":"mach-tread-3-0","status":"publish","type":"page","link":"https:\/\/cycling.hutchinson.com\/fr\/technologies\/mach-tread-3-0\/","title":{"rendered":"Mach Tread 3.0"},"content":{"rendered":"","protected":false},"excerpt":{"rendered":"","protected":false},"author":5,"featured_media":13502,"parent":4025,"menu_order":0,"comment_status":"closed","ping_status":"closed","template":"templates\/tpl-technology.php","meta":{"inline_featured_image":false,"footnotes":""},"class_list":["post-13537","page","type-page","status-publish","has-post-thumbnail","hentry"],"yoast_head":"<!-- This site is optimized with the Yoast SEO plugin v26.1.1 - https:\/\/yoast.com\/wordpress\/plugins\/seo\/ -->\n<title>Mach Tread 3.0 - Hutchinson Cycling<\/title>\n<meta name=\"description\" content=\"D\u00e9couvrez le m\u00e9lange Mach Tread 3.0 d\u2019Hutchinson \u2013 la gomme la plus rapide, con\u00e7ue pour la vitesse, l&#039;efficacit\u00e9 et la durabilit\u00e9\" \/>\n<meta name=\"robots\" content=\"index, follow, max-snippet:-1, max-image-preview:large, max-video-preview:-1\" \/>\n<link rel=\"canonical\" href=\"https:\/\/cycling.hutchinson.com\/fr\/technologies\/mach-tread-3-0\/\" \/>\n<meta property=\"og:locale\" content=\"fr_FR\" \/>\n<meta property=\"og:type\" content=\"article\" \/>\n<meta property=\"og:title\" content=\"Mach Tread 3.0 - Hutchinson Cycling\" \/>\n<meta property=\"og:description\" content=\"D\u00e9couvrez le m\u00e9lange Mach Tread 3.0 d\u2019Hutchinson \u2013 la gomme la plus rapide, con\u00e7ue pour la vitesse, l&#039;efficacit\u00e9 et la durabilit\u00e9\" \/>\n<meta property=\"og:url\" content=\"https:\/\/cycling.hutchinson.com\/fr\/technologies\/mach-tread-3-0\/\" \/>\n<meta property=\"og:site_name\" content=\"Hutchinson Cycling\" \/>\n<meta property=\"article:modified_time\" content=\"2024-03-26T06:23:22+00:00\" \/>\n<meta property=\"og:image\" content=\"https:\/\/cycling.hutchinson.com\/wp-content\/uploads\/2024\/03\/hutchinson-mach-tread-3-compound-2.jpg\" \/>\n\t<meta property=\"og:image:width\" content=\"930\" \/>\n\t<meta property=\"og:image:height\" content=\"1210\" \/>\n\t<meta property=\"og:image:type\" content=\"image\/jpeg\" \/>\n<meta name=\"twitter:card\" content=\"summary_large_image\" \/>\n<meta name=\"twitter:label1\" content=\"Est. reading time\" \/>\n\t<meta name=\"twitter:data1\" content=\"1 minute\" \/>\n<script type=\"application\/ld+json\" class=\"yoast-schema-graph\">{\"@context\":\"https:\/\/schema.org\",\"@graph\":[{\"@type\":\"WebPage\",\"@id\":\"https:\/\/cycling.hutchinson.com\/fr\/technologies\/mach-tread-3-0\/\",\"url\":\"https:\/\/cycling.hutchinson.com\/fr\/technologies\/mach-tread-3-0\/\",\"name\":\"Mach Tread 3.0 - Hutchinson Cycling\",\"isPartOf\":{\"@id\":\"https:\/\/cycling.hutchinson.com\/#website\"},\"primaryImageOfPage\":{\"@id\":\"https:\/\/cycling.hutchinson.com\/fr\/technologies\/mach-tread-3-0\/#primaryimage\"},\"image\":{\"@id\":\"https:\/\/cycling.hutchinson.com\/fr\/technologies\/mach-tread-3-0\/#primaryimage\"},\"thumbnailUrl\":\"https:\/\/cycling.hutchinson.com\/wp-content\/uploads\/2024\/03\/hutchinson-mach-tread-3-compound-2.jpg\",\"datePublished\":\"2024-03-26T06:23:13+00:00\",\"dateModified\":\"2024-03-26T06:23:22+00:00\",\"description\":\"D\u00e9couvrez le m\u00e9lange Mach Tread 3.0 d\u2019Hutchinson \u2013 la gomme la plus rapide, con\u00e7ue pour la vitesse, l'efficacit\u00e9 et la durabilit\u00e9\",\"breadcrumb\":{\"@id\":\"https:\/\/cycling.hutchinson.com\/fr\/technologies\/mach-tread-3-0\/#breadcrumb\"},\"inLanguage\":\"fr-FR\",\"potentialAction\":[{\"@type\":\"ReadAction\",\"target\":[\"https:\/\/cycling.hutchinson.com\/fr\/technologies\/mach-tread-3-0\/\"]}]},{\"@type\":\"ImageObject\",\"inLanguage\":\"fr-FR\",\"@id\":\"https:\/\/cycling.hutchinson.com\/fr\/technologies\/mach-tread-3-0\/#primaryimage\",\"url\":\"https:\/\/cycling.hutchinson.com\/wp-content\/uploads\/2024\/03\/hutchinson-mach-tread-3-compound-2.jpg\",\"contentUrl\":\"https:\/\/cycling.hutchinson.com\/wp-content\/uploads\/2024\/03\/hutchinson-mach-tread-3-compound-2.jpg\",\"width\":930,\"height\":1210},{\"@type\":\"BreadcrumbList\",\"@id\":\"https:\/\/cycling.hutchinson.com\/fr\/technologies\/mach-tread-3-0\/#breadcrumb\",\"itemListElement\":[{\"@type\":\"ListItem\",\"position\":1,\"name\":\"Home\",\"item\":\"https:\/\/cycling.hutchinson.com\/fr\/\"},{\"@type\":\"ListItem\",\"position\":2,\"name\":\"Technologies\",\"item\":\"https:\/\/cycling.hutchinson.com\/technologies\/\"},{\"@type\":\"ListItem\",\"position\":3,\"name\":\"Mach Tread 3.0\"}]},{\"@type\":\"WebSite\",\"@id\":\"https:\/\/cycling.hutchinson.com\/#website\",\"url\":\"https:\/\/cycling.hutchinson.com\/\",\"name\":\"Hutchinson Cycling\",\"description\":\"Ride Your Own Story - Hutchinson Cycling\",\"potentialAction\":[{\"@type\":\"SearchAction\",\"target\":{\"@type\":\"EntryPoint\",\"urlTemplate\":\"https:\/\/cycling.hutchinson.com\/?s={search_term_string}\"},\"query-input\":{\"@type\":\"PropertyValueSpecification\",\"valueRequired\":true,\"valueName\":\"search_term_string\"}}],\"inLanguage\":\"fr-FR\"}]}<\/script>\n<!-- \/ Yoast SEO plugin. -->","yoast_head_json":{"title":"Mach Tread 3.0 - Hutchinson Cycling","description":"D\u00e9couvrez le m\u00e9lange Mach Tread 3.0 d\u2019Hutchinson \u2013 la gomme la plus rapide, con\u00e7ue pour la vitesse, l'efficacit\u00e9 et la durabilit\u00e9","robots":{"index":"index","follow":"follow","max-snippet":"max-snippet:-1","max-image-preview":"max-image-preview:large","max-video-preview":"max-video-preview:-1"},"canonical":"https:\/\/cycling.hutchinson.com\/fr\/technologies\/mach-tread-3-0\/","og_locale":"fr_FR","og_type":"article","og_title":"Mach Tread 3.0 - Hutchinson Cycling","og_description":"D\u00e9couvrez le m\u00e9lange Mach Tread 3.0 d\u2019Hutchinson \u2013 la gomme la plus rapide, con\u00e7ue pour la vitesse, l'efficacit\u00e9 et la durabilit\u00e9","og_url":"https:\/\/cycling.hutchinson.com\/fr\/technologies\/mach-tread-3-0\/","og_site_name":"Hutchinson Cycling","article_modified_time":"2024-03-26T06:23:22+00:00","og_image":[{"width":930,"height":1210,"url":"https:\/\/cycling.hutchinson.com\/wp-content\/uploads\/2024\/03\/hutchinson-mach-tread-3-compound-2.jpg","type":"image\/jpeg"}],"twitter_card":"summary_large_image","twitter_misc":{"Est. reading time":"1 minute"},"schema":{"@context":"https:\/\/schema.org","@graph":[{"@type":"WebPage","@id":"https:\/\/cycling.hutchinson.com\/fr\/technologies\/mach-tread-3-0\/","url":"https:\/\/cycling.hutchinson.com\/fr\/technologies\/mach-tread-3-0\/","name":"Mach Tread 3.0 - Hutchinson Cycling","isPartOf":{"@id":"https:\/\/cycling.hutchinson.com\/#website"},"primaryImageOfPage":{"@id":"https:\/\/cycling.hutchinson.com\/fr\/technologies\/mach-tread-3-0\/#primaryimage"},"image":{"@id":"https:\/\/cycling.hutchinson.com\/fr\/technologies\/mach-tread-3-0\/#primaryimage"},"thumbnailUrl":"https:\/\/cycling.hutchinson.com\/wp-content\/uploads\/2024\/03\/hutchinson-mach-tread-3-compound-2.jpg","datePublished":"2024-03-26T06:23:13+00:00","dateModified":"2024-03-26T06:23:22+00:00","description":"D\u00e9couvrez le m\u00e9lange Mach Tread 3.0 d\u2019Hutchinson \u2013 la gomme la plus rapide, con\u00e7ue pour la vitesse, l'efficacit\u00e9 et la durabilit\u00e9","breadcrumb":{"@id":"https:\/\/cycling.hutchinson.com\/fr\/technologies\/mach-tread-3-0\/#breadcrumb"},"inLanguage":"fr-FR","potentialAction":[{"@type":"ReadAction","target":["https:\/\/cycling.hutchinson.com\/fr\/technologies\/mach-tread-3-0\/"]}]},{"@type":"ImageObject","inLanguage":"fr-FR","@id":"https:\/\/cycling.hutchinson.com\/fr\/technologies\/mach-tread-3-0\/#primaryimage","url":"https:\/\/cycling.hutchinson.com\/wp-content\/uploads\/2024\/03\/hutchinson-mach-tread-3-compound-2.jpg","contentUrl":"https:\/\/cycling.hutchinson.com\/wp-content\/uploads\/2024\/03\/hutchinson-mach-tread-3-compound-2.jpg","width":930,"height":1210},{"@type":"BreadcrumbList","@id":"https:\/\/cycling.hutchinson.com\/fr\/technologies\/mach-tread-3-0\/#breadcrumb","itemListElement":[{"@type":"ListItem","position":1,"name":"Home","item":"https:\/\/cycling.hutchinson.com\/fr\/"},{"@type":"ListItem","position":2,"name":"Technologies","item":"https:\/\/cycling.hutchinson.com\/technologies\/"},{"@type":"ListItem","position":3,"name":"Mach Tread 3.0"}]},{"@type":"WebSite","@id":"https:\/\/cycling.hutchinson.com\/#website","url":"https:\/\/cycling.hutchinson.com\/","name":"Hutchinson Cycling","description":"Ride Your Own Story - Hutchinson Cycling","potentialAction":[{"@type":"SearchAction","target":{"@type":"EntryPoint","urlTemplate":"https:\/\/cycling.hutchinson.com\/?s={search_term_string}"},"query-input":{"@type":"PropertyValueSpecification","valueRequired":true,"valueName":"search_term_string"}}],"inLanguage":"fr-FR"}]}},"_links":{"self":[{"href":"https:\/\/cycling.hutchinson.com\/fr\/wp-json\/wp\/v2\/pages\/13537\/"}],"collection":[{"href":"https:\/\/cycling.hutchinson.com\/fr\/wp-json\/wp\/v2\/pages\/"}],"about":[{"href":"https:\/\/cycling.hutchinson.com\/fr\/wp-json\/wp\/v2\/types\/page\/"}],"author":[{"embeddable":true,"href":"https:\/\/cycling.hutchinson.com\/fr\/wp-json\/wp\/v2\/users\/5\/"}],"replies":[{"embeddable":true,"href":"https:\/\/cycling.hutchinson.com\/fr\/wp-json\/wp\/v2\/comments\/?post=13537"}],"version-history":[{"count":3,"href":"https:\/\/cycling.hutchinson.com\/fr\/wp-json\/wp\/v2\/pages\/13537\/revisions\/"}],"predecessor-version":[{"id":13540,"href":"https:\/\/cycling.hutchinson.com\/fr\/wp-json\/wp\/v2\/pages\/13537\/revisions\/13540\/"}],"up":[{"embeddable":true,"href":"https:\/\/cycling.hutchinson.com\/fr\/wp-json\/wp\/v2\/pages\/4025\/"}],"wp:featuredmedia":[{"embeddable":true,"href":"https:\/\/cycling.hutchinson.com\/fr\/wp-json\/wp\/v2\/media\/13502\/"}],"wp:attachment":[{"href":"https:\/\/cycling.hutchinson.com\/fr\/wp-json\/wp\/v2\/media\/?parent=13537"}],"curies":[{"name":"wp","href":"https:\/\/api.w.org\/{rel}","templated":true}]}}