{"id":12991,"date":"2023-09-12T08:59:31","date_gmt":"2023-09-12T06:59:31","guid":{"rendered":"https:\/\/cycling.hutchinson.com\/?page_id=12991"},"modified":"2023-11-28T16:36:44","modified_gmt":"2023-11-28T15:36:44","slug":"pression-recommandee","status":"publish","type":"page","link":"https:\/\/cycling.hutchinson.com\/fr\/pression-recommandee\/","title":{"rendered":"PRESSION RECOMMAND\u00c9E"},"content":{"rendered":"<p style=\"text-align: center;\">Il est essentiel de maintenir une bonne pression dans vos pneus pour b\u00e9n\u00e9ficier des niveaux de s\u00e9curit\u00e9, de performance et de confort qui ont \u00e9t\u00e9 pr\u00e9vus par nos \u00e9quipes de d\u00e9veloppement.<\/p>\n<p style=\"text-align: center;\">Les tableaux ci-dessous vous donneront une recommandation initiale bas\u00e9e sur la largeur du pneu mont\u00e9 sur jante et le poids du pilote avec son \u00e9quipement. A vous d&#8217;optimiser ensuite la pression pour l&#8217;adapter \u00e0 votre style de pilotage. Dans les tableaux ci-apr\u00e8s, la pression est exprim\u00e9e en bars.<\/p>\n<h5 style=\"text-align: center;\"><span style=\"font-size: 14pt;\">ATTENTION : ne d\u00e9passez jamais la pression maximum indiqu\u00e9e sur le flanc du pneu.<\/span><\/h5>\n<p>&nbsp;<\/p>\n<h4 style=\"text-align: center;\"><span style=\"font-size: 18pt;\"><strong>PRESSION RECOMMAND\u00c9E PNEUS <span style=\"font-size: 24pt;\">TUBELESS<\/span><\/strong><\/span><\/h4>\n<table class=\"alignleft\" style=\"width: 100%;\" border=\"1\" cellspacing=\"1\" cellpadding=\"1\">\n<thead>\n<tr>\n<th style=\"text-align: center;\" scope=\"col\">Poids du cycliste :<\/th>\n<th scope=\"col\">60Kg<\/th>\n<th scope=\"col\">70Kg<\/th>\n<th scope=\"col\">80Kg<\/th>\n<th scope=\"col\">90Kg<\/th>\n<th scope=\"col\">100Kg<\/th>\n<\/tr>\n<\/thead>\n<tbody>\n<tr>\n<td>Pneu de 25\/26mm sur jante<\/td>\n<td>5,50<\/td>\n<td>6,00<\/td>\n<td>6,50<\/td>\n<td>6,75<\/td>\n<td>7,00<\/td>\n<\/tr>\n<tr>\n<td>Pneu de 28mm<\/td>\n<td>5,00<\/td>\n<td>5,50<\/td>\n<td>6,00<\/td>\n<td>6,25<\/td>\n<td>6,50<\/td>\n<\/tr>\n<tr>\n<td>Pneu de 30mm<\/td>\n<td>4,50<\/td>\n<td>5,00<\/td>\n<td>5,50<\/td>\n<td>6,00<\/td>\n<td>6,20<\/td>\n<\/tr>\n<tr>\n<td>Pneu de 32mm<\/td>\n<td>4,00<\/td>\n<td>4,50<\/td>\n<td>5,00<\/td>\n<td>5,20<\/td>\n<td>5,50<\/td>\n<\/tr>\n<tr>\n<td>Pneu de 35mm<\/td>\n<td>4,00<\/td>\n<td>4,25<\/td>\n<td>4,50<\/td>\n<td>4,75<\/td>\n<td>5,50<\/td>\n<\/tr>\n<tr>\n<td>Pneu de 40mm<\/td>\n<td>2,00<\/td>\n<td>2,25<\/td>\n<td>2,25<\/td>\n<td>2,50<\/td>\n<td>2,75<\/td>\n<\/tr>\n<tr>\n<td>Pneu de 45mm<\/td>\n<td>1,75<\/td>\n<td>2,25<\/td>\n<td>2,25<\/td>\n<td>2,50<\/td>\n<td>2,75<\/td>\n<\/tr>\n<tr>\n<td>Pneu de 50mm<\/td>\n<td>1,75<\/td>\n<td>2,00<\/td>\n<td>2,25<\/td>\n<td>2,50<\/td>\n<td>3,00<\/td>\n<\/tr>\n<tr>\n<td>Pneu de 2,10&#8243;<\/td>\n<td>1,75<\/td>\n<td>2,00<\/td>\n<td>2,25<\/td>\n<td>2,50<\/td>\n<td>2,75<\/td>\n<\/tr>\n<tr>\n<td>Pneu de 2,25&#8243;<\/td>\n<td>1,75<\/td>\n<td>2,00<\/td>\n<td>2,00<\/td>\n<td>2,10<\/td>\n<td>2,25<\/td>\n<\/tr>\n<tr>\n<td>Pneu de 2,35&#8243;<\/td>\n<td>1,50<\/td>\n<td>1,50<\/td>\n<td>1,70<\/td>\n<td>1,90<\/td>\n<td>2,00<\/td>\n<\/tr>\n<tr>\n<td>Pneu de 2,40&#8243;<\/td>\n<td>1,40<\/td>\n<td>1,40<\/td>\n<td>1,60<\/td>\n<td>1,60<\/td>\n<td>1,80<\/td>\n<\/tr>\n<tr>\n<td>Pneu de 2,50&#8243;<\/td>\n<td>1,00<\/td>\n<td>1,40<\/td>\n<td>1,40<\/td>\n<td>1,60<\/td>\n<td>1,80<\/td>\n<\/tr>\n<tr>\n<td>Pneu de 2.60&#8243;<\/td>\n<td>1,00<\/td>\n<td>1,20<\/td>\n<td>1,40<\/td>\n<td>1,40<\/td>\n<td>1,80<\/td>\n<\/tr>\n<tr>\n<td>Pneu de 2.80&#8243;<\/td>\n<td>1,00<\/td>\n<td>1,00<\/td>\n<td>1,20<\/td>\n<td>1,40<\/td>\n<td>1,60<\/td>\n<\/tr>\n<\/tbody>\n<\/table>\n<p>&nbsp;<\/p>\n<h4 style=\"text-align: center;\"><span style=\"font-size: 18pt;\"><strong>PRESSION RECOMMAND<\/strong><\/span><span style=\"font-size: 18pt;\"><strong>\u00c9<\/strong><\/span><span style=\"font-size: 18pt;\"><strong>E PNEUS <span style=\"font-size: 24pt;\">TUBETYPE<\/span><\/strong><\/span><\/h4>\n<table class=\"alignleft\" style=\"width: 100%;\" border=\"1\" cellspacing=\"1\" cellpadding=\"1\">\n<thead>\n<tr>\n<th scope=\"col\">Poids du cycliste :<\/th>\n<th scope=\"col\">60Kg<\/th>\n<th scope=\"col\">70Kg<\/th>\n<th scope=\"col\">80Kg<\/th>\n<th scope=\"col\">90Kg<\/th>\n<th scope=\"col\">100Kg<\/th>\n<\/tr>\n<\/thead>\n<tbody>\n<tr>\n<td>Pneu de 23mm sur jante<\/td>\n<td>6,75<\/td>\n<td>7,00<\/td>\n<td>7,50<\/td>\n<td><strong>\u00e0 \u00e9viter<\/strong><\/td>\n<td><strong>\u00e0 \u00e9viter<\/strong><\/td>\n<\/tr>\n<tr>\n<td>Pneu de 25\/26mm<\/td>\n<td>6,50<\/td>\n<td>7,00<\/td>\n<td>7,50<\/td>\n<td>8,00<\/td>\n<td><strong>\u00e0 \u00e9viter<\/strong><\/td>\n<\/tr>\n<tr>\n<td>Pneu de 28mm<\/td>\n<td>6,25<\/td>\n<td>6,75<\/td>\n<td>7,25<\/td>\n<td>7,50<\/td>\n<td>8,00<\/td>\n<\/tr>\n<tr>\n<td>Pneu de 30mm<\/td>\n<td>6,00<\/td>\n<td>6,50<\/td>\n<td>7,00<\/td>\n<td>7,25<\/td>\n<td>7,50<\/td>\n<\/tr>\n<tr>\n<td>Pneu de 32mm<\/td>\n<td>5,50<\/td>\n<td>6,00<\/td>\n<td>6,50<\/td>\n<td>6,50<\/td>\n<td>7,00<\/td>\n<\/tr>\n<tr>\n<td>Pneu de 2,10&#8243;<\/td>\n<td>2,00<\/td>\n<td>2,25<\/td>\n<td>2,50<\/td>\n<td><strong>\u00e0 \u00e9viter<\/strong><\/td>\n<td><strong>\u00e0 \u00e9viter<\/strong><\/td>\n<\/tr>\n<tr>\n<td>Pneu de 2,25&#8243;<\/td>\n<td>2,00<\/td>\n<td>2,25<\/td>\n<td>2,25<\/td>\n<td>2,35<\/td>\n<td><strong>\u00e0 \u00e9viter<\/strong><\/td>\n<\/tr>\n<tr>\n<td>Pneu de 2,35&#8243;<\/td>\n<td>1,75<\/td>\n<td>1,75<\/td>\n<td>1,95<\/td>\n<td>2,15<\/td>\n<td>2,25<\/td>\n<\/tr>\n<tr>\n<td>Pneu de 2,40&#8243;<\/td>\n<td>1,65<\/td>\n<td>1,65<\/td>\n<td>1,85<\/td>\n<td>1,85<\/td>\n<td>2,05<\/td>\n<\/tr>\n<tr>\n<td>Pneu de 2,50&#8243;<\/td>\n<td>1,25<\/td>\n<td>1,65<\/td>\n<td>1,65<\/td>\n<td>1,85<\/td>\n<td>2,05<\/td>\n<\/tr>\n<tr>\n<td>Pneu de 2,60&#8243;<\/td>\n<td>1,25<\/td>\n<td>1,45<\/td>\n<td>1,65<\/td>\n<td>1,65<\/td>\n<td>2,05<\/td>\n<\/tr>\n<\/tbody>\n<\/table>\n<p>&nbsp;<\/p>\n<h2 style=\"text-align: center;\"><strong>Vous pouvez affiner<\/strong><\/h2>\n<ul style=\"text-align: left; width: 100%;\">\n<li style=\"width: 100%; text-align: center;\">Ajouter 0,50 bar sur terrain fluide pour gagner en rendement<\/li>\n<li style=\"width: 100%; text-align: center;\">Enlever 0,25 bar sur terrain cassant pour gagner en adh\u00e9rence<\/li>\n<li style=\"width: 100%; text-align: center;\">Enlever 0,25 bar dans le pneu avant pour gagner en confort<\/li>\n<li style=\"width: 100%; text-align: center;\">Pour les montages tubeless sur jantes Hookless, enlever 0,25 et ne jamais d\u00e9passer la pression max indiqu\u00e9e sur le pneu et la jante<br \/>\n(Si les deux indications pneu et jante diff\u00e8rents, ne jamais d\u00e9passer la plus basse pression max indiqu\u00e9e.)<\/li>\n<\/ul>\n","protected":false},"excerpt":{"rendered":"<p>Il est essentiel de maintenir une bonne pression dans vos pneus pour b\u00e9n\u00e9ficier des niveaux de s\u00e9curit\u00e9, de performance et de confort qui ont \u00e9t\u00e9 pr\u00e9vus par nos \u00e9quipes de d\u00e9veloppement. Les tableaux ci-dessous vous donneront une recommandation initiale bas\u00e9e sur la largeur du pneu mont\u00e9 sur jante et le poids du pilote avec son [&hellip;]<\/p>\n","protected":false},"author":10,"featured_media":13420,"parent":0,"menu_order":0,"comment_status":"closed","ping_status":"closed","template":"","meta":{"inline_featured_image":false,"footnotes":""},"class_list":["post-12991","page","type-page","status-publish","has-post-thumbnail","hentry"],"yoast_head":"<!-- This site is optimized with the Yoast SEO plugin v26.1.1 - https:\/\/yoast.com\/wordpress\/plugins\/seo\/ -->\n<title>PRESSION RECOMMAND\u00c9E - Hutchinson Cycling<\/title>\n<meta name=\"description\" content=\"Optimisez votre exp\u00e9rience de cyclisme gr\u00e2ce \u00e0 nos recommandations d&#039;experts pour des pressions de pneus adapt\u00e9es \u00e0 vous et \u00e0 vos besoins.\" \/>\n<meta name=\"robots\" content=\"index, follow, max-snippet:-1, max-image-preview:large, max-video-preview:-1\" \/>\n<link rel=\"canonical\" href=\"https:\/\/cycling.hutchinson.com\/fr\/pression-recommandee\/\" \/>\n<meta property=\"og:locale\" content=\"fr_FR\" \/>\n<meta property=\"og:type\" content=\"article\" \/>\n<meta property=\"og:title\" content=\"PRESSION RECOMMAND\u00c9E - Hutchinson Cycling\" \/>\n<meta property=\"og:description\" content=\"Optimisez votre exp\u00e9rience de cyclisme gr\u00e2ce \u00e0 nos recommandations d&#039;experts pour des pressions de pneus adapt\u00e9es \u00e0 vous et \u00e0 vos besoins.\" \/>\n<meta property=\"og:url\" content=\"https:\/\/cycling.hutchinson.com\/fr\/pression-recommandee\/\" \/>\n<meta property=\"og:site_name\" content=\"Hutchinson Cycling\" \/>\n<meta property=\"article:modified_time\" content=\"2023-11-28T15:36:44+00:00\" \/>\n<meta property=\"og:image\" content=\"https:\/\/cycling.hutchinson.com\/wp-content\/uploads\/2023\/11\/hutchinson-challenger-testimonials-11-1.jpg\" \/>\n\t<meta property=\"og:image:width\" content=\"1720\" \/>\n\t<meta property=\"og:image:height\" content=\"1720\" \/>\n\t<meta property=\"og:image:type\" content=\"image\/jpeg\" \/>\n<meta name=\"twitter:card\" content=\"summary_large_image\" \/>\n<meta name=\"twitter:label1\" content=\"Est. reading time\" \/>\n\t<meta name=\"twitter:data1\" content=\"2 minutes\" \/>\n<script type=\"application\/ld+json\" class=\"yoast-schema-graph\">{\"@context\":\"https:\/\/schema.org\",\"@graph\":[{\"@type\":\"WebPage\",\"@id\":\"https:\/\/cycling.hutchinson.com\/fr\/pression-recommandee\/\",\"url\":\"https:\/\/cycling.hutchinson.com\/fr\/pression-recommandee\/\",\"name\":\"PRESSION RECOMMAND\u00c9E - Hutchinson Cycling\",\"isPartOf\":{\"@id\":\"https:\/\/cycling.hutchinson.com\/#website\"},\"primaryImageOfPage\":{\"@id\":\"https:\/\/cycling.hutchinson.com\/fr\/pression-recommandee\/#primaryimage\"},\"image\":{\"@id\":\"https:\/\/cycling.hutchinson.com\/fr\/pression-recommandee\/#primaryimage\"},\"thumbnailUrl\":\"https:\/\/cycling.hutchinson.com\/wp-content\/uploads\/2023\/11\/hutchinson-challenger-testimonials-11-1.jpg\",\"datePublished\":\"2023-09-12T06:59:31+00:00\",\"dateModified\":\"2023-11-28T15:36:44+00:00\",\"description\":\"Optimisez votre exp\u00e9rience de cyclisme gr\u00e2ce \u00e0 nos recommandations d'experts pour des pressions de pneus adapt\u00e9es \u00e0 vous et \u00e0 vos besoins.\",\"breadcrumb\":{\"@id\":\"https:\/\/cycling.hutchinson.com\/fr\/pression-recommandee\/#breadcrumb\"},\"inLanguage\":\"fr-FR\",\"potentialAction\":[{\"@type\":\"ReadAction\",\"target\":[\"https:\/\/cycling.hutchinson.com\/fr\/pression-recommandee\/\"]}]},{\"@type\":\"ImageObject\",\"inLanguage\":\"fr-FR\",\"@id\":\"https:\/\/cycling.hutchinson.com\/fr\/pression-recommandee\/#primaryimage\",\"url\":\"https:\/\/cycling.hutchinson.com\/wp-content\/uploads\/2023\/11\/hutchinson-challenger-testimonials-11-1.jpg\",\"contentUrl\":\"https:\/\/cycling.hutchinson.com\/wp-content\/uploads\/2023\/11\/hutchinson-challenger-testimonials-11-1.jpg\",\"width\":1720,\"height\":1720},{\"@type\":\"BreadcrumbList\",\"@id\":\"https:\/\/cycling.hutchinson.com\/fr\/pression-recommandee\/#breadcrumb\",\"itemListElement\":[{\"@type\":\"ListItem\",\"position\":1,\"name\":\"Home\",\"item\":\"https:\/\/cycling.hutchinson.com\/fr\/\"},{\"@type\":\"ListItem\",\"position\":2,\"name\":\"PRESSION RECOMMAND\u00c9E\"}]},{\"@type\":\"WebSite\",\"@id\":\"https:\/\/cycling.hutchinson.com\/#website\",\"url\":\"https:\/\/cycling.hutchinson.com\/\",\"name\":\"Hutchinson Cycling\",\"description\":\"Ride Your Own Story - Hutchinson Cycling\",\"potentialAction\":[{\"@type\":\"SearchAction\",\"target\":{\"@type\":\"EntryPoint\",\"urlTemplate\":\"https:\/\/cycling.hutchinson.com\/?s={search_term_string}\"},\"query-input\":{\"@type\":\"PropertyValueSpecification\",\"valueRequired\":true,\"valueName\":\"search_term_string\"}}],\"inLanguage\":\"fr-FR\"}]}<\/script>\n<!-- \/ Yoast SEO plugin. -->","yoast_head_json":{"title":"PRESSION RECOMMAND\u00c9E - Hutchinson Cycling","description":"Optimisez votre exp\u00e9rience de cyclisme gr\u00e2ce \u00e0 nos recommandations d'experts pour des pressions de pneus adapt\u00e9es \u00e0 vous et \u00e0 vos besoins.","robots":{"index":"index","follow":"follow","max-snippet":"max-snippet:-1","max-image-preview":"max-image-preview:large","max-video-preview":"max-video-preview:-1"},"canonical":"https:\/\/cycling.hutchinson.com\/fr\/pression-recommandee\/","og_locale":"fr_FR","og_type":"article","og_title":"PRESSION RECOMMAND\u00c9E - Hutchinson Cycling","og_description":"Optimisez votre exp\u00e9rience de cyclisme gr\u00e2ce \u00e0 nos recommandations d'experts pour des pressions de pneus adapt\u00e9es \u00e0 vous et \u00e0 vos besoins.","og_url":"https:\/\/cycling.hutchinson.com\/fr\/pression-recommandee\/","og_site_name":"Hutchinson Cycling","article_modified_time":"2023-11-28T15:36:44+00:00","og_image":[{"width":1720,"height":1720,"url":"https:\/\/cycling.hutchinson.com\/wp-content\/uploads\/2023\/11\/hutchinson-challenger-testimonials-11-1.jpg","type":"image\/jpeg"}],"twitter_card":"summary_large_image","twitter_misc":{"Est. reading time":"2 minutes"},"schema":{"@context":"https:\/\/schema.org","@graph":[{"@type":"WebPage","@id":"https:\/\/cycling.hutchinson.com\/fr\/pression-recommandee\/","url":"https:\/\/cycling.hutchinson.com\/fr\/pression-recommandee\/","name":"PRESSION RECOMMAND\u00c9E - Hutchinson Cycling","isPartOf":{"@id":"https:\/\/cycling.hutchinson.com\/#website"},"primaryImageOfPage":{"@id":"https:\/\/cycling.hutchinson.com\/fr\/pression-recommandee\/#primaryimage"},"image":{"@id":"https:\/\/cycling.hutchinson.com\/fr\/pression-recommandee\/#primaryimage"},"thumbnailUrl":"https:\/\/cycling.hutchinson.com\/wp-content\/uploads\/2023\/11\/hutchinson-challenger-testimonials-11-1.jpg","datePublished":"2023-09-12T06:59:31+00:00","dateModified":"2023-11-28T15:36:44+00:00","description":"Optimisez votre exp\u00e9rience de cyclisme gr\u00e2ce \u00e0 nos recommandations d'experts pour des pressions de pneus adapt\u00e9es \u00e0 vous et \u00e0 vos besoins.","breadcrumb":{"@id":"https:\/\/cycling.hutchinson.com\/fr\/pression-recommandee\/#breadcrumb"},"inLanguage":"fr-FR","potentialAction":[{"@type":"ReadAction","target":["https:\/\/cycling.hutchinson.com\/fr\/pression-recommandee\/"]}]},{"@type":"ImageObject","inLanguage":"fr-FR","@id":"https:\/\/cycling.hutchinson.com\/fr\/pression-recommandee\/#primaryimage","url":"https:\/\/cycling.hutchinson.com\/wp-content\/uploads\/2023\/11\/hutchinson-challenger-testimonials-11-1.jpg","contentUrl":"https:\/\/cycling.hutchinson.com\/wp-content\/uploads\/2023\/11\/hutchinson-challenger-testimonials-11-1.jpg","width":1720,"height":1720},{"@type":"BreadcrumbList","@id":"https:\/\/cycling.hutchinson.com\/fr\/pression-recommandee\/#breadcrumb","itemListElement":[{"@type":"ListItem","position":1,"name":"Home","item":"https:\/\/cycling.hutchinson.com\/fr\/"},{"@type":"ListItem","position":2,"name":"PRESSION RECOMMAND\u00c9E"}]},{"@type":"WebSite","@id":"https:\/\/cycling.hutchinson.com\/#website","url":"https:\/\/cycling.hutchinson.com\/","name":"Hutchinson Cycling","description":"Ride Your Own Story - Hutchinson Cycling","potentialAction":[{"@type":"SearchAction","target":{"@type":"EntryPoint","urlTemplate":"https:\/\/cycling.hutchinson.com\/?s={search_term_string}"},"query-input":{"@type":"PropertyValueSpecification","valueRequired":true,"valueName":"search_term_string"}}],"inLanguage":"fr-FR"}]}},"_links":{"self":[{"href":"https:\/\/cycling.hutchinson.com\/fr\/wp-json\/wp\/v2\/pages\/12991\/"}],"collection":[{"href":"https:\/\/cycling.hutchinson.com\/fr\/wp-json\/wp\/v2\/pages\/"}],"about":[{"href":"https:\/\/cycling.hutchinson.com\/fr\/wp-json\/wp\/v2\/types\/page\/"}],"author":[{"embeddable":true,"href":"https:\/\/cycling.hutchinson.com\/fr\/wp-json\/wp\/v2\/users\/10\/"}],"replies":[{"embeddable":true,"href":"https:\/\/cycling.hutchinson.com\/fr\/wp-json\/wp\/v2\/comments\/?post=12991"}],"version-history":[{"count":7,"href":"https:\/\/cycling.hutchinson.com\/fr\/wp-json\/wp\/v2\/pages\/12991\/revisions\/"}],"predecessor-version":[{"id":13459,"href":"https:\/\/cycling.hutchinson.com\/fr\/wp-json\/wp\/v2\/pages\/12991\/revisions\/13459\/"}],"wp:featuredmedia":[{"embeddable":true,"href":"https:\/\/cycling.hutchinson.com\/fr\/wp-json\/wp\/v2\/media\/13420\/"}],"wp:attachment":[{"href":"https:\/\/cycling.hutchinson.com\/fr\/wp-json\/wp\/v2\/media\/?parent=12991"}],"curies":[{"name":"wp","href":"https:\/\/api.w.org\/{rel}","templated":true}]}}