{"id":4214,"date":"2020-10-27T10:56:05","date_gmt":"2020-10-27T09:56:05","guid":{"rendered":"https:\/\/cycling.hutchinson.com\/?page_id=4214"},"modified":"2021-02-12T00:05:02","modified_gmt":"2021-02-11T23:05:02","slug":"terminos-y-condiciones-de-uso","status":"publish","type":"page","link":"https:\/\/cycling.hutchinson.com\/es\/terminos-y-condiciones-de-uso\/","title":{"rendered":"T\u00e9rminos y Condiciones de Uso"},"content":{"rendered":"<p>Le damos la bienvenida al sitio web <a href=\"https:\/\/cycling.hutchinson.com\/es\/\">cycling.hutchinson.com<\/a>. Al conectarse o utilizar nuestro sitio web, usted reconoce haber le\u00eddo, entendido y aceptado, sin limitaci\u00f3n ni reserva, las presentes Condiciones Generales de Uso y nuestro Reglamento de <a href=\"https:\/\/cycling.hutchinson.com\/es\/politica-de-privacidad-y-cookies\/\">Protecci\u00f3n de Datos Personales y Cookies<\/a>. Tenga en cuenta que en otros sitios web del grupo Hutchinson se aplican otras condiciones generales y pol\u00edticas de protecci\u00f3n de datos personales y cookies, por lo que le recomendamos que las consulte cuidadosamente.<\/p>\n<p>1. Identidad<br \/>\nEmpresa editora del sitio web, en adelante la \u00abEmpresa\u00bb:<br \/>\nHUTCHINSON<br \/>\nDomicilio social:2 rue Balzac, 75008 Par\u00eds<br \/>\nTipo de empresa &#8211; forma social: Sociedad An\u00f3nima<br \/>\nCapital: 52 947 648 euros<br \/>\nRegistro Mercantil de Par\u00eds: 542 051 826<br \/>\nN\u00famero de IVA: FR57542051826<br \/>\nCorreo electr\u00f3nico: cycling.contact@hutchinson.com<br \/>\nTel\u00e9fono: + 33 (0)1 40 89 53 31<br \/>\nDirector de publicaci\u00f3n: Sophie Esteve, Gerente de Comunicaciones Globales<\/p>\n<p>Dise\u00f1o t\u00e9cnico y desarrollo del sitio web:<br \/>\nNOUVODUO<br \/>\nSociedad de responsabilidad limitada con un capital de 8000 euros, cuyo domicilio social se encuentra en 44, avenue du Capitaine Glarner, 93400 Saint-Ouen (Francia), e inscrita en el Registro Mercantil de Bobigny con el n\u00famero 480 278 852<br \/>\nTel\u00e9fono: + 33 (0)1 40 12 06 69<\/p>\n<p>Alojamiento de la p\u00e1gina web:<br \/>\nGANDI<br \/>\nSociedad por Acciones Simplificada con un capital de 2.300.000 euros, cuyo domicilio social se encuentra en 63-65 Boulevard Mass\u00e9na 75013 Paris (Francia), e inscrita en el Registro Mercantil\u202fde Paris con el n\u00famero 423 093 459.<br \/>\nTel\u00e9fono: +33 (1) 70 37 76 61<\/p>\n<p>Las empresas del grupo Hutchinson tienen su propia existencia legal y disponen de una personalidad jur\u00eddica aut\u00f3noma. La Empresa que cre\u00f3 este sitio web pertenece al grupo Hutchinson. Los t\u00e9rminos \u00abHutchinson\u00bb y \u00abel grupo Hutchinson\u00bb se utilizan a veces por razones pr\u00e1cticas y designan de forma general a HUTCHINSON S.A. (la empresa holding) y\/o sus filiales. Del mismo modo, los t\u00e9rminos \u00abnosotros\u00bb, \u00abnos\u00bb, \u00abnuestro\/a\u00bb y \u00abnuestros\/as\u00bb hacen refieren a la Empresa o a cualquier otra empresa del grupo Hutchinson en general. No se podr\u00e1 inferir ninguna implicaci\u00f3n de HUTCHINSON S.A. ni de cualquiera de sus filiales en el negocio o la gesti\u00f3n de cualquier otra empresa del grupo Hutchinson por el simple uso de estas expresiones.<\/p>\n<p>2. Informaci\u00f3n sobre las actividades<br \/>\nLa Empresa ha puesto en l\u00ednea este sitio web para presentar algunas de sus actividades y, en su caso, otras actividades del grupo Hutchinson. La informaci\u00f3n proporcionada es de car\u00e1cter general, sin ninguna garant\u00eda de adecuaci\u00f3n a una necesidad particular de uso. La Empresa puede modificarla o actualizarla en cualquier momento y sin previo aviso.<\/p>\n<p>3. Propiedad intelectual<br \/>\n3.1. Principio. Toda la informaci\u00f3n o documentos (textos, im\u00e1genes animadas o no, bases de datos, sonidos, fotograf\u00edas, conocimientos t\u00e9cnicos, productos mencionados) contenidos en el sitio web, as\u00ed como todos los elementos creados para el sitio web y su estructura general, o bien son propiedad de la Empresa o del grupo Hutchinson, o bien est\u00e1n sujetos a los derechos de uso, reproducci\u00f3n y representaci\u00f3n concedidos a este \u00faltimo. Dicha informaci\u00f3n, documentos o elementos est\u00e1n sujetos a las leyes que protegen el derecho de autor desde el momento en que se ponen a disposici\u00f3n del p\u00fablico en este sitio web. No se concede a nadie ninguna licencia, ni ning\u00fan otro derecho que el de consultar el sitio web, en lo que respecta a los derechos de propiedad intelectual. La reproducci\u00f3n de los documentos del sitio web est\u00e1 autorizada exclusivamente con fines de informaci\u00f3n para uso personal y privado. Cualquier reproducci\u00f3n y cualquier utilizaci\u00f3n de copias realizadas con otros fines est\u00e1 expresamente prohibida y sujeta a la autorizaci\u00f3n previa y expresa de la Empresa. En cualquier caso, la reproducci\u00f3n autorizada de la informaci\u00f3n contenida en este sitio web deber\u00e1 indicar la fuente y la correspondiente menci\u00f3n de propiedad.<\/p>\n<p>3.2. Signos distintivos. A menos que se indique lo contrario, las denominaciones sociales, logotipos, productos y marcas mencionados en este sitio web son propiedad de la Empresa o del grupo Hutchinson, o bien est\u00e1n sujetos a los derechos de uso, reproducci\u00f3n o representaci\u00f3n que les han sido otorgados. No pueden ser utilizados sin la autorizaci\u00f3n previa por escrito de la Empresa.<\/p>\n<p>4. Compromiso del usuario<br \/>\n4.1. Cada usuario del sitio web que proporciona informaci\u00f3n concede a la Empresa todos los derechos transferibles relativos a dicha informaci\u00f3n y autoriza a la Empresa a hacer uso de ella. La informaci\u00f3n proporcionada de esta manera por los usuarios se considerar\u00e1 no confidencial. Sin embargo, cuando la informaci\u00f3n proporcionada es de car\u00e1cter personal en el sentido de la ley aplicable, se procesar\u00e1 de acuerdo con el Reglamento de <a href=\"https:\/\/cycling.hutchinson.com\/es\/politica-de-privacidad-y-cookies\/\">Protecci\u00f3n de Datos Personales y Cookies<\/a> aplicable a este sitio web.<\/p>\n<p>4.2. Cada usuario del sitio web declara cumplir con las presentes condiciones generales de uso y leyes vigentes, en particular:<br \/>\n&#8211; Disponer de la competencia y los medios necesarios para acceder y utilizar el sitio web.<br \/>\n&#8211; Haber comprobado que la configuraci\u00f3n inform\u00e1tica utilizada no contiene ning\u00fan virus y que est\u00e1 en perfecto estado de funcionamiento.<br \/>\n&#8211; Conceder a la Empresa y a sus socios, en su caso, el derecho a hacer cualquier uso de la informaci\u00f3n proporcionada (que no sean los datos personales).<br \/>\n&#8211; En las \u00e1reas de comentarios gratuitas, acepta escribir comentarios objetivos que nunca sean excesivos o insultantes, excluyendo cualquier dato considerado sensible (por ejemplo, origen racial o \u00e9tnico, opiniones pol\u00edticas, filos\u00f3ficas o religiosas, etc. .).<br \/>\n&#8211; Mantener la confidencialidad y, en consecuencia, ser responsable del uso y de la seguridad de los c\u00f3digos de acceso y las contrase\u00f1as que la Empresa le env\u00ede para acceder a determinados apartados. La Empresa se reserva el derecho de suspender su acceso al sitio web en caso de uso fraudulento o intento de uso fraudulento de dicho acceso.<\/p>\n<p>5. Enlaces de hipertexto<br \/>\n5.1. Activaci\u00f3n de enlaces. La Empresa declina formalmente toda responsabilidad por el contenido de los sitios a los que ofrece enlaces. Estos enlaces se ofrecen a los usuarios de este sitio web. Consulte las condiciones generales y la pol\u00edtica de protecci\u00f3n de datos personales y cookies de estos sitios para conocer sus pr\u00e1cticas. La decisi\u00f3n de activar los enlaces recae exclusivamente en los usuarios del sitio web. La Empresa puede modificar o eliminar un enlace de nuestro sitio web en cualquier momento.<\/p>\n<p>5.2. Autorizaci\u00f3n de enlaces. Si desea crear un enlace de hipertexto con este sitio web, deber\u00e1 obtener la autorizaci\u00f3n previa por escrito de la Empresa, utilizando los datos de contacto que figuran al final del presente documento.<\/p>\n<p>6. Advertencias<br \/>\n6.1. La informaci\u00f3n y las recomendaciones disponibles en este sitio web (\u00abInformaci\u00f3n\u00bb) se ofrecen de buena fe. En principio, la Informaci\u00f3n es correcta en el momento de su publicaci\u00f3n en el sitio. Sin embargo, la Empresa no garantiza el car\u00e1cter exhaustivo ni la exactitud de esta Informaci\u00f3n. Usted asume plenamente los riesgos asociados al cr\u00e9dito que le confiera. Esta Informaci\u00f3n se le proporciona a condici\u00f3n de que usted o cualquier otra persona que la reciba pueda determinar su inter\u00e9s para un prop\u00f3sito espec\u00edfico antes de utilizarla. En ning\u00fan caso la Empresa ser\u00e1 responsable de los da\u00f1os que puedan resultar del cr\u00e9dito conferido a esta Informaci\u00f3n o de su uso. Esta Informaci\u00f3n no debe considerarse como una recomendaci\u00f3n para el uso de la informaci\u00f3n, productos, procedimientos, equipos o formulaciones que entren en conflicto con cualquier patente, derecho de autor o marca comercial. La Empresa declina toda responsabilidad, expresa o impl\u00edcita, si el uso de esta Informaci\u00f3n infringe alguna patente, derecho de autor o marca comercial.<\/p>\n<p>La Empresa, y cualquier empresa del grupo Hutchinson rechaza categ\u00f3ricamente cualquier interpretaci\u00f3n que busque equiparar el contenido de sus sitios web con ofertas de compra o incitaci\u00f3n para adquirir acciones u otros valores mobiliarios cotizados o no cotizados de la Empresa o de cualquier otra empresa del grupo Hutchinson. No se ofrece ninguna garant\u00eda, expresa o impl\u00edcita, en cuanto a la naturaleza comercial de la Informaci\u00f3n proporcionada, ni en cuanto a su adecuaci\u00f3n para un fin determinado, ni con respecto a los productos a los que se hace referencia en dicha Informaci\u00f3n. La Empresa no se compromete en ning\u00fan caso a actualizar o corregir la Informaci\u00f3n que se difunda en Internet o en sus servidores web. La Empresa se reserva el derecho de modificar o corregir el contenido de sus sitios web en cualquier momento y sin previo aviso.<\/p>\n<p>6.2. La Empresa no garantiza, sin que esta lista sea exhaustiva, que el sitio web funcione sin interrupciones y que los servidores que dan acceso al mismo y\/o los sitios de terceros a los que redirigen los hiperv\u00ednculos no contengan virus.<\/p>\n<p>7. Actualizaci\u00f3n de las condiciones de uso del sitio web y legislaci\u00f3n aplicable<br \/>\nEl editor del sitio web puede actualizar las condiciones de uso del sitio web en cualquier momento. En consecuencia, se invita al Usuario a consultar peri\u00f3dicamente las \u00faltimas condiciones de uso vigentes disponibles en el Sitio web.<\/p>\n<p>Si una o m\u00e1s disposiciones de las condiciones de uso resultan no ser aplicables o prohibidas en virtud de una regulaci\u00f3n de orden p\u00fablico, las otras disposiciones no afectadas de las condiciones de uso seguir\u00e1n siendo aplicables al Usuario en la medida permitida por esta regulaci\u00f3n.<\/p>\n<p>Las condiciones est\u00e1n sujetos a la ley francesa y est\u00e1n bajo la jurisdicci\u00f3n de los tribunales franceses competentes.<\/p>\n<p>8. Datos de contacto<br \/>\nPara cualquier pregunta relacionada con las condiciones de uso del sitio web, cont\u00e1ctenos por correo electr\u00f3nico a la siguiente direcci\u00f3n: <a href=\"mailto:cycling.contact@hutchinson.com\">cycling.contact@hutchinson.com<\/a> o por correo postal a la siguiente direcci\u00f3n: Hutchinson, Departamento de Ciclismo de Hutchinson\u2013 Communication 61, rue Marius Aufan \u2013 92300 Levallois Perret (Francia).<\/p>\n<p>Cr\u00e9ditos de fotos y videos:<br \/>\n\u2022 Hutchinson<br \/>\n\u2022 Diedre Design<br \/>\n\u2022 Lauriane Miara<br \/>\n\u2022 Blackballoon<br \/>\n\u2022 David &amp; Douglas<br \/>\n\u2022 Lepresti<br \/>\n\u2022 TDG photography<br \/>\n\u2022 Pierre Henni<\/p>\n","protected":false},"excerpt":{"rendered":"<p>Le damos la bienvenida al sitio web cycling.hutchinson.com. Al conectarse o utilizar nuestro sitio web, usted reconoce haber le\u00eddo, entendido y aceptado, sin limitaci\u00f3n ni reserva, las presentes Condiciones Generales de Uso y nuestro Reglamento de Protecci\u00f3n de Datos Personales y Cookies. Tenga en cuenta que en otros sitios web del grupo Hutchinson se aplican [&hellip;]<\/p>\n","protected":false},"author":5,"featured_media":0,"parent":0,"menu_order":0,"comment_status":"closed","ping_status":"open","template":"","meta":{"inline_featured_image":false,"footnotes":""},"class_list":["post-4214","page","type-page","status-publish","hentry"],"yoast_head":"<!-- This site is optimized with the Yoast SEO plugin v26.1.1 - https:\/\/yoast.com\/wordpress\/plugins\/seo\/ -->\n<title>T\u00e9rminos y Condiciones de Uso - Hutchinson Cycling<\/title>\n<meta name=\"robots\" content=\"index, follow, max-snippet:-1, max-image-preview:large, max-video-preview:-1\" \/>\n<link rel=\"canonical\" href=\"https:\/\/cycling.hutchinson.com\/es\/terms-and-conditions-of-use\/\" \/>\n<meta property=\"og:locale\" content=\"es_ES\" \/>\n<meta property=\"og:type\" content=\"article\" \/>\n<meta property=\"og:title\" content=\"T\u00e9rminos y Condiciones de Uso - Hutchinson Cycling\" \/>\n<meta property=\"og:description\" content=\"Le damos la bienvenida al sitio web cycling.hutchinson.com. Al conectarse o utilizar nuestro sitio web, usted reconoce haber le\u00eddo, entendido y aceptado, sin limitaci\u00f3n ni reserva, las presentes Condiciones Generales de Uso y nuestro Reglamento de Protecci\u00f3n de Datos Personales y Cookies. Tenga en cuenta que en otros sitios web del grupo Hutchinson se aplican [&hellip;]\" \/>\n<meta property=\"og:url\" content=\"https:\/\/cycling.hutchinson.com\/terms-and-conditions-of-use\/\" \/>\n<meta property=\"og:site_name\" content=\"Hutchinson Cycling\" \/>\n<meta property=\"article:modified_time\" content=\"2021-02-11T23:05:02+00:00\" \/>\n<meta name=\"twitter:card\" content=\"summary_large_image\" \/>\n<meta name=\"twitter:label1\" content=\"Est. reading time\" \/>\n\t<meta name=\"twitter:data1\" content=\"8 minutes\" \/>\n<script type=\"application\/ld+json\" class=\"yoast-schema-graph\">{\"@context\":\"https:\/\/schema.org\",\"@graph\":[{\"@type\":\"WebPage\",\"@id\":\"https:\/\/cycling.hutchinson.com\/terms-and-conditions-of-use\/\",\"url\":\"https:\/\/cycling.hutchinson.com\/terms-and-conditions-of-use\/\",\"name\":\"T\u00e9rminos y Condiciones de Uso - Hutchinson Cycling\",\"isPartOf\":{\"@id\":\"https:\/\/cycling.hutchinson.com\/#website\"},\"datePublished\":\"2020-10-27T09:56:05+00:00\",\"dateModified\":\"2021-02-11T23:05:02+00:00\",\"breadcrumb\":{\"@id\":\"https:\/\/cycling.hutchinson.com\/terms-and-conditions-of-use\/#breadcrumb\"},\"inLanguage\":\"es-ES\",\"potentialAction\":[{\"@type\":\"ReadAction\",\"target\":[\"https:\/\/cycling.hutchinson.com\/terms-and-conditions-of-use\/\"]}]},{\"@type\":\"BreadcrumbList\",\"@id\":\"https:\/\/cycling.hutchinson.com\/terms-and-conditions-of-use\/#breadcrumb\",\"itemListElement\":[{\"@type\":\"ListItem\",\"position\":1,\"name\":\"Home\",\"item\":\"https:\/\/cycling.hutchinson.com\/es\/\"},{\"@type\":\"ListItem\",\"position\":2,\"name\":\"T\u00e9rminos y Condiciones de Uso\"}]},{\"@type\":\"WebSite\",\"@id\":\"https:\/\/cycling.hutchinson.com\/#website\",\"url\":\"https:\/\/cycling.hutchinson.com\/\",\"name\":\"Hutchinson Cycling\",\"description\":\"Ride Your Own Story - Hutchinson Cycling\",\"potentialAction\":[{\"@type\":\"SearchAction\",\"target\":{\"@type\":\"EntryPoint\",\"urlTemplate\":\"https:\/\/cycling.hutchinson.com\/?s={search_term_string}\"},\"query-input\":{\"@type\":\"PropertyValueSpecification\",\"valueRequired\":true,\"valueName\":\"search_term_string\"}}],\"inLanguage\":\"es-ES\"}]}<\/script>\n<!-- \/ Yoast SEO plugin. -->","yoast_head_json":{"title":"T\u00e9rminos y Condiciones de Uso - Hutchinson Cycling","robots":{"index":"index","follow":"follow","max-snippet":"max-snippet:-1","max-image-preview":"max-image-preview:large","max-video-preview":"max-video-preview:-1"},"canonical":"https:\/\/cycling.hutchinson.com\/es\/terms-and-conditions-of-use\/","og_locale":"es_ES","og_type":"article","og_title":"T\u00e9rminos y Condiciones de Uso - Hutchinson Cycling","og_description":"Le damos la bienvenida al sitio web cycling.hutchinson.com. Al conectarse o utilizar nuestro sitio web, usted reconoce haber le\u00eddo, entendido y aceptado, sin limitaci\u00f3n ni reserva, las presentes Condiciones Generales de Uso y nuestro Reglamento de Protecci\u00f3n de Datos Personales y Cookies. Tenga en cuenta que en otros sitios web del grupo Hutchinson se aplican [&hellip;]","og_url":"https:\/\/cycling.hutchinson.com\/terms-and-conditions-of-use\/","og_site_name":"Hutchinson Cycling","article_modified_time":"2021-02-11T23:05:02+00:00","twitter_card":"summary_large_image","twitter_misc":{"Est. reading time":"8 minutes"},"schema":{"@context":"https:\/\/schema.org","@graph":[{"@type":"WebPage","@id":"https:\/\/cycling.hutchinson.com\/terms-and-conditions-of-use\/","url":"https:\/\/cycling.hutchinson.com\/terms-and-conditions-of-use\/","name":"T\u00e9rminos y Condiciones de Uso - Hutchinson Cycling","isPartOf":{"@id":"https:\/\/cycling.hutchinson.com\/#website"},"datePublished":"2020-10-27T09:56:05+00:00","dateModified":"2021-02-11T23:05:02+00:00","breadcrumb":{"@id":"https:\/\/cycling.hutchinson.com\/terms-and-conditions-of-use\/#breadcrumb"},"inLanguage":"es-ES","potentialAction":[{"@type":"ReadAction","target":["https:\/\/cycling.hutchinson.com\/terms-and-conditions-of-use\/"]}]},{"@type":"BreadcrumbList","@id":"https:\/\/cycling.hutchinson.com\/terms-and-conditions-of-use\/#breadcrumb","itemListElement":[{"@type":"ListItem","position":1,"name":"Home","item":"https:\/\/cycling.hutchinson.com\/es\/"},{"@type":"ListItem","position":2,"name":"T\u00e9rminos y Condiciones de Uso"}]},{"@type":"WebSite","@id":"https:\/\/cycling.hutchinson.com\/#website","url":"https:\/\/cycling.hutchinson.com\/","name":"Hutchinson Cycling","description":"Ride Your Own Story - Hutchinson Cycling","potentialAction":[{"@type":"SearchAction","target":{"@type":"EntryPoint","urlTemplate":"https:\/\/cycling.hutchinson.com\/?s={search_term_string}"},"query-input":{"@type":"PropertyValueSpecification","valueRequired":true,"valueName":"search_term_string"}}],"inLanguage":"es-ES"}]}},"_links":{"self":[{"href":"https:\/\/cycling.hutchinson.com\/es\/wp-json\/wp\/v2\/pages\/4214\/"}],"collection":[{"href":"https:\/\/cycling.hutchinson.com\/es\/wp-json\/wp\/v2\/pages\/"}],"about":[{"href":"https:\/\/cycling.hutchinson.com\/es\/wp-json\/wp\/v2\/types\/page\/"}],"author":[{"embeddable":true,"href":"https:\/\/cycling.hutchinson.com\/es\/wp-json\/wp\/v2\/users\/5\/"}],"replies":[{"embeddable":true,"href":"https:\/\/cycling.hutchinson.com\/es\/wp-json\/wp\/v2\/comments\/?post=4214"}],"version-history":[{"count":5,"href":"https:\/\/cycling.hutchinson.com\/es\/wp-json\/wp\/v2\/pages\/4214\/revisions\/"}],"predecessor-version":[{"id":9354,"href":"https:\/\/cycling.hutchinson.com\/es\/wp-json\/wp\/v2\/pages\/4214\/revisions\/9354\/"}],"wp:attachment":[{"href":"https:\/\/cycling.hutchinson.com\/es\/wp-json\/wp\/v2\/media\/?parent=4214"}],"curies":[{"name":"wp","href":"https:\/\/api.w.org\/{rel}","templated":true}]}}