{"id":4014,"date":"2020-11-26T12:42:19","date_gmt":"2020-11-26T11:42:19","guid":{"rendered":"https:\/\/cycling.hutchinson.com\/?page_id=4014"},"modified":"2026-02-09T16:31:18","modified_gmt":"2026-02-09T15:31:18","slug":"politica-de-privacidad-y-cookies","status":"publish","type":"page","link":"https:\/\/cycling.hutchinson.com\/es\/politica-de-privacidad-y-cookies\/","title":{"rendered":"Pol\u00edtica de privacidad y cookies"},"content":{"rendered":"<p>Le damos la bienvenida al sitio web <a href=\"http:\/\/cycling.hutchinson.com\">cycling.hutchinson.com<\/a>. Al conectarse o consultar el sitio web, usted reconoce haber le\u00eddo, entendido y aceptado, sin limitaci\u00f3n ni reserva, el presente Reglamento de Protecci\u00f3n de Datos Personales y Cookies (en adelante el \u00abReglamento\u00bb) y nuestros t\u00e9rminos y condiciones generales de uso. Por favor, tenga en cuenta que en otros sitios web del grupo Hutchinson se aplican otras condiciones generales y pol\u00edticas de protecci\u00f3n de datos personales y cookies, por lo que le recomendamos que las consulte cuidadosamente.<\/p>\n<p>El objetivo del Reglamento es informarle de los derechos y libertades que puede hacer valer con respecto al uso que hacemos de sus datos personales. Asimismo, describe las medidas que aplicamos para protegerlos.<\/p>\n<p>Hutchinson, sociedad an\u00f3nima con un capital social de 52 947 648 euros, con domicilio social en 2 rue Balzac 75008 Par\u00eds, inscrita en el Registro Mercantil de Par\u00eds con el n\u00famero 542 051 826, es la \u00abresponsable del tratamiento\u00bb de los datos personales relativos a la gesti\u00f3n del sitio web. Dicho tratamiento se lleva a cabo de conformidad con la legislaci\u00f3n aplicable.<\/p>\n<p><strong>1. Finalidad, fundamento legal del tratamiento de los datos recogidos y per\u00edodo de conservaci\u00f3n<\/strong><\/p>\n<p>Es probable que nos proporcione una cierta cantidad de datos personales, como su apellido, nombre y direcci\u00f3n de correo electr\u00f3nico, para responder a su solicitud de informaci\u00f3n sobre nuestros productos y \/ o servicios, para brindarle la informaci\u00f3n y \/ o servicios solicitados.<\/p>\n<p>Adem\u00e1s, si ha dado su consentimiento, sus datos personales (direcci\u00f3n de correo electr\u00f3nico) pueden utilizarse para enviarle nuestros boletines. Tenga en cuenta que puede utilizar el enlace para darse de baja integrado en cada bolet\u00edn en cualquier momento.<\/p>\n<p><strong>El tratamiento de sus datos personales se basa en su consentimiento a trav\u00e9s del formulario de contacto a trav\u00e9s del cual nos contacta en nuestra web. <\/strong>Esta informaci\u00f3n es necesaria para poder procesar su solicitud, de lo contrario no podr\u00e1 ser procesada. Puede retirar su consentimiento en cualquier momento sin que ello comprometa el o los tratamientos realizados anteriormente, escribiendo a la siguiente direcci\u00f3n de correo electr\u00f3nico: <a href=\"mailto:data.protection@hutchinson.com\">data.protection@hutchinson.com<\/a>.<\/p>\n<p>En nuestro formulario en l\u00ednea, los campos obligatorios est\u00e1n marcados con un asterisco. Si no responde a las preguntas obligatorias, no podremos proporcionarle el servicio o servicios solicitados.<\/p>\n<p>Sus datos personales no se procesan posteriormente de una manera incompatible con los fines descritos a continuaci\u00f3n o en los formularios de recopilaci\u00f3n.<\/p>\n<p>Sus datos se conservan durante el tiempo necesario para la finalidad de cada tratamiento como se indica a continuaci\u00f3n:<\/p>\n<table class=\"center\" style=\"height: 187px;\" border=\"1\" width=\"617\" cellspacing=\"12\" cellpadding=\"20\" align=\"center\">\n<tbody>\n<tr>\n<td width=\"302\"><strong><em>Prop\u00f3sito del procesamiento<\/em><\/strong><\/td>\n<td width=\"302\"><strong><em>Duraci\u00f3n de la conversaci\u00f3n<\/em><\/strong><\/td>\n<\/tr>\n<tr>\n<td width=\"302\"><em><u>Tratamiento n\u00b01<\/u><\/em> : procesamiento de su solicitud de contacto<\/td>\n<td width=\"302\">-3 meses<\/td>\n<\/tr>\n<tr>\n<td width=\"302\"><em><u>Tratamiento n\u00b02<\/u><\/em> : gesti\u00f3n del env\u00edo de newsletters (correo electr\u00f3nico, fecha de suscripci\u00f3n, estad\u00edsticas relacionadas con el servicio)<\/td>\n<td width=\"302\">&#8211; siempre que no se d\u00e9 de baja (a trav\u00e9s del enlace de cancelaci\u00f3n de suscripci\u00f3n integrado en los boletines).<\/td>\n<\/tr>\n<\/tbody>\n<\/table>\n<p><strong>2. Destinatarios de los datos<\/strong><\/p>\n<p>Para cumplir con las finalidades especificadas anteriormente, sus datos personales se transmiten a las empresas del Grupo HUTCHINSON as\u00ed como a la empresa francesa NOUVODUO, desarrolladora de al sitio web y velando por su mantenimiento, as\u00ed como a la empresa francesa GANDI, anfitriona de sus datos personales. Sus datos personales est\u00e1n alojados en servidores ubicados en Francia.<\/p>\n<p>En cuanto a los boletines, su direcci\u00f3n de correo electr\u00f3nico se env\u00eda a la empresa francesa SARBACANE, responsable de env\u00edos.<\/p>\n<p><strong>3. Transferencia de datos <\/strong><\/p>\n<p>Toda transferencia de datos a un tercer pa\u00eds fuera del Espacio Econ\u00f3mico Europeo se realiza de conformidad con los reglamentos aplicables y de manera que se garantice una protecci\u00f3n adecuada de los datos.<\/p>\n<p>En el marco de los servicios prestados en el sitio web, sus apellidos, nombre y direcci\u00f3n de correo electr\u00f3nico podr\u00e1n ser transferidos a entidades del Grupo HUTCHINSON establecidas fuera del Espacio Econ\u00f3mico Europeo. Para ello, el Grupo HUTCHINSON ha adoptado unas normas corporativas vinculantes (BCR) aplicables a todas las entidades del grupo, que permiten regular la transferencia intragrupo de sus datos personales fuera de la Uni\u00f3n Europea.<\/p>\n<p>Si desea m\u00e1s informaci\u00f3n sobre nuestras BCR, haga clic <a href=\"https:\/\/cycling.hutchinson.com\/es\/binding-corporate-rules\/\">aqu\u00ed<\/a>. Para obtener informaci\u00f3n sobre otras medidas establecidas para garantizar una protecci\u00f3n adecuada, escriba a la direcci\u00f3n de contacto que figura a continuaci\u00f3n.<\/p>\n<p><strong>4. Seguridad y confidencialidad de sus datos <\/strong><\/p>\n<p>El responsable del tratamiento de datos personales aplica medidas adecuadas para preservar la seguridad y la confidencialidad de sus datos personales y, en particular, para evitar que sean distorsionados, da\u00f1ados o accedidos por terceros no autorizados.<\/p>\n<p><strong>5. Gesti\u00f3n de cookies <\/strong><\/p>\n<p>Una cookie es un archivo que permite registrar informaci\u00f3n relacionada con su navegaci\u00f3n y facilitarla en cycling.hutchinson.com.<\/p>\n<p>Las cookies son archivos de texto que se colocan en su dispositivo. Proporcionan acceso a diversa informaci\u00f3n sobre usted. Algunos de ellos pertenecen al editor del sitio, otros a operadores externos.<\/p>\n<p>La siguiente tabla ofrece una vista detallada de cada cookie \/ rastreador.<\/p>\n<p>Activamos cookies y otros rastreadores una vez que haya dado su consentimiento, a excepci\u00f3n de las cookies y los rastreadores t\u00e9cnicos que son esenciales para la prestaci\u00f3n del servicio que solicita en cycling.hutchinson.com.<\/p>\n<p><strong>\u00bfQu\u00e9 cookies se instalan?<\/strong><\/p>\n<ul>\n<li><strong><em>Las cookies ofrecidas por HUTCHINSON en el sitio web<\/em><\/strong><\/li>\n<\/ul>\n<table class=\"center\" border=\"1\" width=\"642\" cellspacing=\"12\" cellpadding=\"20\" align=\"center\">\n<tbody>\n<tr>\n<td width=\"151\"><strong>Editor de Cookie<\/strong><\/td>\n<td width=\"151\"><strong>Descripci\u00f3n<\/strong><\/td>\n<td width=\"151\"><strong>\u00bfC\u00f3mo rechazarlas?<\/strong><\/td>\n<td width=\"151\"><strong>Duraci\u00f3n<\/strong><\/td>\n<\/tr>\n<tr>\n<td width=\"151\"><strong>Cookies t\u00e9cnicas <\/strong>(WordPress)<\/td>\n<td width=\"151\">Contiene informaci\u00f3n sobre la sesi\u00f3n de navegaci\u00f3n, permite al usuario acceder al sitio<\/td>\n<td width=\"151\">Imposible, son imprescindibles para el funcionamiento del sitio<\/td>\n<td width=\"151\">Se borran al finalizar la navegaci\u00f3n<\/p>\n<h2><\/h2>\n<\/td>\n<\/tr>\n<tr>\n<td width=\"151\"><strong>Cookies t\u00e9cnicas <\/strong>(Consent cookie)<\/td>\n<td width=\"151\">Permite al Usuario configurar cookies que no son esenciales para el funcionamiento del sitio.<\/td>\n<td width=\"151\">Imprescindible para cumplir con la normativa europea (GDPR).<\/td>\n<td width=\"151\">13 meses<\/td>\n<\/tr>\n<\/tbody>\n<\/table>\n<ul>\n<li><strong><em>Cookies ofrecidas por terceros<\/em><\/strong><\/li>\n<\/ul>\n<table class=\"center\" border=\"1\" width=\"642\" cellspacing=\"12\" cellpadding=\"20\" align=\"center\">\n<tbody>\n<tr>\n<td width=\"162\"><strong>Editor de Cookie<\/strong><\/td>\n<td width=\"148\"><strong>Descripci\u00f3n<\/strong><\/td>\n<td width=\"149\"><strong>\u00bfC\u00f3mo rechazarlas?<\/strong><\/td>\n<td width=\"146\"><strong>Duraci\u00f3n<\/strong><\/td>\n<\/tr>\n<tr>\n<td width=\"162\"><strong>Cookie de marketing\u00a0:<\/strong><\/p>\n<p>Instagram<\/td>\n<td width=\"148\">Permite al usuario comentar en publicaciones de Instagram<\/td>\n<td width=\"149\">Banner de cookies + Ver abajo<\/td>\n<td width=\"146\">13 meses<\/td>\n<\/tr>\n<tr>\n<td width=\"162\"><strong>Cookie de marketing\u00a0:<\/strong><\/p>\n<p>scald_youtube_consent<\/td>\n<td width=\"148\">Permite al usuario ver videos alojados en YouTube..<\/td>\n<td width=\"149\">Banner de cookies + Ver abajo<\/td>\n<td width=\"146\">13 meses<\/td>\n<\/tr>\n<tr>\n<td width=\"162\"><strong>Cookies Google.com :<\/strong><\/p>\n<p>Google maps<\/td>\n<td width=\"148\">Permite al Usuario acceder a un mapa de distribuidores HUTCHINSON para encontrar puntos de venta cercanos a su domicilio.<\/td>\n<td width=\"149\">Banner de cookies + Ver abajo<\/td>\n<td width=\"146\">2 a\u00f1os<\/td>\n<\/tr>\n<\/tbody>\n<\/table>\n<p>&nbsp;<\/p>\n<ul>\n<li><strong><em>Cookies de estad\u00edsticas<\/em><\/strong><\/li>\n<\/ul>\n<table class=\"center\" border=\"1\" width=\"642\" cellspacing=\"12\" cellpadding=\"20\" align=\"center\">\n<tbody>\n<tr>\n<td width=\"151\"><strong>Editor de Cookie<\/strong><\/td>\n<td width=\"151\"><strong>Descripci\u00f3n<\/strong><\/td>\n<td width=\"151\"><strong>\u00bfC\u00f3mo rechazarlas?<\/strong><\/td>\n<td width=\"151\"><strong>Duraci\u00f3n<\/strong><\/td>\n<\/tr>\n<tr>\n<td width=\"151\"><strong>Piano Analytics <\/strong><strong>(_ga)<\/strong><\/td>\n<td width=\"151\">Medir la audiencia del sitio web, recopilar estad\u00edsticas, determinar el comportamiento del usuario en nuestro sitio web<\/td>\n<td width=\"151\">Banner de cookies + Ver abajo<\/td>\n<td width=\"151\">13 meses<\/td>\n<\/tr>\n<tr>\n<td width=\"151\"><strong>Piano Analytics (_gat)<\/strong><\/td>\n<td width=\"151\">Se usa para disminuir dr\u00e1sticamente la tasa de solicitudes de Google Analytics<\/td>\n<td width=\"151\">Banner de cookies + Ver abajo<\/td>\n<td width=\"151\">Eliminado al final de la navegaci\u00f3n<\/td>\n<\/tr>\n<tr>\n<td width=\"151\"><strong>Piano Analytics (_gid)<\/strong><\/td>\n<td width=\"151\">Genera datos estad\u00edsticos sobre c\u00f3mo el visitante usa el sitio web<\/td>\n<td width=\"151\">Banner de cookies + Ver abajo<\/td>\n<td width=\"151\">1 d\u00eda<\/td>\n<\/tr>\n<\/tbody>\n<\/table>\n<p><strong>\u00bfC\u00f3mo retirar su consentimiento?<\/strong><\/p>\n<p>Cuando inicia sesi\u00f3n en <a href=\"http:\/\/cycling.hutchinson.com\">cycling.hutchinson.com<\/a> por primera vez, puede o no dar su consentimiento para el uso de cookies y \/ o para realizar una configuraci\u00f3n. Si m\u00e1s adelante desea cambiar sus opciones, puede mostrar el cuadro de di\u00e1logo &#8220;Cookies y otros rastreadores&#8221; haciendo clic <a id=\"cookies-form\" href=\"#\">aqui<\/a>.<\/p>\n<p>Para eliminar las cookies ya instaladas, consulte el modo de funcionamiento proporcionado por su sistema operativo (Windows, SO, etc.).<\/p>\n<p><strong>6. Sus derechos \/ Contacto<\/strong><\/p>\n<p>De acuerdo con la normativa vigente, usted tiene derecho a acceder, rectificar, eliminar y oponerse a sus datos personales. Tambi\u00e9n tiene derecho a oponerse a la prospecci\u00f3n comercial en las condiciones de la normativa aplicable.<\/p>\n<p>Puede solicitar la comunicaci\u00f3n de sus datos personales y tiene derecho a establecer las directrices sobre la disposici\u00f3n de sus datos personales despu\u00e9s de su muerte. Asimismo, puede solicitar la limitaci\u00f3n del tratamiento o la portabilidad de sus datos personales.<\/p>\n<p>Puede ejercer sus derechos y preguntarnos sobre el tratamiento de sus datos personales escribiendo al departamento encargado de la protecci\u00f3n de datos personales a la siguiente direcci\u00f3n de correo electr\u00f3nico: <a href=\"mailto:data.protection@hutchinson.com\">data.protection@hutchinson.com<\/a>. El responsable del tratamiento de los datos personales es HUTCHINSON, sociedad an\u00f3nima con domicilio social en 2 rue Balzac 75008 Par\u00eds, inscrita en el Registro Mercantil de Par\u00eds con el n\u00famero 542 051 826.<\/p>\n<p>Por \u00faltimo, usted puede presentar una reclamaci\u00f3n ante la autoridad encargada del cumplimiento de las obligaciones de protecci\u00f3n de datos personales (la CNIL para Francia).<\/p>\n<p><strong>7. Enlaces externos<\/strong><\/p>\n<p>Los diferentes sitios web a los que le da acceso nuestro sitio web no est\u00e1n sujetos a este Reglamento. Le aconsejamos que consulte las pol\u00edticas de protecci\u00f3n de datos personales o declaraciones de privacidad de estos sitios web para conocer sus pr\u00e1cticas en materia de recopilaci\u00f3n, uso y divulgaci\u00f3n de datos personales.<\/p>\n<p><strong>8. Datos personales de menores<\/strong><\/p>\n<p>Tenga en cuenta que la navegaci\u00f3n en nuestro sitio web est\u00e1 restringida a personas mayores de 18 a\u00f1os y que no pretendemos recopilar ni procesar datos personales de menores de 18 a\u00f1os. Por lo tanto, si es usted menor de 18 a\u00f1os, debe obtener el consentimiento de sus padres o tutor legal antes de proporcionarnos cualquier informaci\u00f3n a trav\u00e9s del formulario de contacto en nuestro sitio web. Sin este consentimiento previo, los usuarios menores de 18 a\u00f1os no est\u00e1n autorizados a enviarnos informaci\u00f3n y, si lo hacen, dejaremos de procesar su informaci\u00f3n tan pronto como tengamos conocimiento de su edad. No nos hacemos responsables del registro de informaci\u00f3n perteneciente a menores en el momento de una conexi\u00f3n que infrinja estas cl\u00e1usulas.<\/p>\n<p><strong>9. Modificaci\u00f3n del Reglamento<\/strong><\/p>\n<p>Este Reglamento est\u00e1 disponible en el apartado de Datos Personales de nuestro sitio web. Nos reservamos el derecho de revisar y modificar el presente Reglamento en cualquier momento, entre otras cosas, para cumplir con los requisitos reglamentarios y legales.<\/p>\n","protected":false},"excerpt":{"rendered":"<p>Le damos la bienvenida al sitio web cycling.hutchinson.com. Al conectarse o consultar el sitio web, usted reconoce haber le\u00eddo, entendido y aceptado, sin limitaci\u00f3n ni reserva, el presente Reglamento de Protecci\u00f3n de Datos Personales y Cookies (en adelante el \u00abReglamento\u00bb) y nuestros t\u00e9rminos y condiciones generales de uso. Por favor, tenga en cuenta que en [&hellip;]<\/p>\n","protected":false},"author":5,"featured_media":0,"parent":0,"menu_order":0,"comment_status":"closed","ping_status":"closed","template":"","meta":{"inline_featured_image":false,"footnotes":""},"class_list":["post-4014","page","type-page","status-publish","hentry"],"yoast_head":"<!-- This site is optimized with the Yoast SEO plugin v26.1.1 - https:\/\/yoast.com\/wordpress\/plugins\/seo\/ -->\n<title>Pol\u00edtica de privacidad y cookies - Hutchinson Cycling<\/title>\n<meta name=\"robots\" content=\"index, follow, max-snippet:-1, max-image-preview:large, max-video-preview:-1\" \/>\n<link rel=\"canonical\" href=\"https:\/\/cycling.hutchinson.com\/es\/politica-de-privacidad-y-cookies\/\" \/>\n<meta property=\"og:locale\" content=\"es_ES\" \/>\n<meta property=\"og:type\" content=\"article\" \/>\n<meta property=\"og:title\" content=\"Pol\u00edtica de privacidad y cookies - Hutchinson Cycling\" \/>\n<meta property=\"og:description\" content=\"Le damos la bienvenida al sitio web cycling.hutchinson.com. Al conectarse o consultar el sitio web, usted reconoce haber le\u00eddo, entendido y aceptado, sin limitaci\u00f3n ni reserva, el presente Reglamento de Protecci\u00f3n de Datos Personales y Cookies (en adelante el \u00abReglamento\u00bb) y nuestros t\u00e9rminos y condiciones generales de uso. Por favor, tenga en cuenta que en [&hellip;]\" \/>\n<meta property=\"og:url\" content=\"https:\/\/cycling.hutchinson.com\/es\/politica-de-privacidad-y-cookies\/\" \/>\n<meta property=\"og:site_name\" content=\"Hutchinson Cycling\" \/>\n<meta property=\"article:modified_time\" content=\"2026-02-09T15:31:18+00:00\" \/>\n<meta name=\"twitter:card\" content=\"summary_large_image\" \/>\n<meta name=\"twitter:label1\" content=\"Est. reading time\" \/>\n\t<meta name=\"twitter:data1\" content=\"7 minutes\" \/>\n<script type=\"application\/ld+json\" class=\"yoast-schema-graph\">{\"@context\":\"https:\/\/schema.org\",\"@graph\":[{\"@type\":\"WebPage\",\"@id\":\"https:\/\/cycling.hutchinson.com\/es\/politica-de-privacidad-y-cookies\/\",\"url\":\"https:\/\/cycling.hutchinson.com\/es\/politica-de-privacidad-y-cookies\/\",\"name\":\"Pol\u00edtica de privacidad y cookies - Hutchinson Cycling\",\"isPartOf\":{\"@id\":\"https:\/\/cycling.hutchinson.com\/#website\"},\"datePublished\":\"2020-11-26T11:42:19+00:00\",\"dateModified\":\"2026-02-09T15:31:18+00:00\",\"breadcrumb\":{\"@id\":\"https:\/\/cycling.hutchinson.com\/es\/politica-de-privacidad-y-cookies\/#breadcrumb\"},\"inLanguage\":\"es-ES\",\"potentialAction\":[{\"@type\":\"ReadAction\",\"target\":[\"https:\/\/cycling.hutchinson.com\/es\/politica-de-privacidad-y-cookies\/\"]}]},{\"@type\":\"BreadcrumbList\",\"@id\":\"https:\/\/cycling.hutchinson.com\/es\/politica-de-privacidad-y-cookies\/#breadcrumb\",\"itemListElement\":[{\"@type\":\"ListItem\",\"position\":1,\"name\":\"Home\",\"item\":\"https:\/\/cycling.hutchinson.com\/es\/\"},{\"@type\":\"ListItem\",\"position\":2,\"name\":\"Pol\u00edtica de privacidad y cookies\"}]},{\"@type\":\"WebSite\",\"@id\":\"https:\/\/cycling.hutchinson.com\/#website\",\"url\":\"https:\/\/cycling.hutchinson.com\/\",\"name\":\"Hutchinson Cycling\",\"description\":\"Ride Your Own Story - Hutchinson Cycling\",\"potentialAction\":[{\"@type\":\"SearchAction\",\"target\":{\"@type\":\"EntryPoint\",\"urlTemplate\":\"https:\/\/cycling.hutchinson.com\/?s={search_term_string}\"},\"query-input\":{\"@type\":\"PropertyValueSpecification\",\"valueRequired\":true,\"valueName\":\"search_term_string\"}}],\"inLanguage\":\"es-ES\"}]}<\/script>\n<!-- \/ Yoast SEO plugin. -->","yoast_head_json":{"title":"Pol\u00edtica de privacidad y cookies - Hutchinson Cycling","robots":{"index":"index","follow":"follow","max-snippet":"max-snippet:-1","max-image-preview":"max-image-preview:large","max-video-preview":"max-video-preview:-1"},"canonical":"https:\/\/cycling.hutchinson.com\/es\/politica-de-privacidad-y-cookies\/","og_locale":"es_ES","og_type":"article","og_title":"Pol\u00edtica de privacidad y cookies - Hutchinson Cycling","og_description":"Le damos la bienvenida al sitio web cycling.hutchinson.com. Al conectarse o consultar el sitio web, usted reconoce haber le\u00eddo, entendido y aceptado, sin limitaci\u00f3n ni reserva, el presente Reglamento de Protecci\u00f3n de Datos Personales y Cookies (en adelante el \u00abReglamento\u00bb) y nuestros t\u00e9rminos y condiciones generales de uso. Por favor, tenga en cuenta que en [&hellip;]","og_url":"https:\/\/cycling.hutchinson.com\/es\/politica-de-privacidad-y-cookies\/","og_site_name":"Hutchinson Cycling","article_modified_time":"2026-02-09T15:31:18+00:00","twitter_card":"summary_large_image","twitter_misc":{"Est. reading time":"7 minutes"},"schema":{"@context":"https:\/\/schema.org","@graph":[{"@type":"WebPage","@id":"https:\/\/cycling.hutchinson.com\/es\/politica-de-privacidad-y-cookies\/","url":"https:\/\/cycling.hutchinson.com\/es\/politica-de-privacidad-y-cookies\/","name":"Pol\u00edtica de privacidad y cookies - Hutchinson Cycling","isPartOf":{"@id":"https:\/\/cycling.hutchinson.com\/#website"},"datePublished":"2020-11-26T11:42:19+00:00","dateModified":"2026-02-09T15:31:18+00:00","breadcrumb":{"@id":"https:\/\/cycling.hutchinson.com\/es\/politica-de-privacidad-y-cookies\/#breadcrumb"},"inLanguage":"es-ES","potentialAction":[{"@type":"ReadAction","target":["https:\/\/cycling.hutchinson.com\/es\/politica-de-privacidad-y-cookies\/"]}]},{"@type":"BreadcrumbList","@id":"https:\/\/cycling.hutchinson.com\/es\/politica-de-privacidad-y-cookies\/#breadcrumb","itemListElement":[{"@type":"ListItem","position":1,"name":"Home","item":"https:\/\/cycling.hutchinson.com\/es\/"},{"@type":"ListItem","position":2,"name":"Pol\u00edtica de privacidad y cookies"}]},{"@type":"WebSite","@id":"https:\/\/cycling.hutchinson.com\/#website","url":"https:\/\/cycling.hutchinson.com\/","name":"Hutchinson Cycling","description":"Ride Your Own Story - Hutchinson Cycling","potentialAction":[{"@type":"SearchAction","target":{"@type":"EntryPoint","urlTemplate":"https:\/\/cycling.hutchinson.com\/?s={search_term_string}"},"query-input":{"@type":"PropertyValueSpecification","valueRequired":true,"valueName":"search_term_string"}}],"inLanguage":"es-ES"}]}},"_links":{"self":[{"href":"https:\/\/cycling.hutchinson.com\/es\/wp-json\/wp\/v2\/pages\/4014\/"}],"collection":[{"href":"https:\/\/cycling.hutchinson.com\/es\/wp-json\/wp\/v2\/pages\/"}],"about":[{"href":"https:\/\/cycling.hutchinson.com\/es\/wp-json\/wp\/v2\/types\/page\/"}],"author":[{"embeddable":true,"href":"https:\/\/cycling.hutchinson.com\/es\/wp-json\/wp\/v2\/users\/5\/"}],"replies":[{"embeddable":true,"href":"https:\/\/cycling.hutchinson.com\/es\/wp-json\/wp\/v2\/comments\/?post=4014"}],"version-history":[{"count":9,"href":"https:\/\/cycling.hutchinson.com\/es\/wp-json\/wp\/v2\/pages\/4014\/revisions\/"}],"predecessor-version":[{"id":17815,"href":"https:\/\/cycling.hutchinson.com\/es\/wp-json\/wp\/v2\/pages\/4014\/revisions\/17815\/"}],"wp:attachment":[{"href":"https:\/\/cycling.hutchinson.com\/es\/wp-json\/wp\/v2\/media\/?parent=4014"}],"curies":[{"name":"wp","href":"https:\/\/api.w.org\/{rel}","templated":true}]}}