{"id":4003,"date":"2020-12-16T20:42:32","date_gmt":"2020-12-16T19:42:32","guid":{"rendered":"https:\/\/cycling.hutchinson.com\/?page_id=4003"},"modified":"2021-02-10T11:10:01","modified_gmt":"2021-02-10T10:10:01","slug":"preguntas-frecuentes","status":"publish","type":"page","link":"https:\/\/cycling.hutchinson.com\/es\/preguntas-frecuentes\/","title":{"rendered":"PREGUNTAS FRECUENTES"},"content":{"rendered":"<p><\/p>\n<h4>\u00bfPueden enviar pegatinas\/regalos de la marca?<\/h4>\n<p>No tenemos pegatinas o regalos para enviar, pero le invitamos a conocernos en los grandes eventos donde a veces tenemos regalos de Hutchinson para repartir.<\/p>\n<h4>Estoy buscando un patrocinio o una asociaci\u00f3n con Hutchinson. \u00bfCon qui\u00e9n debo ponerme en contacto?<\/h4>\n<p>Gracias por su inter\u00e9s en nuestra marca. Para solicitarlo, rellene el formulario de contacto (al final de la p\u00e1gina). Nos pondremos en contacto con usted lo antes posible si su expediente es aceptado.<\/p>\n<h4>\u00bfD\u00f3nde puedo comprar sus productos en tienda en Francia? \u00bfY en el extranjero u online?<\/h4>\n<p>Visite el Localizador de distribuidores para encontrar nuestros puntos de venta f\u00edsicos y en l\u00ednea.<\/p>\n<h4>He comprado una cubierta o accesorio defectuoso. Me encontr\u00e9 con un problema despu\u00e9s de usar mi cubierta o accesorio. \u00bfQu\u00e9 debo hacer?<\/h4>\n<p>Para poder aprovechar un cambio o un reembolso, o para cualquier otro problema relacionado con su compra, p\u00f3ngase en contacto con la tienda o el sitio web donde compr\u00f3 el producto. Podr\u00e1n establecer un proceso de servicio posventa. Los art\u00edculos defectuosos nos ser\u00e1n devueltos a trav\u00e9s de la tienda para que podamos analizar el problema y solucionarlo si es necesario. Nuestro equipo est\u00e1 limitado en lo que puede hacer, por lo que no tenemos los medios para procesar directamente las devoluciones del servicio posventa.<\/p>\n<h4>Y si mi tienda ya no existe \/ no responde \/ no est\u00e1 de acuerdo&#8230; \u00bfqu\u00e9 debo hacer?<\/h4>\n<p>Expl\u00edquenos el problema en vivo y veremos qu\u00e9 soluci\u00f3n podemos ofrecer o le daremos los datos de contacto de alguien que pueda ocuparse del problema.<\/p>\n<h4>\u00bfC\u00f3mo puedo leer las dimensiones de una cubierta?<\/h4>\n<p>Hay dos medidas principales para las dimensiones de las cubiertas: Las dimensiones normalizadas por la ETRTO se expresan en mil\u00edmetros (por ejemplo, 23-622 &#8211; ATOM COMP). Corresponden a la secci\u00f3n transversal, es decir, el ancho, luego el di\u00e1metro interno (aros) de la cubierta. Normalmente, las dimensiones se expresan en mil\u00edmetros (por ejemplo, 700&#215;23 &#8211; FUSI\u00d3N 5) o en pulgadas (por ejemplo, 29&#215;2.10 &#8211; COBRA), y corresponden al di\u00e1metro exterior (valor indicativo) y a la secci\u00f3n transversal de la cubierta. Para una mejor comprensi\u00f3n, Hutchinson muestra sistem\u00e1ticamente ambos valores.<\/p>\n<h4>\u00bfQu\u00e9 es ETRTO?<\/h4>\n<p>Hutchinson es miembro de pleno derecho de la Organizaci\u00f3n T\u00e9cnica Europea de Neum\u00e1ticos y Llantas, cuyo objetivo es estandarizar diferentes sistemas de medici\u00f3n para todos los neum\u00e1ticos. Para obtener m\u00e1s informaci\u00f3n, visite www.etrto.org<\/p>\n<h4>\u00bfCu\u00e1l es la diferencia entre una cubierta tubeless y una con c\u00e1mara?<\/h4>\n<p>Una cubierta tubular est\u00e1 equipada con una c\u00e1mara de aire, mientras que una tubeless no tiene c\u00e1mara de aire sino l\u00edquido para sellar. Una cubierta tubeless solo puede montarse en ruedas espec\u00edficas compatibles con el tubeless.<\/p>\n<h4>\u00bfPuedo montar mi cubierta tubeless en cualquier llanta?<\/h4>\n<p>Aunque es posible hacer algunos ajustes a medida, recomendamos que las cubiertas tubeless solo se instalen en llantas compatibles con tubeless o tubeless ready.<\/p>\n<h4>\u00bfQu\u00e9 necesito para colocar mi cubierta tubeless?<\/h4>\n<p>\u2022 una cubierta tubeless<br \/>\n\u2022 una llanta compatible con tubeless \/ tubeless ready<br \/>\n\u2022 un flap o cinta tubeless (no es necesario en algunas llantas)<br \/>\n\u2022 una v\u00e1lvula tubeless<br \/>\n\u2022 l\u00edquido preventivo tubeless<br \/>\naqu\u00ed se muestra un v\u00eddeo tutorial para el proceso de colocaci\u00f3n:<br \/>\nFR: <a href=\"https:\/\/www.youtube.com\/watch?v=0K8mcR1Lymo\" rel=\"noopener noreferrer\" target=\"_blank\">https:\/\/www.youtube.com\/watch?v=0K8mcR1Lymo<\/a><br \/>\nEN: <a href=\"https:\/\/www.youtube.com\/watch?v=EhhyFMIZtH4\" rel=\"noopener noreferrer\" target=\"_blank\">https:\/\/www.youtube.com\/watch?v=EhhyFMIZtH4<\/a><\/p>\n<h4>\u00bfCu\u00e1l es la diferencia entre Sideskin y Hardskin?<\/h4>\n<p>Sideskin es un refuerzo en los flancos de la cubierta, mientras Hardskin es un refuerzo de aro a aro. Como resultado, las cubiertas con refuerzo Hardskin son las m\u00e1s robustas de nuestras gamas.<\/p>\n<h4>\u00bfQu\u00e9 significan las letras RRXC o RREND en mi cubierta?<\/h4>\n<p>Se refieren a la goma usada en la cubierta. RR significa Race Ripost. Es una goma de tres capas que se fabrica en Francia. RRXC es espec\u00edfica para XC, RREND es espec\u00edfica para enduro y RR Gravity es espec\u00edfica para gravity.<\/p>\n<h4>\u00bfD\u00f3nde se producen las cubiertas Hutchinson?<\/h4>\n<p>Todav\u00eda tenemos nuestra planta de producci\u00f3n en Francia, en Chalette-sur-Loing, un emplazamiento legendario de Hutchinson. All\u00ed fabricamos todos los productos de la gama Racing Lab, cubiertas de MTB con refuerzo Hardskin o goma Race Ripost (RR), cubiertas de carretera para las gamas Fusion 5, Sector e Intensive 2, as\u00ed como Touareg y Overide tubeless ready para gravel.<br \/>\nEl resto de nuestros modelos se fabrican en Asia.<\/p>\n<h4>\u00bfHay cubiertas espec\u00edficas para mi e-bike?<\/h4>\n<p>S\u00ed, tenemos una completa gama espec\u00edfica para e-bikes con gomas y carcasas adaptadas a las exigencias espec\u00edficas de las e-bikes.<br \/>\nBicicletas de monta\u00f1a:<br \/>\n\u2022 Griffus EBIKE 27.5 x 2.50 y 29 x 2.50<br \/>\n\u2022 Taipan EBIKE 27.5 x 2.35 y 29 x 2.35<br \/>\n\u2022 Toro EBIKE 27.5 x 2.35 y 29 x 2.35<br \/>\n\u2022 Toro Koloss 27.5 x 2.80 y 27.5 x 2.60<br \/>\n\u2022 Taipan Koloss 27.5 x 2.80 y 27.5 x 2.60<br \/>\n\u2022 Gila Koloss 27.5 x 2.60<\/p>\n<p>Bicicletas de carretera:<br \/>\n\u2022 Sector EBIKE 700 x 32<\/p>\n<p>Trekking de ciudad:<br \/>\n\u2022 Haussmann EBIKE 700 x 47, 700 x 40, 27.5 x 1.75, 27.5 x 1.50 y 26 x 1.75<br \/>\n\u2022 Gotham EBIKE:700 x 37 y 26 x 1.70<\/p>\n<h4>\u00bfQu\u00e9 presiones recomiendan?<\/h4>\n<p>Ahora se puede descargar la aplicaci\u00f3n Hutchinson Connec\u2019tires en Apple o Android para obtener recomendaciones espec\u00edficas para su bicicleta y su estilo de conducci\u00f3n.<\/p>\n<h4>\u00bfQu\u00e9 es TPI?<\/h4>\n<p>La densidad de los hilos que componen la carcasa de una cubierta se mide en el n\u00famero de hilos por pulgada (1 pulgada = 2,54 cm). Una carcasa 33 TPI utiliza un tejido de baja densidad compuesto por hilos gruesos que proporcionan rigidez a la cubierta. Por el contrario, una carcasa de 127 TPI utiliza un tejido de alta densidad compuesto por hilos muy finos que proporcionan flexibilidad a la cubierta.<\/p>\n<h4>\u00bfCu\u00e1l es la dimensi\u00f3n &#8220;verdadera&#8221; de una Touareg en una llanta?<\/h4>\n<p>La Touareg mide 40 mm en una llanta de 23 mm, por lo que estar\u00e1 ligeramente por debajo de 40 mm en una llanta de 21 mm (aproximadamente 39,2).<br \/>\n\u00bfQu\u00e9 hay de la Fusi\u00f3n 5?<br \/>\nLa cubierta es de 25 mm en una llanta de 17 mm, as\u00ed que en una llanta interna de 19 mm la cubierta ser\u00e1 de alrededor de 26,5 mm.<\/p>\n<h4>\u00bfQu\u00e9 cubiertas recomiendan para una fixie?<\/h4>\n<p>Las Intensive 2 son perfectas para la fixie: tienen una larga duraci\u00f3n, por lo que son perfectas para los skids.<\/p>\n<h4>\u00bfEn qu\u00e9 direcci\u00f3n pongo mi cubierta? \u00bfExiste una direcci\u00f3n correcta de colocaci\u00f3n para cada modelo?<\/h4>\n<p>Hay una direcci\u00f3n de rotaci\u00f3n recomendada cuando la cubierta se monta en la rueda delantera y otra cuando se monta en la rueda trasera. La Cobra puede ser montada en cualquier direcci\u00f3n en la rueda delantera. En la direcci\u00f3n recomendada en la cubierta, se optimiza el agarre lateral, pero hay una ligera p\u00e9rdida de eficiencia; en la otra direcci\u00f3n, se optimiza tanto la eficiencia como el frenado.<br \/>\nEsta es una vieja pr\u00e1ctica que no se sigue a menudo hoy en d\u00eda. Ahora recomendamos ahora montar la cubierta en la misma direcci\u00f3n en la rueda delantera y trasera, en la direcci\u00f3n indicada para la rueda trasera.<\/p>\n<h4>Tengo una pregunta \/ necesito consejo y no puedo encontrar la respuesta en esta p\u00e1gina. \u00bfQu\u00e9 debo hacer?<\/h4>\n<p>Puede enviarnos un mensaje a trav\u00e9s del formulario de contacto de la parte inferior de esta p\u00e1gina o enviarnos un mensaje privado directamente en nuestra p\u00e1gina de Facebook <a href=\"https:\/\/www.facebook.com\/hutchinsoncycling\/\" target=\"_blank\" rel=\"noopener noreferrer\">@HutchinsonCycling<\/a>. Haremos todo lo posible para responderle lo antes posible.<\/p>\n","protected":false},"excerpt":{"rendered":"<p>\u00bfPueden enviar pegatinas\/regalos de la marca? No tenemos pegatinas o regalos para enviar, pero le invitamos a conocernos en los grandes eventos donde a veces tenemos regalos de Hutchinson para repartir. Estoy buscando un patrocinio o una asociaci\u00f3n con Hutchinson. \u00bfCon qui\u00e9n debo ponerme en contacto? Gracias por su inter\u00e9s en nuestra marca. Para solicitarlo, [&hellip;]<\/p>\n","protected":false},"author":5,"featured_media":0,"parent":0,"menu_order":0,"comment_status":"closed","ping_status":"closed","template":"","meta":{"inline_featured_image":false,"footnotes":""},"class_list":["post-4003","page","type-page","status-publish","hentry"],"yoast_head":"<!-- This site is optimized with the Yoast SEO plugin v26.1.1 - https:\/\/yoast.com\/wordpress\/plugins\/seo\/ -->\n<title>PREGUNTAS FRECUENTES - Hutchinson Cycling<\/title>\n<meta name=\"robots\" content=\"index, follow, max-snippet:-1, max-image-preview:large, max-video-preview:-1\" \/>\n<link rel=\"canonical\" href=\"https:\/\/cycling.hutchinson.com\/es\/preguntas-frecuentes\/\" \/>\n<meta property=\"og:locale\" content=\"es_ES\" \/>\n<meta property=\"og:type\" content=\"article\" \/>\n<meta property=\"og:title\" content=\"PREGUNTAS FRECUENTES - Hutchinson Cycling\" \/>\n<meta property=\"og:description\" content=\"\u00bfPueden enviar pegatinas\/regalos de la marca? No tenemos pegatinas o regalos para enviar, pero le invitamos a conocernos en los grandes eventos donde a veces tenemos regalos de Hutchinson para repartir. Estoy buscando un patrocinio o una asociaci\u00f3n con Hutchinson. \u00bfCon qui\u00e9n debo ponerme en contacto? Gracias por su inter\u00e9s en nuestra marca. Para solicitarlo, [&hellip;]\" \/>\n<meta property=\"og:url\" content=\"https:\/\/cycling.hutchinson.com\/es\/preguntas-frecuentes\/\" \/>\n<meta property=\"og:site_name\" content=\"Hutchinson Cycling\" \/>\n<meta property=\"article:modified_time\" content=\"2021-02-10T10:10:01+00:00\" \/>\n<meta name=\"twitter:card\" content=\"summary_large_image\" \/>\n<meta name=\"twitter:label1\" content=\"Est. reading time\" \/>\n\t<meta name=\"twitter:data1\" content=\"6 minutes\" \/>\n<script type=\"application\/ld+json\" class=\"yoast-schema-graph\">{\"@context\":\"https:\/\/schema.org\",\"@graph\":[{\"@type\":\"WebPage\",\"@id\":\"https:\/\/cycling.hutchinson.com\/es\/preguntas-frecuentes\/\",\"url\":\"https:\/\/cycling.hutchinson.com\/es\/preguntas-frecuentes\/\",\"name\":\"PREGUNTAS FRECUENTES - Hutchinson Cycling\",\"isPartOf\":{\"@id\":\"https:\/\/cycling.hutchinson.com\/#website\"},\"datePublished\":\"2020-12-16T19:42:32+00:00\",\"dateModified\":\"2021-02-10T10:10:01+00:00\",\"breadcrumb\":{\"@id\":\"https:\/\/cycling.hutchinson.com\/es\/preguntas-frecuentes\/#breadcrumb\"},\"inLanguage\":\"es-ES\",\"potentialAction\":[{\"@type\":\"ReadAction\",\"target\":[\"https:\/\/cycling.hutchinson.com\/es\/preguntas-frecuentes\/\"]}]},{\"@type\":\"BreadcrumbList\",\"@id\":\"https:\/\/cycling.hutchinson.com\/es\/preguntas-frecuentes\/#breadcrumb\",\"itemListElement\":[{\"@type\":\"ListItem\",\"position\":1,\"name\":\"Home\",\"item\":\"https:\/\/cycling.hutchinson.com\/es\/\"},{\"@type\":\"ListItem\",\"position\":2,\"name\":\"PREGUNTAS FRECUENTES\"}]},{\"@type\":\"WebSite\",\"@id\":\"https:\/\/cycling.hutchinson.com\/#website\",\"url\":\"https:\/\/cycling.hutchinson.com\/\",\"name\":\"Hutchinson Cycling\",\"description\":\"Ride Your Own Story - Hutchinson Cycling\",\"potentialAction\":[{\"@type\":\"SearchAction\",\"target\":{\"@type\":\"EntryPoint\",\"urlTemplate\":\"https:\/\/cycling.hutchinson.com\/?s={search_term_string}\"},\"query-input\":{\"@type\":\"PropertyValueSpecification\",\"valueRequired\":true,\"valueName\":\"search_term_string\"}}],\"inLanguage\":\"es-ES\"}]}<\/script>\n<!-- \/ Yoast SEO plugin. -->","yoast_head_json":{"title":"PREGUNTAS FRECUENTES - Hutchinson Cycling","robots":{"index":"index","follow":"follow","max-snippet":"max-snippet:-1","max-image-preview":"max-image-preview:large","max-video-preview":"max-video-preview:-1"},"canonical":"https:\/\/cycling.hutchinson.com\/es\/preguntas-frecuentes\/","og_locale":"es_ES","og_type":"article","og_title":"PREGUNTAS FRECUENTES - Hutchinson Cycling","og_description":"\u00bfPueden enviar pegatinas\/regalos de la marca? No tenemos pegatinas o regalos para enviar, pero le invitamos a conocernos en los grandes eventos donde a veces tenemos regalos de Hutchinson para repartir. Estoy buscando un patrocinio o una asociaci\u00f3n con Hutchinson. \u00bfCon qui\u00e9n debo ponerme en contacto? Gracias por su inter\u00e9s en nuestra marca. Para solicitarlo, [&hellip;]","og_url":"https:\/\/cycling.hutchinson.com\/es\/preguntas-frecuentes\/","og_site_name":"Hutchinson Cycling","article_modified_time":"2021-02-10T10:10:01+00:00","twitter_card":"summary_large_image","twitter_misc":{"Est. reading time":"6 minutes"},"schema":{"@context":"https:\/\/schema.org","@graph":[{"@type":"WebPage","@id":"https:\/\/cycling.hutchinson.com\/es\/preguntas-frecuentes\/","url":"https:\/\/cycling.hutchinson.com\/es\/preguntas-frecuentes\/","name":"PREGUNTAS FRECUENTES - Hutchinson Cycling","isPartOf":{"@id":"https:\/\/cycling.hutchinson.com\/#website"},"datePublished":"2020-12-16T19:42:32+00:00","dateModified":"2021-02-10T10:10:01+00:00","breadcrumb":{"@id":"https:\/\/cycling.hutchinson.com\/es\/preguntas-frecuentes\/#breadcrumb"},"inLanguage":"es-ES","potentialAction":[{"@type":"ReadAction","target":["https:\/\/cycling.hutchinson.com\/es\/preguntas-frecuentes\/"]}]},{"@type":"BreadcrumbList","@id":"https:\/\/cycling.hutchinson.com\/es\/preguntas-frecuentes\/#breadcrumb","itemListElement":[{"@type":"ListItem","position":1,"name":"Home","item":"https:\/\/cycling.hutchinson.com\/es\/"},{"@type":"ListItem","position":2,"name":"PREGUNTAS FRECUENTES"}]},{"@type":"WebSite","@id":"https:\/\/cycling.hutchinson.com\/#website","url":"https:\/\/cycling.hutchinson.com\/","name":"Hutchinson Cycling","description":"Ride Your Own Story - Hutchinson Cycling","potentialAction":[{"@type":"SearchAction","target":{"@type":"EntryPoint","urlTemplate":"https:\/\/cycling.hutchinson.com\/?s={search_term_string}"},"query-input":{"@type":"PropertyValueSpecification","valueRequired":true,"valueName":"search_term_string"}}],"inLanguage":"es-ES"}]}},"_links":{"self":[{"href":"https:\/\/cycling.hutchinson.com\/es\/wp-json\/wp\/v2\/pages\/4003\/"}],"collection":[{"href":"https:\/\/cycling.hutchinson.com\/es\/wp-json\/wp\/v2\/pages\/"}],"about":[{"href":"https:\/\/cycling.hutchinson.com\/es\/wp-json\/wp\/v2\/types\/page\/"}],"author":[{"embeddable":true,"href":"https:\/\/cycling.hutchinson.com\/es\/wp-json\/wp\/v2\/users\/5\/"}],"replies":[{"embeddable":true,"href":"https:\/\/cycling.hutchinson.com\/es\/wp-json\/wp\/v2\/comments\/?post=4003"}],"version-history":[{"count":6,"href":"https:\/\/cycling.hutchinson.com\/es\/wp-json\/wp\/v2\/pages\/4003\/revisions\/"}],"predecessor-version":[{"id":9220,"href":"https:\/\/cycling.hutchinson.com\/es\/wp-json\/wp\/v2\/pages\/4003\/revisions\/9220\/"}],"wp:attachment":[{"href":"https:\/\/cycling.hutchinson.com\/es\/wp-json\/wp\/v2\/media\/?parent=4003"}],"curies":[{"name":"wp","href":"https:\/\/api.w.org\/{rel}","templated":true}]}}