{"id":3980,"date":"2020-11-27T06:39:45","date_gmt":"2020-11-27T05:39:45","guid":{"rendered":"https:\/\/cycling.hutchinson.com\/?page_id=3980"},"modified":"2026-02-06T15:23:56","modified_gmt":"2026-02-06T14:23:56","slug":"contacto","status":"publish","type":"page","link":"https:\/\/cycling.hutchinson.com\/es\/contacto\/","title":{"rendered":"Contacto"},"content":{"rendered":"<div style=\"background: white; padding: 15px 0px;\">\n<h5 style=\"text-align: center;\"><span style=\"font-size: 12pt;\"><strong>Estimados visitantes,\u00a0<\/strong><\/span><\/h5>\n<p style=\"text-align: center;\">Gracias por visitar el sitio web de Hutchinson Cycling y mostrar inter\u00e9s en nuestros productos y servicios. Realmente apreciamos su apoyo y entusiasmo por nuestra marca.<\/p>\n<p style=\"text-align: center;\">Mientras nos esforzamos por brindar la mejor experiencia posible a nuestros valiosos usuarios, nos hemos dado cuenta de que nuestro peque\u00f1o equipo actualmente no puede administrar el gran volumen de correos electr\u00f3nicos que recibimos a trav\u00e9s de nuestro formulario de contacto. Para continuar brindando un servicio de primer nivel y mantener una conexi\u00f3n personal con usted, hemos decidido eliminar temporalmente el formulario de contacto de nuestro sitio web.<\/p>\n<h5 style=\"text-align: center;\"><strong>\u00a1Pero no te preocupes! Todav\u00eda estamos aqu\u00ed para ayudarlo y responder cualquier pregunta que pueda tener. Para comunicarse con nosotros, con\u00e9ctese con nosotros en nuestras plataformas de redes sociales, donde estamos activos y listos para ayudar. Puede encontrarnos en <a href=\"https:\/\/www.instagram.com\/hutchinsoncycling\/\" target=\"_blank\" rel=\"noopener noreferrer\">Instagram<\/a> y <a href=\"https:\/\/www.facebook.com\/hutchinsoncycling\" target=\"_blank\" rel=\"noopener noreferrer\">Facebook<\/a> en <a href=\"https:\/\/www.instagram.com\/hutchinsoncycling\/\" target=\"_blank\" rel=\"noopener noreferrer\">@hutchinsoncycling<\/a>.<\/strong><\/h5>\n<p style=\"text-align: center;\"><img loading=\"lazy\" decoding=\"async\" class=\"alignnone wp-image-17739 size-full\" src=\"https:\/\/cycling.hutchinson.com\/wp-content\/uploads\/2026\/02\/hutchinson-contact-she-ride.jpg\" alt=\"Hutchinson contact\" width=\"800\" height=\"292\" srcset=\"https:\/\/cycling.hutchinson.com\/wp-content\/uploads\/2026\/02\/hutchinson-contact-she-ride.jpg 800w, https:\/\/cycling.hutchinson.com\/wp-content\/uploads\/2026\/02\/hutchinson-contact-she-ride-768x280.jpg 768w\" sizes=\"auto, (max-width: 800px) 100vw, 800px\" \/><\/p>\n<p style=\"text-align: center;\">Nuestro equipo est\u00e1 m\u00e1s que feliz de abordar sus inquietudes e interactuar con usted en estas plataformas. Creemos que a trav\u00e9s de la comunicaci\u00f3n directa en las redes sociales, podemos brindar una respuesta m\u00e1s eficiente y oportuna a sus consultas. Tambi\u00e9n nos permite crear una comunidad m\u00e1s s\u00f3lida en torno a nuestra marca, donde podemos compartir noticias interesantes, actualizaciones y contenido relacionado con el ciclismo.<\/p>\n<p style=\"text-align: center;\">Continuaremos evaluando nuestros recursos y esperamos reintroducir el formulario de contacto en el futuro cuando estemos mejor equipados para manejar los correos electr\u00f3nicos entrantes. Mientras tanto, gracias por su comprensi\u00f3n y apoyo continuo.<\/p>\n<p style=\"text-align: center;\">\u00a1Estamos ansiosos por conectarnos con usted en nuestros canales de redes sociales!<\/p>\n<p style=\"text-align: center;\"><strong>Si tiene alguna pregunta sobre las ventas, comun\u00edquese con : <a href=\"mailto:cycling.sales@hutchinson.com\">cycling.sales@hutchinson.com<\/a><\/strong><\/p>\n<p style=\"text-align: center;\">\u00a1Te deseamos buenos paseos en tu bici!<\/p>\n<h5 style=\"text-align: center;\"><strong>Hutchinson Cycling Team<\/strong><\/h5>\n<\/div>\n","protected":false},"excerpt":{"rendered":"<p>Estimados visitantes,\u00a0 Gracias por visitar el sitio web de Hutchinson Cycling y mostrar inter\u00e9s en nuestros productos y servicios. Realmente apreciamos su apoyo y entusiasmo por nuestra marca. Mientras nos esforzamos por brindar la mejor experiencia posible a nuestros valiosos usuarios, nos hemos dado cuenta de que nuestro peque\u00f1o equipo actualmente no puede administrar el [&hellip;]<\/p>\n","protected":false},"author":5,"featured_media":0,"parent":0,"menu_order":0,"comment_status":"closed","ping_status":"closed","template":"templates\/tpl-contact.php","meta":{"inline_featured_image":false,"footnotes":""},"class_list":["post-3980","page","type-page","status-publish","hentry"],"yoast_head":"<!-- This site is optimized with the Yoast SEO plugin v26.1.1 - https:\/\/yoast.com\/wordpress\/plugins\/seo\/ -->\n<title>Contacto - Hutchinson Cycling<\/title>\n<meta name=\"robots\" content=\"index, follow, max-snippet:-1, max-image-preview:large, max-video-preview:-1\" \/>\n<link rel=\"canonical\" href=\"https:\/\/cycling.hutchinson.com\/es\/contacto\/\" \/>\n<meta property=\"og:locale\" content=\"es_ES\" \/>\n<meta property=\"og:type\" content=\"article\" \/>\n<meta property=\"og:title\" content=\"Contacto - Hutchinson Cycling\" \/>\n<meta property=\"og:description\" content=\"Estimados visitantes,\u00a0 Gracias por visitar el sitio web de Hutchinson Cycling y mostrar inter\u00e9s en nuestros productos y servicios. Realmente apreciamos su apoyo y entusiasmo por nuestra marca. Mientras nos esforzamos por brindar la mejor experiencia posible a nuestros valiosos usuarios, nos hemos dado cuenta de que nuestro peque\u00f1o equipo actualmente no puede administrar el [&hellip;]\" \/>\n<meta property=\"og:url\" content=\"https:\/\/cycling.hutchinson.com\/es\/contacto\/\" \/>\n<meta property=\"og:site_name\" content=\"Hutchinson Cycling\" \/>\n<meta property=\"article:modified_time\" content=\"2026-02-06T14:23:56+00:00\" \/>\n<meta property=\"og:image\" content=\"https:\/\/cycling.hutchinson.com\/wp-content\/uploads\/2026\/02\/hutchinson-contact-she-ride.jpg\" \/>\n\t<meta property=\"og:image:width\" content=\"800\" \/>\n\t<meta property=\"og:image:height\" content=\"292\" \/>\n\t<meta property=\"og:image:type\" content=\"image\/jpeg\" \/>\n<meta name=\"twitter:card\" content=\"summary_large_image\" \/>\n<meta name=\"twitter:label1\" content=\"Est. reading time\" \/>\n\t<meta name=\"twitter:data1\" content=\"2 minutes\" \/>\n<script type=\"application\/ld+json\" class=\"yoast-schema-graph\">{\"@context\":\"https:\/\/schema.org\",\"@graph\":[{\"@type\":\"WebPage\",\"@id\":\"https:\/\/cycling.hutchinson.com\/es\/contacto\/\",\"url\":\"https:\/\/cycling.hutchinson.com\/es\/contacto\/\",\"name\":\"Contacto - Hutchinson Cycling\",\"isPartOf\":{\"@id\":\"https:\/\/cycling.hutchinson.com\/#website\"},\"primaryImageOfPage\":{\"@id\":\"https:\/\/cycling.hutchinson.com\/es\/contacto\/#primaryimage\"},\"image\":{\"@id\":\"https:\/\/cycling.hutchinson.com\/es\/contacto\/#primaryimage\"},\"thumbnailUrl\":\"https:\/\/cycling.hutchinson.com\/wp-content\/uploads\/2026\/02\/hutchinson-contact-she-ride.jpg\",\"datePublished\":\"2020-11-27T05:39:45+00:00\",\"dateModified\":\"2026-02-06T14:23:56+00:00\",\"breadcrumb\":{\"@id\":\"https:\/\/cycling.hutchinson.com\/es\/contacto\/#breadcrumb\"},\"inLanguage\":\"es-ES\",\"potentialAction\":[{\"@type\":\"ReadAction\",\"target\":[\"https:\/\/cycling.hutchinson.com\/es\/contacto\/\"]}]},{\"@type\":\"ImageObject\",\"inLanguage\":\"es-ES\",\"@id\":\"https:\/\/cycling.hutchinson.com\/es\/contacto\/#primaryimage\",\"url\":\"https:\/\/cycling.hutchinson.com\/wp-content\/uploads\/2026\/02\/hutchinson-contact-she-ride.jpg\",\"contentUrl\":\"https:\/\/cycling.hutchinson.com\/wp-content\/uploads\/2026\/02\/hutchinson-contact-she-ride.jpg\"},{\"@type\":\"BreadcrumbList\",\"@id\":\"https:\/\/cycling.hutchinson.com\/es\/contacto\/#breadcrumb\",\"itemListElement\":[{\"@type\":\"ListItem\",\"position\":1,\"name\":\"Home\",\"item\":\"https:\/\/cycling.hutchinson.com\/es\/\"},{\"@type\":\"ListItem\",\"position\":2,\"name\":\"Contacto\"}]},{\"@type\":\"WebSite\",\"@id\":\"https:\/\/cycling.hutchinson.com\/#website\",\"url\":\"https:\/\/cycling.hutchinson.com\/\",\"name\":\"Hutchinson Cycling\",\"description\":\"Ride Your Own Story - Hutchinson Cycling\",\"potentialAction\":[{\"@type\":\"SearchAction\",\"target\":{\"@type\":\"EntryPoint\",\"urlTemplate\":\"https:\/\/cycling.hutchinson.com\/?s={search_term_string}\"},\"query-input\":{\"@type\":\"PropertyValueSpecification\",\"valueRequired\":true,\"valueName\":\"search_term_string\"}}],\"inLanguage\":\"es-ES\"}]}<\/script>\n<!-- \/ Yoast SEO plugin. -->","yoast_head_json":{"title":"Contacto - Hutchinson Cycling","robots":{"index":"index","follow":"follow","max-snippet":"max-snippet:-1","max-image-preview":"max-image-preview:large","max-video-preview":"max-video-preview:-1"},"canonical":"https:\/\/cycling.hutchinson.com\/es\/contacto\/","og_locale":"es_ES","og_type":"article","og_title":"Contacto - Hutchinson Cycling","og_description":"Estimados visitantes,\u00a0 Gracias por visitar el sitio web de Hutchinson Cycling y mostrar inter\u00e9s en nuestros productos y servicios. Realmente apreciamos su apoyo y entusiasmo por nuestra marca. Mientras nos esforzamos por brindar la mejor experiencia posible a nuestros valiosos usuarios, nos hemos dado cuenta de que nuestro peque\u00f1o equipo actualmente no puede administrar el [&hellip;]","og_url":"https:\/\/cycling.hutchinson.com\/es\/contacto\/","og_site_name":"Hutchinson Cycling","article_modified_time":"2026-02-06T14:23:56+00:00","og_image":[{"width":800,"height":292,"url":"https:\/\/cycling.hutchinson.com\/wp-content\/uploads\/2026\/02\/hutchinson-contact-she-ride.jpg","type":"image\/jpeg"}],"twitter_card":"summary_large_image","twitter_misc":{"Est. reading time":"2 minutes"},"schema":{"@context":"https:\/\/schema.org","@graph":[{"@type":"WebPage","@id":"https:\/\/cycling.hutchinson.com\/es\/contacto\/","url":"https:\/\/cycling.hutchinson.com\/es\/contacto\/","name":"Contacto - Hutchinson Cycling","isPartOf":{"@id":"https:\/\/cycling.hutchinson.com\/#website"},"primaryImageOfPage":{"@id":"https:\/\/cycling.hutchinson.com\/es\/contacto\/#primaryimage"},"image":{"@id":"https:\/\/cycling.hutchinson.com\/es\/contacto\/#primaryimage"},"thumbnailUrl":"https:\/\/cycling.hutchinson.com\/wp-content\/uploads\/2026\/02\/hutchinson-contact-she-ride.jpg","datePublished":"2020-11-27T05:39:45+00:00","dateModified":"2026-02-06T14:23:56+00:00","breadcrumb":{"@id":"https:\/\/cycling.hutchinson.com\/es\/contacto\/#breadcrumb"},"inLanguage":"es-ES","potentialAction":[{"@type":"ReadAction","target":["https:\/\/cycling.hutchinson.com\/es\/contacto\/"]}]},{"@type":"ImageObject","inLanguage":"es-ES","@id":"https:\/\/cycling.hutchinson.com\/es\/contacto\/#primaryimage","url":"https:\/\/cycling.hutchinson.com\/wp-content\/uploads\/2026\/02\/hutchinson-contact-she-ride.jpg","contentUrl":"https:\/\/cycling.hutchinson.com\/wp-content\/uploads\/2026\/02\/hutchinson-contact-she-ride.jpg"},{"@type":"BreadcrumbList","@id":"https:\/\/cycling.hutchinson.com\/es\/contacto\/#breadcrumb","itemListElement":[{"@type":"ListItem","position":1,"name":"Home","item":"https:\/\/cycling.hutchinson.com\/es\/"},{"@type":"ListItem","position":2,"name":"Contacto"}]},{"@type":"WebSite","@id":"https:\/\/cycling.hutchinson.com\/#website","url":"https:\/\/cycling.hutchinson.com\/","name":"Hutchinson Cycling","description":"Ride Your Own Story - Hutchinson Cycling","potentialAction":[{"@type":"SearchAction","target":{"@type":"EntryPoint","urlTemplate":"https:\/\/cycling.hutchinson.com\/?s={search_term_string}"},"query-input":{"@type":"PropertyValueSpecification","valueRequired":true,"valueName":"search_term_string"}}],"inLanguage":"es-ES"}]}},"_links":{"self":[{"href":"https:\/\/cycling.hutchinson.com\/es\/wp-json\/wp\/v2\/pages\/3980\/"}],"collection":[{"href":"https:\/\/cycling.hutchinson.com\/es\/wp-json\/wp\/v2\/pages\/"}],"about":[{"href":"https:\/\/cycling.hutchinson.com\/es\/wp-json\/wp\/v2\/types\/page\/"}],"author":[{"embeddable":true,"href":"https:\/\/cycling.hutchinson.com\/es\/wp-json\/wp\/v2\/users\/5\/"}],"replies":[{"embeddable":true,"href":"https:\/\/cycling.hutchinson.com\/es\/wp-json\/wp\/v2\/comments\/?post=3980"}],"version-history":[{"count":7,"href":"https:\/\/cycling.hutchinson.com\/es\/wp-json\/wp\/v2\/pages\/3980\/revisions\/"}],"predecessor-version":[{"id":17744,"href":"https:\/\/cycling.hutchinson.com\/es\/wp-json\/wp\/v2\/pages\/3980\/revisions\/17744\/"}],"wp:attachment":[{"href":"https:\/\/cycling.hutchinson.com\/es\/wp-json\/wp\/v2\/media\/?parent=3980"}],"curies":[{"name":"wp","href":"https:\/\/api.w.org\/{rel}","templated":true}]}}