{"id":16731,"date":"2025-03-07T08:06:27","date_gmt":"2025-03-07T07:06:27","guid":{"rendered":"https:\/\/cycling.hutchinson.com\/?page_id=16731"},"modified":"2026-02-10T15:14:01","modified_gmt":"2026-02-10T14:14:01","slug":"mach-tread-ultimate","status":"publish","type":"page","link":"https:\/\/cycling.hutchinson.com\/es\/tecnologia\/mach-tread-ultimate\/","title":{"rendered":"Mach Tread Ultimate"},"content":{"rendered":"","protected":false},"excerpt":{"rendered":"","protected":false},"author":5,"featured_media":16706,"parent":4029,"menu_order":0,"comment_status":"closed","ping_status":"closed","template":"templates\/tpl-technology.php","meta":{"inline_featured_image":false,"footnotes":""},"class_list":["post-16731","page","type-page","status-publish","has-post-thumbnail","hentry"],"yoast_head":"<!-- This site is optimized with the Yoast SEO plugin v26.1.1 - https:\/\/yoast.com\/wordpress\/plugins\/seo\/ -->\n<title>Mach Tread Ultimate - Hutchinson Cycling<\/title>\n<meta name=\"description\" content=\"Descubre el Mach Tread Ultimate, el compuesto m\u00e1s r\u00e1pido de Hutchinson, dise\u00f1ado para carreras de carretera de \u00e9lite y contrarreloj.\" \/>\n<meta name=\"robots\" content=\"index, follow, max-snippet:-1, max-image-preview:large, max-video-preview:-1\" \/>\n<link rel=\"canonical\" href=\"https:\/\/cycling.hutchinson.com\/es\/tecnologia\/mach-tread-ultimate\/\" \/>\n<meta property=\"og:locale\" content=\"es_ES\" \/>\n<meta property=\"og:type\" content=\"article\" \/>\n<meta property=\"og:title\" content=\"Mach Tread Ultimate - Hutchinson Cycling\" \/>\n<meta property=\"og:description\" content=\"Descubre el Mach Tread Ultimate, el compuesto m\u00e1s r\u00e1pido de Hutchinson, dise\u00f1ado para carreras de carretera de \u00e9lite y contrarreloj.\" \/>\n<meta property=\"og:url\" content=\"https:\/\/cycling.hutchinson.com\/es\/tecnologia\/mach-tread-ultimate\/\" \/>\n<meta property=\"og:site_name\" content=\"Hutchinson Cycling\" \/>\n<meta property=\"article:modified_time\" content=\"2026-02-10T14:14:01+00:00\" \/>\n<meta property=\"og:image\" content=\"https:\/\/cycling.hutchinson.com\/wp-content\/uploads\/2025\/03\/hutchinson-mach-tread-ultimate-5-1.jpg\" \/>\n\t<meta property=\"og:image:width\" content=\"720\" \/>\n\t<meta property=\"og:image:height\" content=\"540\" \/>\n\t<meta property=\"og:image:type\" content=\"image\/jpeg\" \/>\n<meta name=\"twitter:card\" content=\"summary_large_image\" \/>\n<meta name=\"twitter:label1\" content=\"Est. reading time\" \/>\n\t<meta name=\"twitter:data1\" content=\"1 minute\" \/>\n<script type=\"application\/ld+json\" class=\"yoast-schema-graph\">{\"@context\":\"https:\/\/schema.org\",\"@graph\":[{\"@type\":\"WebPage\",\"@id\":\"https:\/\/cycling.hutchinson.com\/es\/tecnologia\/mach-tread-ultimate\/\",\"url\":\"https:\/\/cycling.hutchinson.com\/es\/tecnologia\/mach-tread-ultimate\/\",\"name\":\"Mach Tread Ultimate - Hutchinson Cycling\",\"isPartOf\":{\"@id\":\"https:\/\/cycling.hutchinson.com\/#website\"},\"primaryImageOfPage\":{\"@id\":\"https:\/\/cycling.hutchinson.com\/es\/tecnologia\/mach-tread-ultimate\/#primaryimage\"},\"image\":{\"@id\":\"https:\/\/cycling.hutchinson.com\/es\/tecnologia\/mach-tread-ultimate\/#primaryimage\"},\"thumbnailUrl\":\"https:\/\/cycling.hutchinson.com\/wp-content\/uploads\/2025\/03\/hutchinson-mach-tread-ultimate-5-1.jpg\",\"datePublished\":\"2025-03-07T07:06:27+00:00\",\"dateModified\":\"2026-02-10T14:14:01+00:00\",\"description\":\"Descubre el Mach Tread Ultimate, el compuesto m\u00e1s r\u00e1pido de Hutchinson, dise\u00f1ado para carreras de carretera de \u00e9lite y contrarreloj.\",\"breadcrumb\":{\"@id\":\"https:\/\/cycling.hutchinson.com\/es\/tecnologia\/mach-tread-ultimate\/#breadcrumb\"},\"inLanguage\":\"es-ES\",\"potentialAction\":[{\"@type\":\"ReadAction\",\"target\":[\"https:\/\/cycling.hutchinson.com\/es\/tecnologia\/mach-tread-ultimate\/\"]}]},{\"@type\":\"ImageObject\",\"inLanguage\":\"es-ES\",\"@id\":\"https:\/\/cycling.hutchinson.com\/es\/tecnologia\/mach-tread-ultimate\/#primaryimage\",\"url\":\"https:\/\/cycling.hutchinson.com\/wp-content\/uploads\/2025\/03\/hutchinson-mach-tread-ultimate-5-1.jpg\",\"contentUrl\":\"https:\/\/cycling.hutchinson.com\/wp-content\/uploads\/2025\/03\/hutchinson-mach-tread-ultimate-5-1.jpg\",\"width\":720,\"height\":540},{\"@type\":\"BreadcrumbList\",\"@id\":\"https:\/\/cycling.hutchinson.com\/es\/tecnologia\/mach-tread-ultimate\/#breadcrumb\",\"itemListElement\":[{\"@type\":\"ListItem\",\"position\":1,\"name\":\"Home\",\"item\":\"https:\/\/cycling.hutchinson.com\/es\/\"},{\"@type\":\"ListItem\",\"position\":2,\"name\":\"Tecnolog\u00eda\",\"item\":\"https:\/\/cycling.hutchinson.com\/es\/tecnologia\/\"},{\"@type\":\"ListItem\",\"position\":3,\"name\":\"Mach Tread Ultimate\"}]},{\"@type\":\"WebSite\",\"@id\":\"https:\/\/cycling.hutchinson.com\/#website\",\"url\":\"https:\/\/cycling.hutchinson.com\/\",\"name\":\"Hutchinson Cycling\",\"description\":\"Ride Your Own Story - Hutchinson Cycling\",\"potentialAction\":[{\"@type\":\"SearchAction\",\"target\":{\"@type\":\"EntryPoint\",\"urlTemplate\":\"https:\/\/cycling.hutchinson.com\/?s={search_term_string}\"},\"query-input\":{\"@type\":\"PropertyValueSpecification\",\"valueRequired\":true,\"valueName\":\"search_term_string\"}}],\"inLanguage\":\"es-ES\"}]}<\/script>\n<!-- \/ Yoast SEO plugin. -->","yoast_head_json":{"title":"Mach Tread Ultimate - Hutchinson Cycling","description":"Descubre el Mach Tread Ultimate, el compuesto m\u00e1s r\u00e1pido de Hutchinson, dise\u00f1ado para carreras de carretera de \u00e9lite y contrarreloj.","robots":{"index":"index","follow":"follow","max-snippet":"max-snippet:-1","max-image-preview":"max-image-preview:large","max-video-preview":"max-video-preview:-1"},"canonical":"https:\/\/cycling.hutchinson.com\/es\/tecnologia\/mach-tread-ultimate\/","og_locale":"es_ES","og_type":"article","og_title":"Mach Tread Ultimate - Hutchinson Cycling","og_description":"Descubre el Mach Tread Ultimate, el compuesto m\u00e1s r\u00e1pido de Hutchinson, dise\u00f1ado para carreras de carretera de \u00e9lite y contrarreloj.","og_url":"https:\/\/cycling.hutchinson.com\/es\/tecnologia\/mach-tread-ultimate\/","og_site_name":"Hutchinson Cycling","article_modified_time":"2026-02-10T14:14:01+00:00","og_image":[{"width":720,"height":540,"url":"https:\/\/cycling.hutchinson.com\/wp-content\/uploads\/2025\/03\/hutchinson-mach-tread-ultimate-5-1.jpg","type":"image\/jpeg"}],"twitter_card":"summary_large_image","twitter_misc":{"Est. reading time":"1 minute"},"schema":{"@context":"https:\/\/schema.org","@graph":[{"@type":"WebPage","@id":"https:\/\/cycling.hutchinson.com\/es\/tecnologia\/mach-tread-ultimate\/","url":"https:\/\/cycling.hutchinson.com\/es\/tecnologia\/mach-tread-ultimate\/","name":"Mach Tread Ultimate - Hutchinson Cycling","isPartOf":{"@id":"https:\/\/cycling.hutchinson.com\/#website"},"primaryImageOfPage":{"@id":"https:\/\/cycling.hutchinson.com\/es\/tecnologia\/mach-tread-ultimate\/#primaryimage"},"image":{"@id":"https:\/\/cycling.hutchinson.com\/es\/tecnologia\/mach-tread-ultimate\/#primaryimage"},"thumbnailUrl":"https:\/\/cycling.hutchinson.com\/wp-content\/uploads\/2025\/03\/hutchinson-mach-tread-ultimate-5-1.jpg","datePublished":"2025-03-07T07:06:27+00:00","dateModified":"2026-02-10T14:14:01+00:00","description":"Descubre el Mach Tread Ultimate, el compuesto m\u00e1s r\u00e1pido de Hutchinson, dise\u00f1ado para carreras de carretera de \u00e9lite y contrarreloj.","breadcrumb":{"@id":"https:\/\/cycling.hutchinson.com\/es\/tecnologia\/mach-tread-ultimate\/#breadcrumb"},"inLanguage":"es-ES","potentialAction":[{"@type":"ReadAction","target":["https:\/\/cycling.hutchinson.com\/es\/tecnologia\/mach-tread-ultimate\/"]}]},{"@type":"ImageObject","inLanguage":"es-ES","@id":"https:\/\/cycling.hutchinson.com\/es\/tecnologia\/mach-tread-ultimate\/#primaryimage","url":"https:\/\/cycling.hutchinson.com\/wp-content\/uploads\/2025\/03\/hutchinson-mach-tread-ultimate-5-1.jpg","contentUrl":"https:\/\/cycling.hutchinson.com\/wp-content\/uploads\/2025\/03\/hutchinson-mach-tread-ultimate-5-1.jpg","width":720,"height":540},{"@type":"BreadcrumbList","@id":"https:\/\/cycling.hutchinson.com\/es\/tecnologia\/mach-tread-ultimate\/#breadcrumb","itemListElement":[{"@type":"ListItem","position":1,"name":"Home","item":"https:\/\/cycling.hutchinson.com\/es\/"},{"@type":"ListItem","position":2,"name":"Tecnolog\u00eda","item":"https:\/\/cycling.hutchinson.com\/es\/tecnologia\/"},{"@type":"ListItem","position":3,"name":"Mach Tread Ultimate"}]},{"@type":"WebSite","@id":"https:\/\/cycling.hutchinson.com\/#website","url":"https:\/\/cycling.hutchinson.com\/","name":"Hutchinson Cycling","description":"Ride Your Own Story - Hutchinson Cycling","potentialAction":[{"@type":"SearchAction","target":{"@type":"EntryPoint","urlTemplate":"https:\/\/cycling.hutchinson.com\/?s={search_term_string}"},"query-input":{"@type":"PropertyValueSpecification","valueRequired":true,"valueName":"search_term_string"}}],"inLanguage":"es-ES"}]}},"_links":{"self":[{"href":"https:\/\/cycling.hutchinson.com\/es\/wp-json\/wp\/v2\/pages\/16731\/"}],"collection":[{"href":"https:\/\/cycling.hutchinson.com\/es\/wp-json\/wp\/v2\/pages\/"}],"about":[{"href":"https:\/\/cycling.hutchinson.com\/es\/wp-json\/wp\/v2\/types\/page\/"}],"author":[{"embeddable":true,"href":"https:\/\/cycling.hutchinson.com\/es\/wp-json\/wp\/v2\/users\/5\/"}],"replies":[{"embeddable":true,"href":"https:\/\/cycling.hutchinson.com\/es\/wp-json\/wp\/v2\/comments\/?post=16731"}],"version-history":[{"count":5,"href":"https:\/\/cycling.hutchinson.com\/es\/wp-json\/wp\/v2\/pages\/16731\/revisions\/"}],"predecessor-version":[{"id":17868,"href":"https:\/\/cycling.hutchinson.com\/es\/wp-json\/wp\/v2\/pages\/16731\/revisions\/17868\/"}],"up":[{"embeddable":true,"href":"https:\/\/cycling.hutchinson.com\/es\/wp-json\/wp\/v2\/pages\/4029\/"}],"wp:featuredmedia":[{"embeddable":true,"href":"https:\/\/cycling.hutchinson.com\/es\/wp-json\/wp\/v2\/media\/16706\/"}],"wp:attachment":[{"href":"https:\/\/cycling.hutchinson.com\/es\/wp-json\/wp\/v2\/media\/?parent=16731"}],"curies":[{"name":"wp","href":"https:\/\/api.w.org\/{rel}","templated":true}]}}